{"id":88291,"date":"2025-05-06T19:51:16","date_gmt":"2025-05-06T17:51:16","guid":{"rendered":"https:\/\/www.raschvin.com\/produkt\/fanoe-its-always-sunny-on-fanoe-ipa-50-cl-6\/"},"modified":"2025-05-06T19:51:16","modified_gmt":"2025-05-06T17:51:16","slug":"fanoe-its-always-sunny-on-fanoe-ipa-50-cl-6","status":"publish","type":"product","link":"https:\/\/www.raschvin.com\/en\/product\/fanoe-its-always-sunny-on-fanoe-ipa-50-cl-6\/","title":{"rendered":"Fan\u00f8 Its Always Sunny on Fan\u00f8  \u2013 IPA 50 cl. 6%"},"content":{"rendered":"<p>Fan\u00f8 It&#8217;s Always Sunny on Fan\u00f8 is a refreshing and fruity New England IPA from the Danish microbrewery Fan\u00f8 Bryghus. With an alcohol content of 6.0% and a low bitterness of 25 IBU, this beer offers a smooth and juicy taste experience, perfect for summer days.<\/p>\n<p>Brewed with hops such as Huell Melon, Amarillo, Citra, Galaxy, and Simcoe, it delivers clear notes of tropical fruits and citrus. The malt bill consists of pilsner malt, torrefied wheat, and regular wheat, contributing to the beer\u2019s fullness and slightly hazy appearance \u2013 classic for the style.<\/p>\n<p>Fan\u00f8 It&#8217;s Always Sunny on Fan\u00f8 is an ideal choice for those who enjoy hazy IPAs with plenty of fruity flavor and an easy-drinking character. It\u2019s a great example of Fan\u00f8 Bryghus\u2019 ability to combine solid craftsmanship with creative flavor, inspired by life and nature on the West Jutland island.<\/p>\n","protected":false},"excerpt":{"rendered":"<p>Fan\u00f8 Bryghus \u2013 Denmark<\/p>\n","protected":false},"featured_media":88333,"template":"","meta":{"_acf_changed":false,"rs_blank_template":"","rs_page_bg_color":"","slide_template_v7":""},"product_brand":[],"product_cat":[2803,2800,2814],"product_tag":[],"class_list":{"0":"post-88291","1":"product","2":"type-product","3":"status-publish","4":"has-post-thumbnail","6":"product_cat-ale-en","7":"product_cat-beer","8":"product_cat-ipa-en","9":"pa_champagne-type-ipa-en","10":"pa_land-denmark","11":"pa_procent-6-en","12":"pa_producent-fanoe-bryghus-en","13":"pa_region-fanoe-en","14":"pa_serveringstemperatur-8-10-en","15":"pa_volume-50-en","17":"first","18":"instock","19":"taxable","20":"shipping-taxable","21":"purchasable","22":"product-type-simple"},"bundled_by":[],"bundle_stock_status":"instock","bundle_stock_quantity":null,"bundle_virtual":false,"bundle_layout":"","bundle_add_to_cart_form_location":"","bundle_editable_in_cart":false,"bundle_sold_individually_context":"","bundle_item_grouping":"","bundle_min_size":"","bundle_max_size":"","bundle_price":[],"bundled_items":[],"bundle_sell_ids":[],"acf":[],"_links":{"self":[{"href":"https:\/\/www.raschvin.com\/en\/wp-json\/wp\/v2\/product\/88291","targetHints":{"allow":["GET"]}}],"collection":[{"href":"https:\/\/www.raschvin.com\/en\/wp-json\/wp\/v2\/product"}],"about":[{"href":"https:\/\/www.raschvin.com\/en\/wp-json\/wp\/v2\/types\/product"}],"wp:featuredmedia":[{"embeddable":true,"href":"https:\/\/www.raschvin.com\/en\/wp-json\/wp\/v2\/media\/88333"}],"wp:attachment":[{"href":"https:\/\/www.raschvin.com\/en\/wp-json\/wp\/v2\/media?parent=88291"}],"wp:term":[{"taxonomy":"product_brand","embeddable":true,"href":"https:\/\/www.raschvin.com\/en\/wp-json\/wp\/v2\/product_brand?post=88291"},{"taxonomy":"product_cat","embeddable":true,"href":"https:\/\/www.raschvin.com\/en\/wp-json\/wp\/v2\/product_cat?post=88291"},{"taxonomy":"product_tag","embeddable":true,"href":"https:\/\/www.raschvin.com\/en\/wp-json\/wp\/v2\/product_tag?post=88291"}],"curies":[{"name":"wp","href":"https:\/\/api.w.org\/{rel}","templated":true}]}}