{"id":87985,"date":"2025-05-01T07:39:58","date_gmt":"2025-05-01T05:39:58","guid":{"rendered":"https:\/\/www.raschvin.com\/produkt\/rambla-born-rose-eco-75-cl-2024\/"},"modified":"2026-02-03T14:12:23","modified_gmt":"2026-02-03T13:12:23","slug":"rambla-born-rose-eco-75-cl-2024","status":"publish","type":"product","link":"https:\/\/www.raschvin.com\/en\/product\/rambla-born-rose-eco-75-cl-2024\/","title":{"rendered":"Rambla Born Ros\u00e9 (ECO) 2024 75 cl."},"content":{"rendered":"<p>\ud83c\udf38 Rambla Born Ros\u00e9 2024 \u2013 Organic Ros\u00e9 with a Mediterranean Soul<br \/>\nRambla Born Ros\u00e9 2024 is an elegant and fresh ros\u00e9 wine from the Pened\u00e8s region in Spain, created by the all-female team at Born Ros\u00e9 Barcelona. The wine is made from 60% Garnacha (Grenache) and 40% Tempranillo, grown organically and fermented in stainless steel tanks to preserve the grapes&#8217; natural freshness and aroma.<\/p>\n<p>\ud83c\udf77 Tasting Notes<br \/>\nColor: Very pale ros\u00e9 with bluish reflections.<br \/>\nAroma: Fresh notes of citrus fruits like grapefruit and mandarin, tropical fruits such as pineapple and mango, and floral tones of jasmine, along with fresh herbs like thyme and mint.<br \/>\nTaste: Dry and fresh with good acidity that blends beautifully and leaves a long and persistent finish.<\/p>\n<p>\ud83c\udf7d\ufe0f Food Pairing<br \/>\nThis ros\u00e9 is perfect with Mediterranean dishes such as salads, grilled vegetables, blue fish, and seafood. It&#8217;s also ideal as an aperitif and pairs wonderfully with tapas and sushi.<\/p>\n<p>\ud83c\udfc5 Awards<\/p>\n<p>Silver Medal at Decanter World Wine Awards 2023<br \/>\nBronze Medal at The Drinks Business 2023<br \/>\nBronze Medal at The London Wine Competition 2023<br \/>\nRambla Born Ros\u00e9 2024 is more than just a wine \u2013 it\u2019s a lifestyle inspired by the vibrant spirit of Barcelona and the charm of the Mediterranean. Perfect for enjoying on the terrace, at the beach, or in good company.<\/p>\n<p>About Born Ros\u00e9<br \/>\nBorn Ros\u00e9 is a group of women from Barcelona who are deeply passionate about ros\u00e9 wine. So much so that they\u2019ve poured all their love, energy, and savings into the Born Ros\u00e9 project. All wines are 100% organic, light, fresh, dry, and low in alcohol.<\/p>\n<p>Born Ros\u00e9 hasn&#8217;t been on the market for many years but has already received multiple awards in its short lifetime.<\/p>\n","protected":false},"excerpt":{"rendered":"<p>Barcelona &#8211; Spain<\/p>\n","protected":false},"featured_media":88000,"template":"","meta":{"_acf_changed":false,"rs_blank_template":"","rs_page_bg_color":"","slide_template_v7":""},"product_brand":[],"product_cat":[2797,7778,2789],"product_tag":[],"class_list":{"0":"post-87985","1":"product","2":"type-product","3":"status-publish","4":"has-post-thumbnail","6":"product_cat-rosewine","7":"product_cat-summer-rose","8":"product_cat-wine","9":"pa_aargang-2024-en","10":"pa_drue-tempranillo-en","11":"pa_drue-black-grenache-en","12":"pa_land-spain","13":"pa_oekologisk-yes-en","14":"pa_procent-12-en","15":"pa_producent-born-rose-en","16":"pa_region-barcelona-en","17":"pa_serveringstemperatur-8-10-en","18":"pa_volume-75-en","20":"first","21":"instock","22":"taxable","23":"shipping-taxable","24":"purchasable","25":"product-type-simple"},"bundled_by":[],"bundle_stock_status":"instock","bundle_stock_quantity":null,"bundle_virtual":false,"bundle_layout":"","bundle_add_to_cart_form_location":"","bundle_editable_in_cart":false,"bundle_sold_individually_context":"","bundle_item_grouping":"","bundle_min_size":"","bundle_max_size":"","bundle_price":[],"bundled_items":[],"bundle_sell_ids":[],"acf":[],"_links":{"self":[{"href":"https:\/\/www.raschvin.com\/en\/wp-json\/wp\/v2\/product\/87985","targetHints":{"allow":["GET"]}}],"collection":[{"href":"https:\/\/www.raschvin.com\/en\/wp-json\/wp\/v2\/product"}],"about":[{"href":"https:\/\/www.raschvin.com\/en\/wp-json\/wp\/v2\/types\/product"}],"wp:featuredmedia":[{"embeddable":true,"href":"https:\/\/www.raschvin.com\/en\/wp-json\/wp\/v2\/media\/88000"}],"wp:attachment":[{"href":"https:\/\/www.raschvin.com\/en\/wp-json\/wp\/v2\/media?parent=87985"}],"wp:term":[{"taxonomy":"product_brand","embeddable":true,"href":"https:\/\/www.raschvin.com\/en\/wp-json\/wp\/v2\/product_brand?post=87985"},{"taxonomy":"product_cat","embeddable":true,"href":"https:\/\/www.raschvin.com\/en\/wp-json\/wp\/v2\/product_cat?post=87985"},{"taxonomy":"product_tag","embeddable":true,"href":"https:\/\/www.raschvin.com\/en\/wp-json\/wp\/v2\/product_tag?post=87985"}],"curies":[{"name":"wp","href":"https:\/\/api.w.org\/{rel}","templated":true}]}}