{"id":87744,"date":"2025-04-26T07:22:41","date_gmt":"2025-04-26T05:22:41","guid":{"rendered":"https:\/\/www.raschvin.com\/produkt\/moet-chandon-ice-imperial-rose-demi-sec-75-cl\/"},"modified":"2025-04-26T07:22:41","modified_gmt":"2025-04-26T05:22:41","slug":"moet-chandon-ice-imperial-rose-demi-sec-75-cl","status":"publish","type":"product","link":"https:\/\/www.raschvin.com\/en\/product\/moet-chandon-ice-imperial-rose-demi-sec-75-cl\/","title":{"rendered":"Mo\u00ebt &#038; Chandon Ice Imperial Ros\u00e9 Demi-Sec 75 cl."},"content":{"rendered":"<p>The champagne offers a sweet and fresh bouquet with notes of red berries, nuances of summer fruits such as figs and nectarines, and a hint of grenadine. The sweet berry flavor evolves and lightens in the glass, while a harmonious balance of fruitiness and freshness emerges. The taste finishes with a lively note of pink grapefruit.<\/p>\n<p>Mo\u00ebt &#038; Chandon ICE Imp\u00e9rial Ros\u00e9 is, contrary to tradition, meant to be served over ice \u2013 a bold break from the classic champagne experience. This refreshing ros\u00e9 champagne is the first and only ros\u00e9 specially crafted to be enjoyed over ice.<\/p>\n<p>Made from 45\u201355% Pinot Noir (of which 10% is red wine), 35\u201345% Pinot Meunier, and 10% Chardonnay.<\/p>\n<p>About Mo\u00ebt Hennessy<br \/>\nMo\u00ebt &#038; Chandon is perhaps the world\u2019s most renowned champagne producer, with a legacy spanning over 270 years. For more than a quarter of a millennium, their golden bubbles have delighted palates across the globe. The name itself radiates quality, success, and elegance like few others. It was Jean-Remy Mo\u00ebt, grandson of founder Claude Mo\u00ebt, who truly introduced the world to their champagne in the late 18th century. Influential figures and celebrities of the time \u2013 such as the Marquise de Pompadour, the infamous Talleyrand, and even Emperor Napoleon himself \u2013 all fell for the house\u2019s champagne. With endorsements like that, it\u2019s no wonder Mo\u00ebt &#038; Chandon has become virtually synonymous with excellence.<\/p>\n","protected":false},"excerpt":{"rendered":"<p>Classic Champgane de France<\/p>\n","protected":false},"featured_media":87733,"template":"","meta":{"_acf_changed":false,"rs_blank_template":"","rs_page_bg_color":"","slide_template_v7":""},"product_brand":[],"product_cat":[2746,2744],"product_tag":[],"class_list":{"0":"post-87744","1":"product","2":"type-product","3":"status-publish","4":"has-post-thumbnail","6":"product_cat-non-vintage-en","7":"product_cat-champagne-en","8":"pa_drue-chardonnay-en","9":"pa_drue-pinot-meunier-en","10":"pa_drue-pinot-noir-en","11":"pa_land-france","12":"pa_procent-12-en","13":"pa_producent-moet-hennessy-en","14":"pa_region-champagne-en","15":"pa_serveringstemperatur-8-10-en","16":"pa_vintage-none-vintage-nv-en","17":"pa_volume-75-en","19":"first","20":"instock","21":"taxable","22":"shipping-taxable","23":"purchasable","24":"product-type-simple"},"bundled_by":[],"bundle_stock_status":"instock","bundle_stock_quantity":null,"bundle_virtual":false,"bundle_layout":"","bundle_add_to_cart_form_location":"","bundle_editable_in_cart":false,"bundle_sold_individually_context":"","bundle_item_grouping":"","bundle_min_size":"","bundle_max_size":"","bundle_price":[],"bundled_items":[],"bundle_sell_ids":[],"acf":[],"_links":{"self":[{"href":"https:\/\/www.raschvin.com\/en\/wp-json\/wp\/v2\/product\/87744","targetHints":{"allow":["GET"]}}],"collection":[{"href":"https:\/\/www.raschvin.com\/en\/wp-json\/wp\/v2\/product"}],"about":[{"href":"https:\/\/www.raschvin.com\/en\/wp-json\/wp\/v2\/types\/product"}],"wp:featuredmedia":[{"embeddable":true,"href":"https:\/\/www.raschvin.com\/en\/wp-json\/wp\/v2\/media\/87733"}],"wp:attachment":[{"href":"https:\/\/www.raschvin.com\/en\/wp-json\/wp\/v2\/media?parent=87744"}],"wp:term":[{"taxonomy":"product_brand","embeddable":true,"href":"https:\/\/www.raschvin.com\/en\/wp-json\/wp\/v2\/product_brand?post=87744"},{"taxonomy":"product_cat","embeddable":true,"href":"https:\/\/www.raschvin.com\/en\/wp-json\/wp\/v2\/product_cat?post=87744"},{"taxonomy":"product_tag","embeddable":true,"href":"https:\/\/www.raschvin.com\/en\/wp-json\/wp\/v2\/product_tag?post=87744"}],"curies":[{"name":"wp","href":"https:\/\/api.w.org\/{rel}","templated":true}]}}