{"id":85507,"date":"2025-03-25T09:56:26","date_gmt":"2025-03-25T08:56:26","guid":{"rendered":"https:\/\/www.raschvin.com\/produkt\/ron-anejo-carupano-xo-antique-reserves-70-cl-40\/"},"modified":"2025-03-25T09:56:26","modified_gmt":"2025-03-25T08:56:26","slug":"ron-anejo-carupano-xo-antique-reserves-70-cl-40","status":"publish","type":"product","link":"https:\/\/www.raschvin.com\/en\/product\/ron-anejo-carupano-xo-antique-reserves-70-cl-40\/","title":{"rendered":"Ron A\u00f1ejo Carupano XO Antique Reserves 70 cl. 40%"},"content":{"rendered":"<p>Car\u00fapano XO is part of Car\u00fapano\u2019s Prestige Collection. This rum comes from the ancient &#8220;family reserves&#8221; and is bottled in a limited quantity\u2014only 2,000 bottles per year, presented in an elegant decanter with a matching box. A refined and luxurious rum.<\/p>\n<p>Color: Dark amber with copper hues.<br \/>\nAroma: Notes of caramel, brioche, walnuts, and aged cigar boxes.<br \/>\nTasting Notes: Full-bodied and rich, with many of the same notes as in the aroma, followed by a finish of coffee and coconut.<\/p>\n<p>Serving Recommendation: Best enjoyed neat.<\/p>\n","protected":false},"excerpt":{"rendered":"<p>Venezuela Premium Aged Rum<\/p>\n","protected":false},"featured_media":85556,"template":"","meta":{"_acf_changed":false,"rs_blank_template":"","rs_page_bg_color":"","slide_template_v7":""},"product_brand":[],"product_cat":[983,4633,989],"product_tag":[],"class_list":{"0":"post-85507","1":"product","2":"type-product","3":"status-publish","4":"has-post-thumbnail","6":"product_cat-avec-en","7":"product_cat-premium-aged-en","8":"product_cat-rom-en","9":"pa_land-venezuela-en","10":"pa_procent-40-en-2","11":"pa_producent-destileria-carupano-en","12":"pa_volume-70-en-2","14":"first","15":"instock","16":"taxable","17":"shipping-taxable","18":"purchasable","19":"product-type-simple"},"bundled_by":[],"bundle_stock_status":"instock","bundle_stock_quantity":null,"bundle_virtual":false,"bundle_layout":"","bundle_add_to_cart_form_location":"","bundle_editable_in_cart":false,"bundle_sold_individually_context":"","bundle_item_grouping":"","bundle_min_size":"","bundle_max_size":"","bundle_price":[],"bundled_items":[],"bundle_sell_ids":[],"acf":[],"_links":{"self":[{"href":"https:\/\/www.raschvin.com\/en\/wp-json\/wp\/v2\/product\/85507","targetHints":{"allow":["GET"]}}],"collection":[{"href":"https:\/\/www.raschvin.com\/en\/wp-json\/wp\/v2\/product"}],"about":[{"href":"https:\/\/www.raschvin.com\/en\/wp-json\/wp\/v2\/types\/product"}],"wp:featuredmedia":[{"embeddable":true,"href":"https:\/\/www.raschvin.com\/en\/wp-json\/wp\/v2\/media\/85556"}],"wp:attachment":[{"href":"https:\/\/www.raschvin.com\/en\/wp-json\/wp\/v2\/media?parent=85507"}],"wp:term":[{"taxonomy":"product_brand","embeddable":true,"href":"https:\/\/www.raschvin.com\/en\/wp-json\/wp\/v2\/product_brand?post=85507"},{"taxonomy":"product_cat","embeddable":true,"href":"https:\/\/www.raschvin.com\/en\/wp-json\/wp\/v2\/product_cat?post=85507"},{"taxonomy":"product_tag","embeddable":true,"href":"https:\/\/www.raschvin.com\/en\/wp-json\/wp\/v2\/product_tag?post=85507"}],"curies":[{"name":"wp","href":"https:\/\/api.w.org\/{rel}","templated":true}]}}