{"id":83275,"date":"2025-02-26T15:25:47","date_gmt":"2025-02-26T14:25:47","guid":{"rendered":"https:\/\/www.raschvin.com\/produkt\/errazuriz-max-reserva-chardonnay-2022-75-cl\/"},"modified":"2025-02-26T15:25:47","modified_gmt":"2025-02-26T14:25:47","slug":"errazuriz-max-reserva-chardonnay-2022-75-cl","status":"publish","type":"product","link":"https:\/\/www.raschvin.com\/en\/product\/errazuriz-max-reserva-chardonnay-2022-75-cl\/","title":{"rendered":"Errazuriz MAX \u2013 Reserva Chardonnay 2022 75 cl."},"content":{"rendered":"<p>he Estate wines are created in honor of Vi\u00f1a Err\u00e1zuriz&#8217;s vineyard, which has been home to the winery\u2019s history for six generations. The Reserve wines reflect the unique character of each grape variety.<\/p>\n<p>Max Reserve Chardonnay is aged for six months in French oak barrels, and stands out for its freshness, fruity character, and excellent balance.<\/p>\n<p>Delightfully fresh and expressive with fruity notes. Beautiful texture, fullness, and depth. Truly a lovely, juicy, and summery wine with vibrant acidity.<\/p>\n<p>Aged for six months in French oak barrels.<\/p>\n<p>91 POINT<br \/>\nWineWherEver<br \/>\n&#8220;CHARDONNAY WITH WIDE SHOULDERS&#8221;<br \/>\nA full-bodied and rich Chardonnay that still retains a good amount of acidity and freshness, making everything come together. Apples, green bananas, and yellow flowers set the tone. This is Chardonnay with broad shoulders.<\/p>\n<p>90 POINT<br \/>\nDecanter World Wine Awards<br \/>\nSilver Decanter World Wine Awards<br \/>\nPretty nose of lime and red apple rind, then on to a vibrant palate of nimble apple and subtle spice.<br \/>\nVinministeriet<\/p>\n<p>The nose reveals citrus, green apples, pears, tropical fruits, pineapple, and a hint of oak, but also a mineral fresh note. The palate is fruity and sweet with citrus, green apples, a mineral note, and good acidity. There are also hints of oak, but it is by no means dominant. A classic Chardonnay in a slightly cooler style. It has a pronounced fruitiness, is round and soft, yet with a delightful fresh acidity. A beautiful Chardonnay with great balance. Vi\u00f1a Err\u00e1zuriz is truly a master of producing wines in a fresh style from Aconcagua Valley in Chile!<\/p>\n<p>Vi\u00f1a Err\u00e1zuriz \u2013 perhaps South America&#8217;s best winery<br \/>\nSince 1870, Vi\u00f1a Err\u00e1zuriz has been a leader in Chilean wine production, founded by the visionary Don Maximiano Err\u00e1zuriz in the Aconcagua Valley. Here, family heritage, innovation, and sustainability come together to create wines that delight wine lovers around the world. While most Chilean vineyards were still located close to the country\u2019s capital, Santiago, Don Maximiano Err\u00e1zuriz looked further north. After traveling 100 km by horse over two days, he discovered the Aconcagua Valley. It was there he declared, &#8220;From the best soil, the best wine will come.&#8221; This message lives on more than 150 years later.<\/p>\n<p>In 2004, Chileans made history when Vi\u00f1a Err\u00e1zuriz, in a now-famous blind tasting, stood out in competition with the most prestigious wines from Italy and France. Don Maximiano Founder&#8217;s Reserve and KAI secured top placements. This milestone was followed by a series of 22 international tastings that demonstrated the consistency and outstanding quality of Chilean wines on the global stage.<\/p>\n<p>At Vi\u00f1a Err\u00e1zuriz, a wide array of grape varieties are cultivated, each carefully selected to express the unique terroir. From powerful Cabernet Sauvignon, elegant Pinot Noir, and full-bodied Shiraz to complex Malbec and the special Chilean signature grape Carmenere, their red wines represent exceptional depth and character.<\/p>\n<p>White wines such as fresh Sauvignon Blanc and harmonious Chardonnay showcase the winery\u2019s ability to bring both liveliness and finesse. This versatility has cemented Vi\u00f1a Err\u00e1zuriz as one of the world\u2019s most renowned wine producers.<\/p>\n<p>A Vision for the Future<br \/>\nToday, the vineyard is owned and led by Eduardo Chadwick, a passionate ambassador for Chilean wine, who has traveled the world for decades promoting Chilean wines as some of the best in the world. As the fifth generation, Eduardo Chadwick continues the family legacy with his four daughters \u2013 Magdalena, Mar\u00eda Jos\u00e9, Alejandra, and Mar\u00eda Eugenia \u2013 who represent the sixth generation. Together, the family works with a strong vision for the future, where sustainable development is the cornerstone of maintaining Vi\u00f1a Err\u00e1zuriz&#8217;s position as a global reference for quality and innovation.<\/p>\n","protected":false},"excerpt":{"rendered":"<p>Vina Errazuriz<\/p>\n","protected":false},"featured_media":83312,"template":"","meta":{"_acf_changed":false,"rs_blank_template":"","rs_page_bg_color":"","slide_template_v7":""},"product_brand":[],"product_cat":[2793,2789],"product_tag":[],"class_list":{"0":"post-83275","1":"product","2":"type-product","3":"status-publish","4":"has-post-thumbnail","6":"product_cat-white-wine","7":"product_cat-wine","8":"pa_aargang-2022-en","9":"pa_drue-chardonnay-en","10":"pa_land-chile-en","11":"pa_procent-13-en","12":"pa_producent-vina-errazuriz-en","13":"pa_region-aconcagua-costa-en","14":"pa_serveringstemperatur-10-12-en-2","15":"pa_volume-75-en","17":"first","18":"instock","19":"taxable","20":"shipping-taxable","21":"purchasable","22":"product-type-simple"},"bundled_by":[],"bundle_stock_status":"instock","bundle_stock_quantity":null,"bundle_virtual":false,"bundle_layout":"","bundle_add_to_cart_form_location":"","bundle_editable_in_cart":false,"bundle_sold_individually_context":"","bundle_item_grouping":"","bundle_min_size":"","bundle_max_size":"","bundle_price":[],"bundled_items":[],"bundle_sell_ids":[],"acf":[],"_links":{"self":[{"href":"https:\/\/www.raschvin.com\/en\/wp-json\/wp\/v2\/product\/83275","targetHints":{"allow":["GET"]}}],"collection":[{"href":"https:\/\/www.raschvin.com\/en\/wp-json\/wp\/v2\/product"}],"about":[{"href":"https:\/\/www.raschvin.com\/en\/wp-json\/wp\/v2\/types\/product"}],"wp:featuredmedia":[{"embeddable":true,"href":"https:\/\/www.raschvin.com\/en\/wp-json\/wp\/v2\/media\/83312"}],"wp:attachment":[{"href":"https:\/\/www.raschvin.com\/en\/wp-json\/wp\/v2\/media?parent=83275"}],"wp:term":[{"taxonomy":"product_brand","embeddable":true,"href":"https:\/\/www.raschvin.com\/en\/wp-json\/wp\/v2\/product_brand?post=83275"},{"taxonomy":"product_cat","embeddable":true,"href":"https:\/\/www.raschvin.com\/en\/wp-json\/wp\/v2\/product_cat?post=83275"},{"taxonomy":"product_tag","embeddable":true,"href":"https:\/\/www.raschvin.com\/en\/wp-json\/wp\/v2\/product_tag?post=83275"}],"curies":[{"name":"wp","href":"https:\/\/api.w.org\/{rel}","templated":true}]}}