{"id":82813,"date":"2025-02-18T11:06:58","date_gmt":"2025-02-18T10:06:58","guid":{"rendered":"https:\/\/www.raschvin.com\/produkt\/makers-mark-cask-strength-70-cl-5475\/"},"modified":"2025-02-18T11:06:58","modified_gmt":"2025-02-18T10:06:58","slug":"makers-mark-cask-strength-70-cl-5475","status":"publish","type":"product","link":"https:\/\/www.raschvin.com\/en\/product\/makers-mark-cask-strength-70-cl-5475\/","title":{"rendered":"Maker\u2019s Mark Cask Strength 70 cl. 54,75%"},"content":{"rendered":"<p>This is Maker&#8217;s Mark\u00ae Bourbon in its purest form. Bottled at barrel proof and nonchill filtered, Maker&#8217;s Mark\u00ae Cask Strength ranges from 108 to 114 proof depending on the barrels. Surprisingly smooth, this bourbon retains the signature, front-of-the-palate flavors of Maker&#8217;s Mark\u00ae while amping up the notes of oak, caramel, vanilla and spice. Big oak, vanilla and smoky charcoal aroma. Longer finish on front of tongue with no roughness or bitterness. Richer, more robust flavors of spice, vanilla and smoke.<br \/>\nWine Enthusiast<br \/>\nWE88<br \/>\nThis new offering is bottled at 113 proof, making it fiery but flavorful. Expect a stab of alcohol even while inhaling the lovely cr\u00e8me br\u00fbl\u00e9e-like aroma. The palate is extremely drying, showing mainly oak at first, but opening up to caramel, toffee and burnt orange peel. Adding much-needed water pales the taste to cinnamon Red Hots.<\/p>\n","protected":false},"excerpt":{"rendered":"<p>Kentucky Straight Bourbon Whisky<\/p>\n","protected":false},"featured_media":82877,"template":"","meta":{"_acf_changed":false,"rs_blank_template":"","rs_page_bg_color":"","slide_template_v7":""},"product_brand":[],"product_cat":[4656,983,984],"product_tag":[],"class_list":{"0":"post-82813","1":"product","2":"type-product","3":"status-publish","4":"has-post-thumbnail","6":"product_cat-american-bourbon-en","7":"product_cat-avec-en","8":"product_cat-whisky-en","9":"pa_land-usa-en","10":"pa_procent-54-75-en","11":"pa_producent-beam-suntory-en","12":"pa_region-kentucky-en","13":"pa_volume-70-en-2","15":"first","16":"instock","17":"taxable","18":"shipping-taxable","19":"purchasable","20":"product-type-simple"},"bundled_by":[],"bundle_stock_status":"instock","bundle_stock_quantity":null,"bundle_virtual":false,"bundle_layout":"","bundle_add_to_cart_form_location":"","bundle_editable_in_cart":false,"bundle_sold_individually_context":"","bundle_item_grouping":"","bundle_min_size":"","bundle_max_size":"","bundle_price":[],"bundled_items":[],"bundle_sell_ids":[],"acf":[],"_links":{"self":[{"href":"https:\/\/www.raschvin.com\/en\/wp-json\/wp\/v2\/product\/82813","targetHints":{"allow":["GET"]}}],"collection":[{"href":"https:\/\/www.raschvin.com\/en\/wp-json\/wp\/v2\/product"}],"about":[{"href":"https:\/\/www.raschvin.com\/en\/wp-json\/wp\/v2\/types\/product"}],"wp:featuredmedia":[{"embeddable":true,"href":"https:\/\/www.raschvin.com\/en\/wp-json\/wp\/v2\/media\/82877"}],"wp:attachment":[{"href":"https:\/\/www.raschvin.com\/en\/wp-json\/wp\/v2\/media?parent=82813"}],"wp:term":[{"taxonomy":"product_brand","embeddable":true,"href":"https:\/\/www.raschvin.com\/en\/wp-json\/wp\/v2\/product_brand?post=82813"},{"taxonomy":"product_cat","embeddable":true,"href":"https:\/\/www.raschvin.com\/en\/wp-json\/wp\/v2\/product_cat?post=82813"},{"taxonomy":"product_tag","embeddable":true,"href":"https:\/\/www.raschvin.com\/en\/wp-json\/wp\/v2\/product_tag?post=82813"}],"curies":[{"name":"wp","href":"https:\/\/api.w.org\/{rel}","templated":true}]}}