{"id":80906,"date":"2025-01-22T15:46:16","date_gmt":"2025-01-22T14:46:16","guid":{"rendered":"https:\/\/www.raschvin.com\/produkt\/aster-ribera-del-duero-2020-75-cl\/"},"modified":"2026-02-04T08:23:23","modified_gmt":"2026-02-04T07:23:23","slug":"aster-ribera-del-duero-2020-75-cl","status":"publish","type":"product","link":"https:\/\/www.raschvin.com\/en\/product\/aster-ribera-del-duero-2020-75-cl\/","title":{"rendered":"\u00c1ster Ribera del Duero 2022 75 cl."},"content":{"rendered":"<p>Fantastic Crianza from Bodegas \u00c1ster showcasing the winery&#8217;s exceptional quality. \u00c1ster is the house&#8217;s &#8220;entry-level&#8221; wine \u2013 and what a wine it is! This is a remarkable wine made exclusively from Tempranillo, sourced from vineyards at an altitude of 780 meters. A quintessential red wine from Ribera del Duero, offering incredible value for money.<\/p>\n<p>The aroma is dominated by fresh fruits like cherries, blackcurrants, and redcurrants, with subtle notes of licorice, chocolate, herbs, and toasted wood from barrel aging. The taste is delightfully rounded, with plenty of fruit, balanced acidity, and firm tannins.<\/p>\n<p>Aged for 16 months in barriques, 75% of which were new barrels.<\/p>\n<p>93 POINTS<br \/>\nJames Suckling<\/p>\n<p>92 POINTS<br \/>\nTim Atkin<\/p>\n<p>92 POINTS<br \/>\nGu\u00eda Pe\u00f1\u00edn<\/p>\n","protected":false},"excerpt":{"rendered":"<p>Vi\u00f1edos y Bodegas \u00c1ster &#8211; Spain <\/p>\n","protected":false},"featured_media":81199,"template":"","meta":{"_acf_changed":false,"rs_blank_template":"","rs_page_bg_color":"","slide_template_v7":""},"product_brand":[],"product_cat":[2789,2799],"product_tag":[],"class_list":{"0":"post-80906","1":"product","2":"type-product","3":"status-publish","4":"has-post-thumbnail","6":"product_cat-wine","7":"product_cat-red-wine","8":"pa_aargang-2022-en","9":"pa_drue-tinta-del-pais-en","10":"pa_land-spain","11":"pa_procent-14-5-en","12":"pa_producent-vinedos-y-bodegas-aster-en","13":"pa_region-ribera-del-duero-en","14":"pa_serveringstemperatur-18-20-en","15":"pa_volume-75-en","17":"first","18":"instock","19":"taxable","20":"shipping-taxable","21":"purchasable","22":"product-type-simple"},"bundled_by":["119969"],"bundle_stock_status":"instock","bundle_stock_quantity":null,"bundle_virtual":false,"bundle_layout":"","bundle_add_to_cart_form_location":"","bundle_editable_in_cart":false,"bundle_sold_individually_context":"","bundle_item_grouping":"","bundle_min_size":"","bundle_max_size":"","bundle_price":[],"bundled_items":[],"bundle_sell_ids":[],"acf":[],"_links":{"self":[{"href":"https:\/\/www.raschvin.com\/en\/wp-json\/wp\/v2\/product\/80906","targetHints":{"allow":["GET"]}}],"collection":[{"href":"https:\/\/www.raschvin.com\/en\/wp-json\/wp\/v2\/product"}],"about":[{"href":"https:\/\/www.raschvin.com\/en\/wp-json\/wp\/v2\/types\/product"}],"wp:featuredmedia":[{"embeddable":true,"href":"https:\/\/www.raschvin.com\/en\/wp-json\/wp\/v2\/media\/81199"}],"wp:attachment":[{"href":"https:\/\/www.raschvin.com\/en\/wp-json\/wp\/v2\/media?parent=80906"}],"wp:term":[{"taxonomy":"product_brand","embeddable":true,"href":"https:\/\/www.raschvin.com\/en\/wp-json\/wp\/v2\/product_brand?post=80906"},{"taxonomy":"product_cat","embeddable":true,"href":"https:\/\/www.raschvin.com\/en\/wp-json\/wp\/v2\/product_cat?post=80906"},{"taxonomy":"product_tag","embeddable":true,"href":"https:\/\/www.raschvin.com\/en\/wp-json\/wp\/v2\/product_tag?post=80906"}],"curies":[{"name":"wp","href":"https:\/\/api.w.org\/{rel}","templated":true}]}}