{"id":76811,"date":"2024-12-02T14:27:47","date_gmt":"2024-12-02T13:27:47","guid":{"rendered":"https:\/\/www.raschvin.com\/produkt\/the-arcane-arrange-vanilles-des-iles-70-cl-40\/"},"modified":"2024-12-02T14:27:47","modified_gmt":"2024-12-02T13:27:47","slug":"the-arcane-arrange-vanilles-des-iles-70-cl-40","status":"publish","type":"product","link":"https:\/\/www.raschvin.com\/en\/product\/the-arcane-arrange-vanilles-des-iles-70-cl-40\/","title":{"rendered":"The Arcane \u2013 Arrang\u00e9 Vanilles des Iles 70 cl. 40%"},"content":{"rendered":"<p>Arcane Arrang\u00e9 Vanilles des \u00eeles is a delightful flavored rum with a 40% ABV, infused with the rich and sweet flavor of vanilla. This rum is perfect for those who enjoy a smooth and dessert-like twist in their drinks. The golden color is complemented by a bouquet of vanilla and a hint of caramel. On the palate, Arcane Vanilles des \u00eeles offers a smooth and light texture, with flavors of vanilla, caramel, and a touch of sweetness. The finish is clean and refreshing, making it ideal for a variety of cocktails. This rum is perfect for dessert cocktails such as the Vanilla Rum Punch, Vanilla Daiquiri, and Vanilla Mojito. Arcane Vanilles des \u00eeles is a delightful choice for any occasion, offering a sweet and enjoyable drinking experience.<\/p>\n","protected":false},"excerpt":{"rendered":"<p>Flavored Mauritius Rum<\/p>\n","protected":false},"featured_media":76890,"template":"","meta":{"_acf_changed":false,"rs_blank_template":"","rs_page_bg_color":"","slide_template_v7":""},"product_brand":[],"product_cat":[983,4641,989],"product_tag":[],"class_list":{"0":"post-76811","1":"product","2":"type-product","3":"status-publish","4":"has-post-thumbnail","6":"product_cat-avec-en","7":"product_cat-flavoured-rom-en","8":"product_cat-rom-en","9":"pa_land-mauritius-en","10":"pa_procent-40-en-2","11":"pa_producent-arcane-en","12":"pa_volume-70-en-2","14":"first","15":"instock","16":"sale","17":"taxable","18":"shipping-taxable","19":"purchasable","20":"product-type-simple"},"bundled_by":[],"bundle_stock_status":"instock","bundle_stock_quantity":null,"bundle_virtual":false,"bundle_layout":"","bundle_add_to_cart_form_location":"","bundle_editable_in_cart":false,"bundle_sold_individually_context":"","bundle_item_grouping":"","bundle_min_size":"","bundle_max_size":"","bundle_price":[],"bundled_items":[],"bundle_sell_ids":[],"acf":[],"_links":{"self":[{"href":"https:\/\/www.raschvin.com\/en\/wp-json\/wp\/v2\/product\/76811","targetHints":{"allow":["GET"]}}],"collection":[{"href":"https:\/\/www.raschvin.com\/en\/wp-json\/wp\/v2\/product"}],"about":[{"href":"https:\/\/www.raschvin.com\/en\/wp-json\/wp\/v2\/types\/product"}],"wp:featuredmedia":[{"embeddable":true,"href":"https:\/\/www.raschvin.com\/en\/wp-json\/wp\/v2\/media\/76890"}],"wp:attachment":[{"href":"https:\/\/www.raschvin.com\/en\/wp-json\/wp\/v2\/media?parent=76811"}],"wp:term":[{"taxonomy":"product_brand","embeddable":true,"href":"https:\/\/www.raschvin.com\/en\/wp-json\/wp\/v2\/product_brand?post=76811"},{"taxonomy":"product_cat","embeddable":true,"href":"https:\/\/www.raschvin.com\/en\/wp-json\/wp\/v2\/product_cat?post=76811"},{"taxonomy":"product_tag","embeddable":true,"href":"https:\/\/www.raschvin.com\/en\/wp-json\/wp\/v2\/product_tag?post=76811"}],"curies":[{"name":"wp","href":"https:\/\/api.w.org\/{rel}","templated":true}]}}