{"id":75290,"date":"2024-11-22T09:07:30","date_gmt":"2024-11-22T08:07:30","guid":{"rendered":"https:\/\/www.raschvin.com\/produkt\/albert-sounit-rully-blanc-les-saint-jacques-2022-75-cl\/"},"modified":"2026-03-25T13:59:50","modified_gmt":"2026-03-25T12:59:50","slug":"albert-sounit-rully-blanc-les-saint-jacques-2022-75-cl","status":"publish","type":"product","link":"https:\/\/www.raschvin.com\/en\/product\/albert-sounit-rully-blanc-les-saint-jacques-2022-75-cl\/","title":{"rendered":"Albert Sounit Rully Blanc \u2013 Les Saint-Jacques 2023 75 cl."},"content":{"rendered":"<p>The vineyards are cultivated on a slope with a 10% incline facing east\/southeast, where the soil primarily consists of brown clay mixed with small stones, chalk, and sand. This composition provides excellent drainage. The vines in the parcel from which Albert Sounit&#8217;s wine originates were planted in 1985. The wine was 100% fermented in wooden barrels \u2013 33% new, 33% 1-year-old, and 33% 2-year-old barrels \u2013 and, following 100% malolactic fermentation, it was aged on its &#8220;lees&#8221; for 10 months with regular stirring. The wine was bottled without fining or filtration.<\/p>\n<p>The wine has a very delicate and slightly mineral aroma with notes of flint and vanilla. Upon aeration, tones of hazelnuts and exotic fruits emerge, which persist in the taste, where the wine is both crisp and structured, yet very fruit-forward. The aftertaste is exceptionally long, with a lovely character of \u201ccr\u00e8me br\u00fbl\u00e9e\u201d and recurring mineral tones. It is a very complex wine.<\/p>\n<p>Maison Albert Sounit is located in the charming wine village of Rully in Burgundy. Since 1993, the winery has been Danish-owned. The house produces a wide range of Burgundy wines: Cr\u00e9mant de Bourgogne as well as white and red wines from the C\u00f4te Chalonnaise. The house&#8217;s motto is quality above all, and all grapes are harvested manually (by hand). Only the grapes&#8217; natural yeast is used. The white and red wines are aged in French oak barrels, and bottling occurs without filtration. In 2005, Maison Albert Sounit acquired the Domaine Bernollin vineyard in Montagny.<\/p>\n<p>The wines from the communes of Rully, Mercurey, Givry, and Montagny have previously been overshadowed by the more well-known appellations of C\u00f4te de Beaune and C\u00f4te de Nuits. However, this means there are particularly good finds to be made here. In many blind tastings, the quality has been shown to rival even the grand wines from C\u00f4te d\u2019Or, while prices remain much more approachable.<\/p>\n<p>Vinification: 10 months aging in wooden barrels (33% new, 33% 1-year-old, 33% 2-year-old)<br \/>\nTasting Notes: Very delicate and slightly mineral aroma with notes of flint and vanilla. Crisp and structured yet very fruit-forward. The aftertaste is exceptionally long, with a beautiful character of \u201ccr\u00e8me br\u00fbl\u00e9e\u201d and recurring mineral tones.<br \/>\nRecommended for: Rich fish, Light poultry, Shellfish, French country cuisine<\/p>\n","protected":false},"excerpt":{"rendered":"<p>Bourgogne, C\u00f4te Chalonnaise \u2013 France<\/p>\n","protected":false},"featured_media":75302,"template":"","meta":{"_acf_changed":false,"rs_blank_template":"","rs_page_bg_color":"","slide_template_v7":""},"product_brand":[],"product_cat":[2793,2789],"product_tag":[],"class_list":{"0":"post-75290","1":"product","2":"type-product","3":"status-publish","4":"has-post-thumbnail","6":"product_cat-white-wine","7":"product_cat-wine","8":"pa_aargang-2023-en","9":"pa_drue-chardonnay-en","10":"pa_land-france","11":"pa_procent-13-en","12":"pa_producent-domaine-albert-sounit-en","13":"pa_region-bourgogne-en","14":"pa_serveringstemperatur-12-14-en","15":"pa_volume-75-en","17":"first","18":"instock","19":"taxable","20":"shipping-taxable","21":"purchasable","22":"product-type-simple"},"bundled_by":[],"bundle_stock_status":"instock","bundle_stock_quantity":null,"bundle_virtual":false,"bundle_layout":"","bundle_add_to_cart_form_location":"","bundle_editable_in_cart":false,"bundle_sold_individually_context":"","bundle_item_grouping":"","bundle_min_size":"","bundle_max_size":"","bundle_price":[],"bundled_items":[],"bundle_sell_ids":[],"acf":[],"_links":{"self":[{"href":"https:\/\/www.raschvin.com\/en\/wp-json\/wp\/v2\/product\/75290","targetHints":{"allow":["GET"]}}],"collection":[{"href":"https:\/\/www.raschvin.com\/en\/wp-json\/wp\/v2\/product"}],"about":[{"href":"https:\/\/www.raschvin.com\/en\/wp-json\/wp\/v2\/types\/product"}],"wp:featuredmedia":[{"embeddable":true,"href":"https:\/\/www.raschvin.com\/en\/wp-json\/wp\/v2\/media\/75302"}],"wp:attachment":[{"href":"https:\/\/www.raschvin.com\/en\/wp-json\/wp\/v2\/media?parent=75290"}],"wp:term":[{"taxonomy":"product_brand","embeddable":true,"href":"https:\/\/www.raschvin.com\/en\/wp-json\/wp\/v2\/product_brand?post=75290"},{"taxonomy":"product_cat","embeddable":true,"href":"https:\/\/www.raschvin.com\/en\/wp-json\/wp\/v2\/product_cat?post=75290"},{"taxonomy":"product_tag","embeddable":true,"href":"https:\/\/www.raschvin.com\/en\/wp-json\/wp\/v2\/product_tag?post=75290"}],"curies":[{"name":"wp","href":"https:\/\/api.w.org\/{rel}","templated":true}]}}