{"id":74923,"date":"2024-11-20T08:32:59","date_gmt":"2024-11-20T07:32:59","guid":{"rendered":"https:\/\/www.raschvin.com\/produkt\/fangst-blaamusling-no-1-limfjord-blue-mussels\/"},"modified":"2024-11-20T08:32:59","modified_gmt":"2024-11-20T07:32:59","slug":"fangst-blaamusling-no-1-limfjord-blue-mussels","status":"publish","type":"product","link":"https:\/\/www.raschvin.com\/en\/product\/fangst-blaamusling-no-1-limfjord-blue-mussels\/","title":{"rendered":"FANGST &#8211; Bl\u00e5musling No.1 (Limfjord Blue Mussels)"},"content":{"rendered":"<p> Limfjord blue mussels.<br \/>\nMarinated. With dill and fennel seeds.<br \/>\nIn the cold water of the Danish inlet Limfjorden, \u2018bl\u00e5muslinger\u2019 (blue mussels) grow slow to acquire a particularly fine taste and texture. Most of them are then shipped off to foreign kitchens but some we keep for ourselves. With a marinade of cold pressed rapeseed oil, apple vinegar, dill and fennel seeds, FANGST brings you our version of the blue mussel.<\/p>\n<p>Species (Latin): Mytilus Edulis<br \/>\nWater: Limfjorden (in Denmark, FAO 27<br \/>\nNet weight\/Nettov\u00e6gt:110g<\/p>\n<p>Ingredients: Blue mussels (76%), cold pressed rapeseed oil* (11%), apple vinegar* (11%), dill seeds* (0,5%), fennel seeds* (0,5%), salt<\/p>\n<p>Ingredienser: Bl\u00e5muslinger (76%), koldpresset rapsolie* (11%), \u00e6ble-eddike* (11%), dildfr\u00f8* (0,5%), fennikelfr\u00f8* (0,5%), salt.<\/p>\n<p>Organic ingredients amount to 23% of the content. *Organic<\/p>\n","protected":false},"excerpt":{"rendered":"<p>Nordic Style Tapas<\/p>\n","protected":false},"featured_media":74936,"template":"","meta":{"_acf_changed":false,"rs_blank_template":"","rs_page_bg_color":"","slide_template_v7":""},"product_brand":[],"product_cat":[8025,8690,2752],"product_tag":[],"class_list":{"0":"post-74923","1":"product","2":"type-product","3":"status-publish","4":"has-post-thumbnail","6":"product_cat-delicacies","7":"product_cat-fangst-en","8":"product_cat-gifts","9":"pa_land-denmark","10":"pa_producent-fangst-en","12":"first","13":"instock","14":"taxable","15":"shipping-taxable","16":"purchasable","17":"product-type-simple"},"bundled_by":[],"bundle_stock_status":"instock","bundle_stock_quantity":null,"bundle_virtual":false,"bundle_layout":"","bundle_add_to_cart_form_location":"","bundle_editable_in_cart":false,"bundle_sold_individually_context":"","bundle_item_grouping":"","bundle_min_size":"","bundle_max_size":"","bundle_price":[],"bundled_items":[],"bundle_sell_ids":[],"acf":[],"_links":{"self":[{"href":"https:\/\/www.raschvin.com\/en\/wp-json\/wp\/v2\/product\/74923","targetHints":{"allow":["GET"]}}],"collection":[{"href":"https:\/\/www.raschvin.com\/en\/wp-json\/wp\/v2\/product"}],"about":[{"href":"https:\/\/www.raschvin.com\/en\/wp-json\/wp\/v2\/types\/product"}],"wp:featuredmedia":[{"embeddable":true,"href":"https:\/\/www.raschvin.com\/en\/wp-json\/wp\/v2\/media\/74936"}],"wp:attachment":[{"href":"https:\/\/www.raschvin.com\/en\/wp-json\/wp\/v2\/media?parent=74923"}],"wp:term":[{"taxonomy":"product_brand","embeddable":true,"href":"https:\/\/www.raschvin.com\/en\/wp-json\/wp\/v2\/product_brand?post=74923"},{"taxonomy":"product_cat","embeddable":true,"href":"https:\/\/www.raschvin.com\/en\/wp-json\/wp\/v2\/product_cat?post=74923"},{"taxonomy":"product_tag","embeddable":true,"href":"https:\/\/www.raschvin.com\/en\/wp-json\/wp\/v2\/product_tag?post=74923"}],"curies":[{"name":"wp","href":"https:\/\/api.w.org\/{rel}","templated":true}]}}