{"id":73501,"date":"2024-11-14T11:18:46","date_gmt":"2024-11-14T10:18:46","guid":{"rendered":"https:\/\/www.raschvin.com\/produkt\/chateau-de-cayx-cahors-malbec-2018-75-cl\/"},"modified":"2025-06-04T08:01:58","modified_gmt":"2025-06-04T06:01:58","slug":"chateau-de-cayx-cahors-malbec-2018-75-cl","status":"publish","type":"product","link":"https:\/\/www.raschvin.com\/en\/product\/chateau-de-cayx-cahors-malbec-2018-75-cl\/","title":{"rendered":"Chateau de Cayx Cahors Malbec 2020 75 cl."},"content":{"rendered":"<p>Intense and alluring aroma of fruit and red berries. When you taste it, you will experience a beautiful Malbec with soft tannins, fruity nuances, and charming, southern French spices. A fine representative of Cahors and the royal wine estate.<\/p>\n<p>Malbec is not widely planted in France, but in Cahors and on the royal wine estate, it is an important grape, creating rich, charming red wines.<\/p>\n<p>91 POINT<br \/>\nDinVinGuide<br \/>\nThe aroma has high intensity with vanilla, oak, coconut, dark berries, and sweet tobacco.<\/p>\n<p>Ch\u00e2teau de Cayx<br \/>\nCh\u00e2teau de Cayx, located in the heart of the Cahors district, dates back to the 15th century when it was built to control navigation on the Lot River. The castle is perched on the slope of a hill, offering views of the Lot River and the small village of Ca\u00efx, which is part of the Luzech municipality. The royal couple purchased Ch\u00e2teau de Cayx in 1974, and extensive renovations were carried out. The Prince Consort, who was from the area and a great lover of art, spent several years creating a truly authentic architectural legacy at the castle. Today, Ch\u00e2teau de Cayx stands as a beautiful 18th-century residence with four round towers dating back to the 15th century, and a corner tower that dominates the structure. In front of the southern facade, a large terrace overlooks the vineyards. The spelling of the name Ca\u00efx has changed several times over the centuries. Examples include Caysse, Cays, Cais, or Ca\u00efx. Prince Henrik chose the spelling Cayx, as it is easier to pronounce and to avoid a misinterpretation of the French phoneme &#8220;ai.&#8221;<\/p>\n<p>How does Ch\u00e2teau de Cayx taste?<br \/>\nFor many years, Ch\u00e2teau de Cayx was known for its stable, classic, but relatively ordinary Cahors wines. However, the estate has taken a quantum leap in quality since 2009 when the young oenologist and winemaker, Alexandre G\u00e9lis, was hired. G\u00e9lis immediately saw the great, untapped potential at Ch\u00e2teau de Cayx, and since his appointment, he has worked closely with the Prince Consort towards a more controlled and improved management of the estate\u2019s wines. The results are striking when tasting the latest vintages of Ch\u00e2teau de Cayx. They are, quite simply, a benchmark for how far one can go with the right mindset and goals\u2014without compromising the authentic and local character of each wine!<\/p>\n<p>Which grapes grow at Ch\u00e2teau de Cayx?<br \/>\nAt the initiative of Prince Henrik, Ch\u00e2teau de Cayx gradually regained its impressive 21-hectare vineyards, which ideally face south and overlook a bend in the Lot River. The upper part of the terroir lies on predominantly limestone terraces, while the lower part is on limestone terraces with gravel and collapsed material from the limestone plateau. 80% of the vineyards are planted with Malbec, and apart from 4 hectares of Chardonnay, the remaining area is planted with Tannat and Merlot\u2014all cultivated as environmentally friendly and sustainably as possible. Since the vineyards have been gradually replanted since 1975, the average age of the vines at Ch\u00e2teau de Cayx is around 25 years.<\/p>\n","protected":false},"excerpt":{"rendered":"<p>Cahors &#8211; France<\/p>\n","protected":false},"featured_media":73653,"template":"","meta":{"_acf_changed":false,"rs_blank_template":"","rs_page_bg_color":"","slide_template_v7":""},"product_brand":[],"product_cat":[2789,2799],"product_tag":[],"class_list":{"0":"post-73501","1":"product","2":"type-product","3":"status-publish","4":"has-post-thumbnail","6":"product_cat-wine","7":"product_cat-red-wine","8":"pa_aargang-2020-en","9":"pa_drue-malbec-en","10":"pa_land-france","11":"pa_procent-13-5-en","12":"pa_producent-chateau-de-cayx-en","13":"pa_region-cahors-en","14":"pa_serveringstemperatur-18-20-en","15":"pa_volume-75-en","17":"first","18":"instock","19":"taxable","20":"shipping-taxable","21":"purchasable","22":"product-type-simple"},"bundled_by":[],"bundle_stock_status":"instock","bundle_stock_quantity":null,"bundle_virtual":false,"bundle_layout":"","bundle_add_to_cart_form_location":"","bundle_editable_in_cart":false,"bundle_sold_individually_context":"","bundle_item_grouping":"","bundle_min_size":"","bundle_max_size":"","bundle_price":[],"bundled_items":[],"bundle_sell_ids":[],"acf":[],"_links":{"self":[{"href":"https:\/\/www.raschvin.com\/en\/wp-json\/wp\/v2\/product\/73501","targetHints":{"allow":["GET"]}}],"collection":[{"href":"https:\/\/www.raschvin.com\/en\/wp-json\/wp\/v2\/product"}],"about":[{"href":"https:\/\/www.raschvin.com\/en\/wp-json\/wp\/v2\/types\/product"}],"wp:featuredmedia":[{"embeddable":true,"href":"https:\/\/www.raschvin.com\/en\/wp-json\/wp\/v2\/media\/73653"}],"wp:attachment":[{"href":"https:\/\/www.raschvin.com\/en\/wp-json\/wp\/v2\/media?parent=73501"}],"wp:term":[{"taxonomy":"product_brand","embeddable":true,"href":"https:\/\/www.raschvin.com\/en\/wp-json\/wp\/v2\/product_brand?post=73501"},{"taxonomy":"product_cat","embeddable":true,"href":"https:\/\/www.raschvin.com\/en\/wp-json\/wp\/v2\/product_cat?post=73501"},{"taxonomy":"product_tag","embeddable":true,"href":"https:\/\/www.raschvin.com\/en\/wp-json\/wp\/v2\/product_tag?post=73501"}],"curies":[{"name":"wp","href":"https:\/\/api.w.org\/{rel}","templated":true}]}}