{"id":72422,"date":"2024-11-06T09:48:09","date_gmt":"2024-11-06T08:48:09","guid":{"rendered":"https:\/\/www.raschvin.com\/produkt\/gigondas-domaine-gour-de-chaule-8-la-numero-huit-2022-75-cl\/"},"modified":"2025-11-04T20:40:01","modified_gmt":"2025-11-04T19:40:01","slug":"gigondas-domaine-gour-de-chaule-8-la-numero-huit-2022-75-cl","status":"publish","type":"product","link":"https:\/\/www.raschvin.com\/en\/product\/gigondas-domaine-gour-de-chaule-8-la-numero-huit-2022-75-cl\/","title":{"rendered":"Gigondas Domaine Gour de Chaul\u00e9 .8 La Num\u00e9ro Huit 2022 75 cl."},"content":{"rendered":"<p>La Num\u00e9ro Huit (\u2019number 8\u2019) is a new cuv\u00e9e from Gour de Chaul\u00e9, a project initiated by St\u00e9phanie&#8217;s son, Paul. Generously granted by his mother, he was allowed to use the estate&#8217;s oldest Grenache vines (along with 1% Mourv\u00e8dre) from a sandy plot planted around 1900! The vinification was minimalist, with whole-cluster fermentation, a total of five weeks of maceration, followed by 1\u00bd years of aging in a fashionable concrete egg, and finally bottled without filtration, fining, or added sulfur.<\/p>\n<p>Gour de Chaul\u00e9 produces genuine, \u2018handcrafted\u2019 Gigondas with soul from ancient vines; wine created with respect for the environment and the area&#8217;s traditions. For the past ten years, St\u00e9phanie Fumoso has led Gour de Chaul\u00e9, steering it in a direction of minimal chemicals and as little sulfur as possible in the wines, made achievable through meticulous hand-sorting of grape clusters.<\/p>\n<p>It is clear that Paul Fumoso draws inspiration from what Emmanuel Reynaud is working on. Stylistically, this wine is not as ethereal or oxidative as Reynaud&#8217;s various wines. However, one can forget about the most potent and somber prestige editions from Gigondas: this appellation offers an enormous stylistic range, where La Num\u00e9ro Huit is a red-fruited, elegant Gigondas. The 2022 vintage is a phenomenal wine, floral, generous, with intensity, great precision, and a mineral focus. Cherry, strawberry, and herbes-de-Provence seem to take the lead in this young yet juicy wine.<\/p>\n<p>The bad news: only 1,200 bottles were produced\u2026<\/p>\n<p>As this is a new cuv\u00e9e, it&#8217;s hard to predict its development potential, but if Cuv\u00e9e Tradition is any indication, there&#8217;s likely no need to rush.<\/p>\n","protected":false},"excerpt":{"rendered":"<p>Rhone Red Wine \u2013 France<\/p>\n","protected":false},"featured_media":72503,"template":"","meta":{"_acf_changed":false,"rs_blank_template":"","rs_page_bg_color":"","slide_template_v7":""},"product_brand":[],"product_cat":[2789,2799],"product_tag":[],"class_list":{"0":"post-72422","1":"product","2":"type-product","3":"status-publish","4":"has-post-thumbnail","6":"product_cat-wine","7":"product_cat-red-wine","8":"pa_aargang-2022-en","9":"pa_drue-grenache-en","10":"pa_drue-mourvedre-en","11":"pa_drue-syrah-en","12":"pa_land-france","13":"pa_procent-14-5-en","14":"pa_producent-gour-de-chaule-en","15":"pa_region-rhone-valley-en","16":"pa_serveringstemperatur-16-17-en","17":"pa_volume-75-en","19":"first","20":"outofstock","21":"taxable","22":"shipping-taxable","23":"purchasable","24":"product-type-simple"},"bundled_by":[],"bundle_stock_status":"outofstock","bundle_stock_quantity":995,"bundle_virtual":false,"bundle_layout":"","bundle_add_to_cart_form_location":"","bundle_editable_in_cart":false,"bundle_sold_individually_context":"","bundle_item_grouping":"","bundle_min_size":"","bundle_max_size":"","bundle_price":[],"bundled_items":[],"bundle_sell_ids":[],"acf":[],"_links":{"self":[{"href":"https:\/\/www.raschvin.com\/en\/wp-json\/wp\/v2\/product\/72422","targetHints":{"allow":["GET"]}}],"collection":[{"href":"https:\/\/www.raschvin.com\/en\/wp-json\/wp\/v2\/product"}],"about":[{"href":"https:\/\/www.raschvin.com\/en\/wp-json\/wp\/v2\/types\/product"}],"wp:featuredmedia":[{"embeddable":true,"href":"https:\/\/www.raschvin.com\/en\/wp-json\/wp\/v2\/media\/72503"}],"wp:attachment":[{"href":"https:\/\/www.raschvin.com\/en\/wp-json\/wp\/v2\/media?parent=72422"}],"wp:term":[{"taxonomy":"product_brand","embeddable":true,"href":"https:\/\/www.raschvin.com\/en\/wp-json\/wp\/v2\/product_brand?post=72422"},{"taxonomy":"product_cat","embeddable":true,"href":"https:\/\/www.raschvin.com\/en\/wp-json\/wp\/v2\/product_cat?post=72422"},{"taxonomy":"product_tag","embeddable":true,"href":"https:\/\/www.raschvin.com\/en\/wp-json\/wp\/v2\/product_tag?post=72422"}],"curies":[{"name":"wp","href":"https:\/\/api.w.org\/{rel}","templated":true}]}}