{"id":72415,"date":"2024-11-06T08:50:23","date_gmt":"2024-11-06T07:50:23","guid":{"rendered":"https:\/\/www.raschvin.com\/produkt\/gigondas-domaine-gour-de-chaule-1871-cuvee-tradition-2022-75-cl\/"},"modified":"2024-11-06T08:50:23","modified_gmt":"2024-11-06T07:50:23","slug":"gigondas-domaine-gour-de-chaule-1871-cuvee-tradition-2022-75-cl","status":"publish","type":"product","link":"https:\/\/www.raschvin.com\/en\/product\/gigondas-domaine-gour-de-chaule-1871-cuvee-tradition-2022-75-cl\/","title":{"rendered":"Gigondas Domaine Gour de Chaul\u00e9 .1871 Cuv\u00e9e Tradition 2022 75 cl."},"content":{"rendered":"<p>The small family estate, Gour de Chaul\u00e9, crafts organic, authentic, and &#8220;handmade&#8221; Gigondas with soul from ancient vines\u2014a wine produced with respect for the environment and the traditions of the region. For many years, St\u00e9phanie Fumoso has led Gour de Chaul\u00e9, and now, alongside her son Paul, she has set a direction with minimal use of chemicals and reduced sulfur in the wines, a goal made possible by meticulously hand-sorting the grape clusters. This approach has elevated the quality of an already excellent estate.<\/p>\n<p>This Gigondas is an intense yet elegant, red-fruited wine with ethereal aromas\u2014a profile not typically associated with Rh\u00f4ne.<\/p>\n<p>At Domaine du Gour de Chaul\u00e9, old, twisted Grenache bush vines predominate, while this cuv\u00e9e from 21 lieux-dits also includes a touch of Syrah and Mourv\u00e8dre. The vines are approximately 65 years old, providing natural concentration and complexity.<\/p>\n<p>Maceration takes place in concrete with partial destemming\/partial whole clusters, lasting between 4-6 weeks depending on the vintage, followed by approximately 1.5 years of further aging in large, old oak barrels as well as concrete. To retain the wine\u2019s authentic expression, it is neither fined nor filtered. Therefore, over time, a slight sediment may develop in the bottles, something to consider if you plan on cellaring the wine long-term.<\/p>\n<p>It\u2019s almost against the nature of a wine like this to be broken down into technical details on vinification and aging, as the whole is greater than the sum of its parts. This lovely Gigondas feels complete and natural, far removed from modern technology. When you smell and taste, your thoughts may drift to the slopes of southern Rh\u00f4ne with their poor, rocky soils and the rosemary, thyme, and olive groves covering them. Explore this wine with patience, and give it time to reveal itself; it is refined and elegant but also powerful and drinkable.<\/p>\n<p>Enjoy this Gour de Chaul\u00e9 Gigondas &#8216;1871 Tradition&#8217; now (well-aerated) and conservatively up to fifteen years from now if stored well. We recommend a generous wine glass and a serving temperature of 17\u00b0C.<\/p>\n<p>Vinous.com: &#8220;I was deeply impressed by the latest wines of the tiny family-owned Domaine du Gour de Chaul\u00e9&#8230; I can\u2019t wait to see what the future brings here.&#8221;<\/p>\n<p>Nicolas Greinacher, Aug 2023<\/p>\n","protected":false},"excerpt":{"rendered":"<p>Rhone Red Wine \u2013 France<\/p>\n","protected":false},"featured_media":72506,"template":"","meta":{"_acf_changed":false,"rs_blank_template":"","rs_page_bg_color":"","slide_template_v7":""},"product_brand":[],"product_cat":[2789,2799],"product_tag":[],"class_list":{"0":"post-72415","1":"product","2":"type-product","3":"status-publish","4":"has-post-thumbnail","6":"product_cat-wine","7":"product_cat-red-wine","8":"pa_aargang-2022-en","9":"pa_drue-grenache-en","10":"pa_drue-mourvedre-en","11":"pa_drue-syrah-en","12":"pa_land-france","13":"pa_procent-14-en","14":"pa_producent-gour-de-chaule-en","15":"pa_region-rhone-valley-en","16":"pa_serveringstemperatur-16-17-en","17":"pa_volume-75-en","19":"first","20":"instock","21":"taxable","22":"shipping-taxable","23":"purchasable","24":"product-type-simple"},"bundled_by":[],"bundle_stock_status":"instock","bundle_stock_quantity":null,"bundle_virtual":false,"bundle_layout":"","bundle_add_to_cart_form_location":"","bundle_editable_in_cart":false,"bundle_sold_individually_context":"","bundle_item_grouping":"","bundle_min_size":"","bundle_max_size":"","bundle_price":[],"bundled_items":[],"bundle_sell_ids":[],"acf":[],"_links":{"self":[{"href":"https:\/\/www.raschvin.com\/en\/wp-json\/wp\/v2\/product\/72415","targetHints":{"allow":["GET"]}}],"collection":[{"href":"https:\/\/www.raschvin.com\/en\/wp-json\/wp\/v2\/product"}],"about":[{"href":"https:\/\/www.raschvin.com\/en\/wp-json\/wp\/v2\/types\/product"}],"wp:featuredmedia":[{"embeddable":true,"href":"https:\/\/www.raschvin.com\/en\/wp-json\/wp\/v2\/media\/72506"}],"wp:attachment":[{"href":"https:\/\/www.raschvin.com\/en\/wp-json\/wp\/v2\/media?parent=72415"}],"wp:term":[{"taxonomy":"product_brand","embeddable":true,"href":"https:\/\/www.raschvin.com\/en\/wp-json\/wp\/v2\/product_brand?post=72415"},{"taxonomy":"product_cat","embeddable":true,"href":"https:\/\/www.raschvin.com\/en\/wp-json\/wp\/v2\/product_cat?post=72415"},{"taxonomy":"product_tag","embeddable":true,"href":"https:\/\/www.raschvin.com\/en\/wp-json\/wp\/v2\/product_tag?post=72415"}],"curies":[{"name":"wp","href":"https:\/\/api.w.org\/{rel}","templated":true}]}}