{"id":66656,"date":"2024-09-20T09:06:55","date_gmt":"2024-09-20T07:06:55","guid":{"rendered":"https:\/\/www.raschvin.com\/produkt\/pitu-cachaca-do-brasil-70-cl-38\/"},"modified":"2024-09-20T09:06:55","modified_gmt":"2024-09-20T07:06:55","slug":"pitu-cachaca-do-brasil-70-cl-38","status":"publish","type":"product","link":"https:\/\/www.raschvin.com\/en\/product\/pitu-cachaca-do-brasil-70-cl-38\/","title":{"rendered":"Pit\u00fa Cacha\u00e7a Do Brasil 70 cl. 38%"},"content":{"rendered":"<p>Category: Spirit &#8211; Cacha\u00e7a<br \/>\nRaw material: Sugarcane<br \/>\nRegion: Brazil<\/p>\n<p>Crystal clear appearance; clean, with a slightly smoky nose and hints of anise, leather, and root vegetable; dry, quite smooth on the palate with light earth, faintly herbal and peppery flavors.<\/p>\n<p>&#8220;Cacha\u00e7a (pronounced kah-sha-sa), is a traditional beverage in Brazil and is the leading spirit in the country. Unlike ordinary rums, which are made from molasses, cacha\u00e7a is a clear distillate made from the pressing of fresh sugar cane. The Brazilian production of cacha\u00e7a is 1.3 billion liters a year. It is the 3rd largest selling spirit in the world. Founded in 1938, Engarrafamento Pit\u00fa is one of the oldest and most traditional beverage companies from Brazil. The name Pit\u00fa was chosen by the founders of the company in honor of the Riacho Pit\u00fa, a stream which irrigates the sugar cane plantations in the region of Vit\u00f3ria de Santo Ant\u00e3o. This is a place of where sun, beach and happiness are found all year round, making Pit\u00fa the only Brazilian Cacha\u00e7a with a true tropical spirit and flavor. Today, Pit\u00fa has a reputation of the highest quality and is the most exported Cacha\u00e7a in Brazil. This is fueled in part by the growing craze for the delicious Caipirinha, the national cocktail of Brazil, made with the addition of sugar, ice and fresh lime. Originally known as the peasant&#8217;s drink, it found its way into the capital cities of Rio de Janeiro and Sao Paulo, and from there to the most stylish bars and restaurants all over the world<\/p>\n","protected":false},"excerpt":{"rendered":"<p>Brazilian Cacha\u00e7a<\/p>\n","protected":false},"featured_media":66751,"template":"","meta":{"_acf_changed":false,"rs_blank_template":"","rs_page_bg_color":"","slide_template_v7":""},"product_brand":[],"product_cat":[4721,998],"product_tag":[],"class_list":{"0":"post-66656","1":"product","2":"type-product","3":"status-publish","4":"has-post-thumbnail","6":"product_cat-cachaca","7":"product_cat-liquor-en","8":"pa_land-brasil","9":"pa_procent-38-en","10":"pa_producent-engarrafamento-pitu-en","11":"pa_volume-70-en-2","13":"first","14":"instock","15":"sale","16":"taxable","17":"shipping-taxable","18":"purchasable","19":"product-type-simple"},"bundled_by":[],"bundle_stock_status":"instock","bundle_stock_quantity":null,"bundle_virtual":false,"bundle_layout":"","bundle_add_to_cart_form_location":"","bundle_editable_in_cart":false,"bundle_sold_individually_context":"","bundle_item_grouping":"","bundle_min_size":"","bundle_max_size":"","bundle_price":[],"bundled_items":[],"bundle_sell_ids":[],"acf":[],"_links":{"self":[{"href":"https:\/\/www.raschvin.com\/en\/wp-json\/wp\/v2\/product\/66656","targetHints":{"allow":["GET"]}}],"collection":[{"href":"https:\/\/www.raschvin.com\/en\/wp-json\/wp\/v2\/product"}],"about":[{"href":"https:\/\/www.raschvin.com\/en\/wp-json\/wp\/v2\/types\/product"}],"wp:featuredmedia":[{"embeddable":true,"href":"https:\/\/www.raschvin.com\/en\/wp-json\/wp\/v2\/media\/66751"}],"wp:attachment":[{"href":"https:\/\/www.raschvin.com\/en\/wp-json\/wp\/v2\/media?parent=66656"}],"wp:term":[{"taxonomy":"product_brand","embeddable":true,"href":"https:\/\/www.raschvin.com\/en\/wp-json\/wp\/v2\/product_brand?post=66656"},{"taxonomy":"product_cat","embeddable":true,"href":"https:\/\/www.raschvin.com\/en\/wp-json\/wp\/v2\/product_cat?post=66656"},{"taxonomy":"product_tag","embeddable":true,"href":"https:\/\/www.raschvin.com\/en\/wp-json\/wp\/v2\/product_tag?post=66656"}],"curies":[{"name":"wp","href":"https:\/\/api.w.org\/{rel}","templated":true}]}}