{"id":66651,"date":"2024-09-20T08:35:04","date_gmt":"2024-09-20T06:35:04","guid":{"rendered":"https:\/\/www.raschvin.com\/produkt\/bodegas-pequenos-cava-brut-ecologico-75-cl-12\/"},"modified":"2024-09-20T08:35:04","modified_gmt":"2024-09-20T06:35:04","slug":"bodegas-pequenos-cava-brut-ecologico-75-cl-12","status":"publish","type":"product","link":"https:\/\/www.raschvin.com\/en\/product\/bodegas-pequenos-cava-brut-ecologico-75-cl-12\/","title":{"rendered":"Bodegas Peque\u00f1os &#8211; CAVA Brut Ecol\u00f3gico 75 cl. 12%"},"content":{"rendered":"<p>Bodegas Peque\u00f1os Cava Brut Ecol\u00f3gico is an organic, dry \u2018blanc de blancs\u2019 cava, made from the chardonnay and macabeo grape varieties.<\/p>\n<p>Cava refers to Spanish sparkling wines made through secondary fermentation in the bottle, just like its very famous French counterpart, whose expensive lawyers are quick to react if one happens to mention the place name that sounds like a mix of \u2018slush\u2019 and \u2018campaign\u2019. Now everyone should be on the same page, without anyone feeling too ridiculed or infringing on trademarks.<\/p>\n<p>The organically grown grapes are harvested slightly underripe to preserve the acidity, which is so crucial in sparkling wine, while also ensuring the alcohol level doesn&#8217;t spiral out of control during the secondary fermentation when the bubbles are also created in the bottle.<\/p>\n<p>The aroma and taste offer casual deliciousness in a dry sparkling wine with a fresh, crisp profile, aromatically leaning toward green apples, citrus, and slightly \u2018toasted\u2019 yeast notes. The bubbles are pleasant, and the finish more than lives up to the wine&#8217;s ambitions.<\/p>\n<p>Cava is undoubtedly a delightful celebratory wine, but remember that it\u2019s also a versatile food wine that can be enjoyed throughout an entire meal.<\/p>\n<p>Serve directly from the refrigerator.<\/p>\n","protected":false},"excerpt":{"rendered":"<p>Product of Spain<\/p>\n","protected":false},"featured_media":66724,"template":"","meta":{"_acf_changed":false,"rs_blank_template":"","rs_page_bg_color":"","slide_template_v7":""},"product_brand":[],"product_cat":[2781,2777],"product_tag":[],"class_list":{"0":"post-66651","1":"product","2":"type-product","3":"status-publish","4":"has-post-thumbnail","6":"product_cat-cava-en","7":"product_cat-sparkling","8":"pa_champagne-type-brut-en","9":"pa_drue-chardonnay-en","10":"pa_drue-macabeo-en","11":"pa_land-spain","12":"pa_procent-12-en","13":"pa_producent-bodegas-pequenos-en","14":"pa_region-catalonia","15":"pa_serveringstemperatur-8-10-en","16":"pa_volume-75-en","18":"first","19":"instock","20":"taxable","21":"shipping-taxable","22":"purchasable","23":"product-type-simple"},"bundled_by":["119995"],"bundle_stock_status":"instock","bundle_stock_quantity":null,"bundle_virtual":false,"bundle_layout":"","bundle_add_to_cart_form_location":"","bundle_editable_in_cart":false,"bundle_sold_individually_context":"","bundle_item_grouping":"","bundle_min_size":"","bundle_max_size":"","bundle_price":[],"bundled_items":[],"bundle_sell_ids":[],"acf":[],"_links":{"self":[{"href":"https:\/\/www.raschvin.com\/en\/wp-json\/wp\/v2\/product\/66651","targetHints":{"allow":["GET"]}}],"collection":[{"href":"https:\/\/www.raschvin.com\/en\/wp-json\/wp\/v2\/product"}],"about":[{"href":"https:\/\/www.raschvin.com\/en\/wp-json\/wp\/v2\/types\/product"}],"wp:featuredmedia":[{"embeddable":true,"href":"https:\/\/www.raschvin.com\/en\/wp-json\/wp\/v2\/media\/66724"}],"wp:attachment":[{"href":"https:\/\/www.raschvin.com\/en\/wp-json\/wp\/v2\/media?parent=66651"}],"wp:term":[{"taxonomy":"product_brand","embeddable":true,"href":"https:\/\/www.raschvin.com\/en\/wp-json\/wp\/v2\/product_brand?post=66651"},{"taxonomy":"product_cat","embeddable":true,"href":"https:\/\/www.raschvin.com\/en\/wp-json\/wp\/v2\/product_cat?post=66651"},{"taxonomy":"product_tag","embeddable":true,"href":"https:\/\/www.raschvin.com\/en\/wp-json\/wp\/v2\/product_tag?post=66651"}],"curies":[{"name":"wp","href":"https:\/\/api.w.org\/{rel}","templated":true}]}}