{"id":66538,"date":"2025-05-08T07:49:44","date_gmt":"2025-05-08T05:49:44","guid":{"rendered":"https:\/\/www.raschvin.com\/produkt\/invivo-x-sarah-jessica-parker-sjp-vin-de-france-rose-75-cl\/"},"modified":"2024-09-19T08:27:18","modified_gmt":"2024-09-19T06:27:18","slug":"invivo-x-sarah-jessica-parker-sjp-vin-de-france-rose-75-cl","status":"publish","type":"product","link":"https:\/\/www.raschvin.com\/en\/product\/invivo-x-sarah-jessica-parker-sjp-vin-de-france-rose-75-cl\/","title":{"rendered":"Invivo X Sarah Jessica Parker SJP Vin de France Ros\u00e9 75 cl."},"content":{"rendered":"<p>A popular premium Ros\u00e9 from southern Provence, the result of a collaboration between a family-owned vineyard, Sarah Jessica Parker, and Invivo.<br \/>\nSuitable for: Fatty fish, grilled food, strong cheeses<\/p>\n<p>90 points<br \/>\n\u2013 James Suckling (11-04-2024)<br \/>\nSupple, well-rounded, and refreshing, with aromas of apricots, peach skin, and mild spices. Medium-bodied, fruity, and playful, with a refreshing finish. Drink now.<\/p>\n<p>Fresh and flavorful<br \/>\nPale pink color that aligns well with the classic French spectrum &#8220;pale and dry.&#8221; The aroma is delightful and expressive, with perfumed notes of pink flowers, red berries, and subtle hints of herbs and minerals. On the palate, the wine is fresh, bubbly, and fruity, with tasty notes that provide a good, even, and long aftertaste of strawberries, rose petals, and fresh herbs. Enjoy the wine chilled as an aperitif with olives or with grilled fish, salad (e.g., a Caesar salad), or goat cheese. The wine is also exquisite with the classic French dish grilled lamb with herbes de Provence. One of Rob\u2019s favorites is crispy fries with aioli. Sarah Jessica Parker\u2019s favorites with the wine include Chinese dishes, cheese, or pizza.<\/p>\n<p>Serving temperature: 8-10 \u00b0C<br \/>\nProduction<br \/>\nThe wine is made in collaboration with a family-owned vineyard in Lambesc, Southern Provence. The grapes are from Roy Ren\u00e9\u2019s vineyards, which span over 900 hectares around the towns of Lambesc, Saint-Cannat, and Rognes, areas rich in tradition and history. The exceptional influence of the mountain peaks Cha\u00eene des C\u00f4tes and Cha\u00eene de la Tr\u00e9varesse and a climate with little water and frost produce grapes of impeccable quality. The grapes ferment in whole clusters with maceration for a few hours, just enough to give the wine its fantastic color and texture. Afterwards, the grapes are lightly pressed, and the juice ferments at a low temperature in stainless steel tanks until almost complete dryness is achieved. The wine is aged with light lees in stainless steel tanks, adding structure. No malolactic fermentation ensures the wine\u2019s liveliness.<\/p>\n<p>About the Producer<br \/>\nInvivo was founded by Tim Lightbourne and Rob Camero in 2008, and their wines have been awarded prizes and recognition worldwide over the years. They have collaborated with world-renowned American actress Sarah Jessica Parker from the cult series \u201cSex and the City,\u201d and together they created the wine series &#8220;INVIVO X, SJP,\u201d which has captivated critics and wine lovers alike. Today, Invivo is one of New Zealand\u2019s leading producers and continues to deliver wines of the highest quality. The winery\u2019s history is a reminder that with passion, courage, and innovation, something extraordinary can be created.<\/p>\n","protected":false},"excerpt":{"rendered":"<p>Provence &#8211; France<\/p>\n","protected":false},"featured_media":66769,"template":"","meta":{"_acf_changed":false,"rs_blank_template":"","rs_page_bg_color":"","slide_template_v7":""},"product_brand":[],"product_cat":[2797,7778,2789],"product_tag":[],"class_list":{"0":"post-66538","1":"product","2":"type-product","3":"status-publish","4":"has-post-thumbnail","6":"product_cat-rosewine","7":"product_cat-summer-rose","8":"product_cat-wine","9":"pa_drue-cinsault-en","10":"pa_drue-grenache-en","11":"pa_drue-shiraz-en","12":"pa_land-france","13":"pa_procent-12-5-en","14":"pa_producent-invivo-en","15":"pa_region-lambesc-en","16":"pa_serveringstemperatur-8-10-en","17":"pa_volume-75-en","19":"first","20":"instock","21":"taxable","22":"shipping-taxable","23":"purchasable","24":"product-type-simple"},"bundled_by":[],"bundle_stock_status":"instock","bundle_stock_quantity":null,"bundle_virtual":false,"bundle_layout":"","bundle_add_to_cart_form_location":"","bundle_editable_in_cart":false,"bundle_sold_individually_context":"","bundle_item_grouping":"","bundle_min_size":"","bundle_max_size":"","bundle_price":[],"bundled_items":[],"bundle_sell_ids":[],"acf":[],"_links":{"self":[{"href":"https:\/\/www.raschvin.com\/en\/wp-json\/wp\/v2\/product\/66538","targetHints":{"allow":["GET"]}}],"collection":[{"href":"https:\/\/www.raschvin.com\/en\/wp-json\/wp\/v2\/product"}],"about":[{"href":"https:\/\/www.raschvin.com\/en\/wp-json\/wp\/v2\/types\/product"}],"wp:featuredmedia":[{"embeddable":true,"href":"https:\/\/www.raschvin.com\/en\/wp-json\/wp\/v2\/media\/66769"}],"wp:attachment":[{"href":"https:\/\/www.raschvin.com\/en\/wp-json\/wp\/v2\/media?parent=66538"}],"wp:term":[{"taxonomy":"product_brand","embeddable":true,"href":"https:\/\/www.raschvin.com\/en\/wp-json\/wp\/v2\/product_brand?post=66538"},{"taxonomy":"product_cat","embeddable":true,"href":"https:\/\/www.raschvin.com\/en\/wp-json\/wp\/v2\/product_cat?post=66538"},{"taxonomy":"product_tag","embeddable":true,"href":"https:\/\/www.raschvin.com\/en\/wp-json\/wp\/v2\/product_tag?post=66538"}],"curies":[{"name":"wp","href":"https:\/\/api.w.org\/{rel}","templated":true}]}}