{"id":65748,"date":"2024-09-09T19:15:28","date_gmt":"2024-09-09T17:15:28","guid":{"rendered":"https:\/\/www.raschvin.com\/?post_type=product&#038;p=65748"},"modified":"2024-09-09T19:24:14","modified_gmt":"2024-09-09T17:24:14","slug":"dansk-mjoed-klapoejster-mjoed-75-cl-218-kopier","status":"publish","type":"product","link":"https:\/\/www.raschvin.com\/en\/product\/dansk-mjoed-klapoejster-mjoed-75-cl-218-kopier\/","title":{"rendered":"Dansk Mj\u00f8d &#8211; Vikinge Runer Kirseb\u00e6r Mj\u00f8d 75 cl. 14%"},"content":{"rendered":"<p>his special edition is brewed with cherries and available only in a limited quantity. The intense sweetness and freshness from sour cherries, combined with the spirited and spicy aftertaste of Tasmanian peppercorns, create a unique flavor experience with depth and warmth. Serve slightly chilled as an aperitif, at room temperature as a dessert wine, or warm as a delightful mulled wine.<\/p>\n","protected":false},"excerpt":{"rendered":"<p>Danish Mead<\/p>\n","protected":false},"featured_media":65758,"template":"","meta":{"_acf_changed":false,"rs_blank_template":"","rs_page_bg_color":"","slide_template_v7":""},"product_brand":[],"product_cat":[4426],"product_tag":[],"class_list":{"0":"post-65748","1":"product","2":"type-product","3":"status-publish","4":"has-post-thumbnail","6":"product_cat-mead","7":"pa_land-denmark","8":"pa_procent-14-en","9":"pa_producent-dansk-mjoed-en","10":"pa_region-billund-en","11":"pa_volume-75-en","13":"first","14":"instock","15":"sale","16":"taxable","17":"shipping-taxable","18":"purchasable","19":"product-type-simple"},"bundled_by":[],"bundle_stock_status":"instock","bundle_stock_quantity":null,"bundle_virtual":false,"bundle_layout":"","bundle_add_to_cart_form_location":"","bundle_editable_in_cart":false,"bundle_sold_individually_context":"","bundle_item_grouping":"","bundle_min_size":"","bundle_max_size":"","bundle_price":[],"bundled_items":[],"bundle_sell_ids":[],"acf":[],"_links":{"self":[{"href":"https:\/\/www.raschvin.com\/en\/wp-json\/wp\/v2\/product\/65748","targetHints":{"allow":["GET"]}}],"collection":[{"href":"https:\/\/www.raschvin.com\/en\/wp-json\/wp\/v2\/product"}],"about":[{"href":"https:\/\/www.raschvin.com\/en\/wp-json\/wp\/v2\/types\/product"}],"wp:featuredmedia":[{"embeddable":true,"href":"https:\/\/www.raschvin.com\/en\/wp-json\/wp\/v2\/media\/65758"}],"wp:attachment":[{"href":"https:\/\/www.raschvin.com\/en\/wp-json\/wp\/v2\/media?parent=65748"}],"wp:term":[{"taxonomy":"product_brand","embeddable":true,"href":"https:\/\/www.raschvin.com\/en\/wp-json\/wp\/v2\/product_brand?post=65748"},{"taxonomy":"product_cat","embeddable":true,"href":"https:\/\/www.raschvin.com\/en\/wp-json\/wp\/v2\/product_cat?post=65748"},{"taxonomy":"product_tag","embeddable":true,"href":"https:\/\/www.raschvin.com\/en\/wp-json\/wp\/v2\/product_tag?post=65748"}],"curies":[{"name":"wp","href":"https:\/\/api.w.org\/{rel}","templated":true}]}}