{"id":64014,"date":"2024-08-22T10:16:07","date_gmt":"2024-08-22T08:16:07","guid":{"rendered":"https:\/\/www.raschvin.com\/produkt\/chateau-montrose-saint-estephe-2019-75-cl\/"},"modified":"2024-08-22T10:16:07","modified_gmt":"2024-08-22T08:16:07","slug":"chateau-montrose-saint-estephe-2019-75-cl","status":"publish","type":"product","link":"https:\/\/www.raschvin.com\/en\/product\/chateau-montrose-saint-estephe-2019-75-cl\/","title":{"rendered":"Ch\u00e2teau Montrose Saint-Est\u00e8phe 2019 75 cl."},"content":{"rendered":"<p>Notes of blackberry, raspberry, blood orange and bitter plum are supported by tobacco and laurel, and the wine appears focused and complete.<\/p>\n<p>It is said that a bottle of Montrose is best in the cellar for many years, but when you finally open it, the wine is an almost divine revelation. Some of the best Bordeaux can produce.<\/p>\n<p>The grapes are harvested from the property&#8217;s best parcels, a large part of which is grown organically. They are vinified in temperature-controlled steel tanks of varying sizes, and the wine, which, depending on the vintage, consists of a blend of 60-65 per cent. cabernet sauvignon, 30 per cent. merlot and the rest cabernet franc and petit verdot, aged for 18 months in French oak barrels &#8211; of which 60 per cent. new.<\/p>\n<p>The result is a huge, tannin-rich red wine with tight structure, precise acidity and a clean, refined fruit. Can develop for a minimum of 30 years.<\/p>\n<p>&#8220;Oh this is good, it steals up on you with real depth of flavour, stately and concentrated in a way that reminds me of a 1996 or a 2016. Extremely measured, very clear that this is going to age effortlessly, it is extremely discreet and yet packed with persistent flavours. A masterclass in the flavors and aromatics that you expect in a great M\u00e9doc wine &#8211; slate, crushed stones, savory blackcurrant, hints of smoke and cold ash. After five minutes in the glass the sweeter berry fruit comes out, and the whole thing is sappy and mouthwatering, and makes you smile. &#8221; &#8211; Decanter<\/p>\n<p>About Ch\u00e2teau Montrose<br \/>\nCh\u00e2teau Montrose (2. Cru Class\u00e9) forms, side by side with Cos d&#8217;Estournel, the Superliga of the Saint-Est\u00e9phe appellation. Powerful and concentrated, the castle&#8217;s wines are loved by the world&#8217;s top critics from Hong Kong to Napa Valley. So much so that it is often referred to as &#8220;Latour from Saint-Est\u00e8phe&#8221;.<\/p>\n<p>We have to go back to the end of the 18th century to find the foundation stones of Ch\u00e2teau Montrose. Here the castle was separated from Ch\u00e2teau Calon-S\u00e9gur. In 1855, the ch\u00e2teau was honored with the classification as 2. Cru, while Calon-S\u00e9gur had to settle for a classification as 3. Cru. Ch\u00e2teau Montrose has 68 hectares of vineyards in a single parcel around the ch\u00e2teau in a layout that has largely not changed since the classification in 1855.<\/p>\n<p>A wine that is an obvious investment wine with a safe and stable return if you can get your hands on the wine En Primeur.<\/p>\n","protected":false},"excerpt":{"rendered":"<p>Bordeaux \u2013 France<\/p>\n","protected":false},"featured_media":64067,"template":"","meta":{"_acf_changed":false,"rs_blank_template":"","rs_page_bg_color":"","slide_template_v7":""},"product_brand":[],"product_cat":[2789,2799],"product_tag":[],"class_list":{"0":"post-64014","1":"product","2":"type-product","3":"status-publish","4":"has-post-thumbnail","6":"product_cat-wine","7":"product_cat-red-wine","8":"pa_aargang-2019-en","9":"pa_drue-cabernet-franc-en","10":"pa_drue-cabernet-sauvignon-en","11":"pa_drue-merlot-en","12":"pa_land-france","13":"pa_procent-13-en","14":"pa_producent-chateau-montrose-en","15":"pa_region-bordeaux-en","16":"pa_serveringstemperatur-17-18-en","17":"pa_volume-75-en","19":"first","20":"instock","21":"taxable","22":"shipping-taxable","23":"purchasable","24":"product-type-simple"},"bundled_by":[],"bundle_stock_status":"instock","bundle_stock_quantity":null,"bundle_virtual":false,"bundle_layout":"","bundle_add_to_cart_form_location":"","bundle_editable_in_cart":false,"bundle_sold_individually_context":"","bundle_item_grouping":"","bundle_min_size":"","bundle_max_size":"","bundle_price":[],"bundled_items":[],"bundle_sell_ids":[],"acf":[],"_links":{"self":[{"href":"https:\/\/www.raschvin.com\/en\/wp-json\/wp\/v2\/product\/64014","targetHints":{"allow":["GET"]}}],"collection":[{"href":"https:\/\/www.raschvin.com\/en\/wp-json\/wp\/v2\/product"}],"about":[{"href":"https:\/\/www.raschvin.com\/en\/wp-json\/wp\/v2\/types\/product"}],"wp:featuredmedia":[{"embeddable":true,"href":"https:\/\/www.raschvin.com\/en\/wp-json\/wp\/v2\/media\/64067"}],"wp:attachment":[{"href":"https:\/\/www.raschvin.com\/en\/wp-json\/wp\/v2\/media?parent=64014"}],"wp:term":[{"taxonomy":"product_brand","embeddable":true,"href":"https:\/\/www.raschvin.com\/en\/wp-json\/wp\/v2\/product_brand?post=64014"},{"taxonomy":"product_cat","embeddable":true,"href":"https:\/\/www.raschvin.com\/en\/wp-json\/wp\/v2\/product_cat?post=64014"},{"taxonomy":"product_tag","embeddable":true,"href":"https:\/\/www.raschvin.com\/en\/wp-json\/wp\/v2\/product_tag?post=64014"}],"curies":[{"name":"wp","href":"https:\/\/api.w.org\/{rel}","templated":true}]}}