{"id":62591,"date":"2024-08-05T10:04:22","date_gmt":"2024-08-05T08:04:22","guid":{"rendered":"https:\/\/www.raschvin.com\/produkt\/albert-sounit-bourgogne-rouge-vieilles-vignes-2022-75-cl\/"},"modified":"2025-04-24T16:00:51","modified_gmt":"2025-04-24T14:00:51","slug":"albert-sounit-bourgogne-rouge-vieilles-vignes-2022-75-cl","status":"publish","type":"product","link":"https:\/\/www.raschvin.com\/en\/product\/albert-sounit-bourgogne-rouge-vieilles-vignes-2022-75-cl\/","title":{"rendered":"Albert Sounit Bourgogne Rouge &#8211; Vieilles Vignes 2023 75 cl."},"content":{"rendered":"<p>Vieilles Vignes lies on the plateau south of Buxy, surrounded by Montagny 1. Cru fields to the north and west. The field is planted with Pinot Noir and the average age is around 40 years. The oldest parcels are approx. 70 years old. The wine is harvested by hand and passes through a sorting table before vinification, so that only absolutely healthy grapes enter the fermentation tank. The total &#8220;cuvage&#8221; (vinification in an open tank) lasts approx. 3 weeks: approx. 7 days of cold maceration (approx. 9\u00b0), during which the juice absorbs fruit and color from the solids. Then approx. 8\u201310 days of alcoholic fermentation (25. &#8211; 28\u00b0) and subsequently approx. 2 \u2013 4 days of post-maceration at approx. 18 &#8211; 20\u00b0. The wine is then poured into oak barrels, where the malolactic fermentation takes place, and the aging in barrels lasts approx. 12 \u2013 14 months. It uses approx. 25% new oak barrels (exclusively French barrels). Vieilles Vignes has a beautiful, glossy ruby \u200b\u200bcolour. The aroma is deep and intense, and as always primarily characterized by cherries and dark berries (blackberries) and a fine pepper spice. The taste is complex and harmonious, with plenty of crispness and fruit character.<\/p>\n<p>Vinification: 12-14 months aging in French oak casks, of which approx. 25% are new.<\/p>\n<p>Tasting notes: Complex and harmonious &#8211; with lots of crispness and fruity character.<\/p>\n<p>Recommended for: cheese poultry, Dark poultry, Grill and barbecue, French country cuisine<\/p>\n<p>Burgundy<br \/>\nBurgundy stretches from Auxerre in the north, where we find Chablis, to Lyon in the south, if Beaujolais is included. South of Chablis, we find the best-known area C\u00f4te d&#8217;Or \u2013 the golden slope \u2013 where the majority of the Grand Cru vineyards are located. The C\u00f4te d&#8217;Or is subdivided into two parts: the C\u00f4te de Nuits in the north and the C\u00f4te de Beaune in the south. The area where wine is grown is only about 40 km long and about 2 km wide, and consists of a series of small towns (Villages), surrounded by flat vineyards to the east and steep slopes along the western ridge. Burgundy has 100 different appellations, roughly equally divided between white and red wines. The Grand Cru appellation, which is Burgundy&#8217;s finest, embraces just 33 famous fields and covers just 1.4% of the total production.<\/p>\n<p>Domaine Albert Sounit<br \/>\nMaison Albert Sounit is located in the charming wine town of Rully in Burgundy. The winery has been Danish-owned since 1993. The house makes a wide range of Burgundy wines: Cr\u00e9mant de Bourgogne as well as white and red Burgundy from the C\u00f4te Chalonnaise. The house&#8217;s motto is quality above all else, and the grapes for all the house&#8217;s wines are harvested manually (by hand). Only the natural yeast of the grapes is used. The white and red wines are aged in French oak barrels, and bottling takes place without filtration. In 2005, Maison Albert Sounit took over the Domaine Bernollin vineyard in Montagny.<\/p>\n","protected":false},"excerpt":{"rendered":"<p>Bourgogne, C\u00f4te Chalonnaise \u2013 France<\/p>\n","protected":false},"featured_media":62609,"template":"","meta":{"_acf_changed":false,"rs_blank_template":"","rs_page_bg_color":"","slide_template_v7":""},"product_brand":[],"product_cat":[7775,2789,2799],"product_tag":[],"class_list":{"0":"post-62591","1":"product","2":"type-product","3":"status-publish","4":"has-post-thumbnail","6":"product_cat-summer-pinot-noir","7":"product_cat-wine","8":"product_cat-red-wine","9":"pa_aargang-2023-en","10":"pa_drue-pinot-noir-en","11":"pa_land-france","12":"pa_procent-13-5-en","13":"pa_producent-domaine-albert-sounit-en","14":"pa_region-bourgogne-en","15":"pa_serveringstemperatur-16-17-en","16":"pa_volume-75-en","18":"first","19":"instock","20":"taxable","21":"shipping-taxable","22":"purchasable","23":"product-type-simple"},"bundled_by":["119783"],"bundle_stock_status":"instock","bundle_stock_quantity":null,"bundle_virtual":false,"bundle_layout":"","bundle_add_to_cart_form_location":"","bundle_editable_in_cart":false,"bundle_sold_individually_context":"","bundle_item_grouping":"","bundle_min_size":"","bundle_max_size":"","bundle_price":[],"bundled_items":[],"bundle_sell_ids":[],"acf":[],"_links":{"self":[{"href":"https:\/\/www.raschvin.com\/en\/wp-json\/wp\/v2\/product\/62591","targetHints":{"allow":["GET"]}}],"collection":[{"href":"https:\/\/www.raschvin.com\/en\/wp-json\/wp\/v2\/product"}],"about":[{"href":"https:\/\/www.raschvin.com\/en\/wp-json\/wp\/v2\/types\/product"}],"wp:featuredmedia":[{"embeddable":true,"href":"https:\/\/www.raschvin.com\/en\/wp-json\/wp\/v2\/media\/62609"}],"wp:attachment":[{"href":"https:\/\/www.raschvin.com\/en\/wp-json\/wp\/v2\/media?parent=62591"}],"wp:term":[{"taxonomy":"product_brand","embeddable":true,"href":"https:\/\/www.raschvin.com\/en\/wp-json\/wp\/v2\/product_brand?post=62591"},{"taxonomy":"product_cat","embeddable":true,"href":"https:\/\/www.raschvin.com\/en\/wp-json\/wp\/v2\/product_cat?post=62591"},{"taxonomy":"product_tag","embeddable":true,"href":"https:\/\/www.raschvin.com\/en\/wp-json\/wp\/v2\/product_tag?post=62591"}],"curies":[{"name":"wp","href":"https:\/\/api.w.org\/{rel}","templated":true}]}}