{"id":61678,"date":"2024-07-28T07:37:08","date_gmt":"2024-07-28T05:37:08","guid":{"rendered":"https:\/\/www.raschvin.com\/produkt\/chateau-belair-monange-saint-emilion-premier-grand-cru-classe-2018-75-cl\/"},"modified":"2024-07-28T07:37:08","modified_gmt":"2024-07-28T05:37:08","slug":"chateau-belair-monange-saint-emilion-premier-grand-cru-classe-2018-75-cl","status":"publish","type":"product","link":"https:\/\/www.raschvin.com\/en\/product\/chateau-belair-monange-saint-emilion-premier-grand-cru-classe-2018-75-cl\/","title":{"rendered":"Ch\u00e2teau B\u00e9lair-Monange Saint-Emilion Premier Grand Cru Class\u00e9 2018 75 cl."},"content":{"rendered":"<p>The wine displays a flamboyant personality with aromas of ripe plums, mocha, blood orange and cinnamon. It is sumptuous, generous and hits the spot on every imaginable parameter.<\/p>\n<p>90% Merlot and 10% Cabernet Franc.<\/p>\n<p>Can be recommended for<br \/>\nPork, beef, veal, lamb and game.<\/p>\n<p>Year 2018:<br \/>\n95 points \/ WineSpectator.<br \/>\n98 points \/ Robert Parker.<br \/>\n97 points \/ Decanter.<br \/>\n96 points \/ Vinous.<\/p>\n<p>Ch\u00e2teau B\u00e9lair (later Ch\u00e2teau B\u00e9lair-Monange), which overlooks the Dordogne river valley, began its remarkable journey in winemaking in the 17th century. In 1691, the property was already known for its wines, which were sought after both locally and abroad. The property was also owned by the Canolle de Lescours family for over 200 years.<\/p>\n<p>In 1916, the Canolle family sold the property to Mr. and Mrs. Dubois-Challon, who continued the proud traditions, which, among other things, meant that in 1959 the ch\u00e2teau was ranked as Premier Grand Cru Class\u00e9 B\u201d. In 2003, the widow Dubois-Challon dies and since there are no heirs, she bequeaths the castle to the then manager Pascal Delbeck.<\/p>\n<p>In 2008, Christian and Edouard Moueix fulfilled the ambition of their ancestor, Jean-Pierre Moueix, by acquiring Ch\u00e2teau B\u00e9lair from Pascal Delbeck. On the same occasion, they renamed the ch\u00e2teau B\u00e9lair-Monange in honor of Anne-Ad\u00e9le Monange, mother of Jean-Pierre Moueix. A complete restoration of the castle, vineyards, cellars and production facilities.<\/p>\n<p>In 2012, the property was expanded with plots from the Ch\u00e2teau Magdelaine property, owned by the Moueix family since 1952. It can also be mentioned that Edouard Moueix, his wife and their 2 children live in the beautiful castle, which was originally built in 1750 on the site of a old fortress.<\/p>\n<p>With the potential of the castle&#8217;s 12 hectares of fantastically situated fields and the status of former times in mind, there is no doubt about Moueix&#8217;s goal, namely to challenge the area&#8217;s two highest classified wines on quality parameters again &#8211; and who knows, maybe one day also on the official ranking . It will be exciting to follow.<\/p>\n","protected":false},"excerpt":{"rendered":"<p>Bordeaux &#8211; France <\/p>\n","protected":false},"featured_media":61687,"template":"","meta":{"_acf_changed":false,"rs_blank_template":"","rs_page_bg_color":"","slide_template_v7":""},"product_brand":[],"product_cat":[2789,2799],"product_tag":[],"class_list":{"0":"post-61678","1":"product","2":"type-product","3":"status-publish","4":"has-post-thumbnail","6":"product_cat-wine","7":"product_cat-red-wine","8":"pa_aargang-2018-en","9":"pa_drue-cabernet-franc-en","10":"pa_drue-merlot-en","11":"pa_land-france","12":"pa_procent-15-en","13":"pa_producent-chateau-belair-monange-en","14":"pa_region-bordeaux-en","15":"pa_serveringstemperatur-17-18-en","16":"pa_volume-75-en","18":"first","19":"instock","20":"sale","21":"taxable","22":"shipping-taxable","23":"purchasable","24":"product-type-simple"},"bundled_by":[],"bundle_stock_status":"instock","bundle_stock_quantity":null,"bundle_virtual":false,"bundle_layout":"","bundle_add_to_cart_form_location":"","bundle_editable_in_cart":false,"bundle_sold_individually_context":"","bundle_item_grouping":"","bundle_min_size":"","bundle_max_size":"","bundle_price":[],"bundled_items":[],"bundle_sell_ids":[],"acf":[],"_links":{"self":[{"href":"https:\/\/www.raschvin.com\/en\/wp-json\/wp\/v2\/product\/61678","targetHints":{"allow":["GET"]}}],"collection":[{"href":"https:\/\/www.raschvin.com\/en\/wp-json\/wp\/v2\/product"}],"about":[{"href":"https:\/\/www.raschvin.com\/en\/wp-json\/wp\/v2\/types\/product"}],"wp:featuredmedia":[{"embeddable":true,"href":"https:\/\/www.raschvin.com\/en\/wp-json\/wp\/v2\/media\/61687"}],"wp:attachment":[{"href":"https:\/\/www.raschvin.com\/en\/wp-json\/wp\/v2\/media?parent=61678"}],"wp:term":[{"taxonomy":"product_brand","embeddable":true,"href":"https:\/\/www.raschvin.com\/en\/wp-json\/wp\/v2\/product_brand?post=61678"},{"taxonomy":"product_cat","embeddable":true,"href":"https:\/\/www.raschvin.com\/en\/wp-json\/wp\/v2\/product_cat?post=61678"},{"taxonomy":"product_tag","embeddable":true,"href":"https:\/\/www.raschvin.com\/en\/wp-json\/wp\/v2\/product_tag?post=61678"}],"curies":[{"name":"wp","href":"https:\/\/api.w.org\/{rel}","templated":true}]}}