{"id":59872,"date":"2024-07-12T08:01:03","date_gmt":"2024-07-12T06:01:03","guid":{"rendered":"https:\/\/www.raschvin.com\/produkt\/fanoe-coffee-puncher-imperial-dry-stout-115-50-cl\/"},"modified":"2024-07-13T09:04:06","modified_gmt":"2024-07-13T07:04:06","slug":"fanoe-coffee-puncher-imperial-dry-stout-115-50-cl","status":"publish","type":"product","link":"https:\/\/www.raschvin.com\/en\/product\/fanoe-coffee-puncher-imperial-dry-stout-115-50-cl\/","title":{"rendered":"Fan\u00f8 Coffee Puncher &#8211; Imperial Dry Stout 10 cl. 11,5%"},"content":{"rendered":"<p>No night out on the island of Fan\u00f8 is complete without a strong cup of Coffee Punch.  Black coffee and Br\u00f8ndums Snaps are key the ingredients of choice for this traditional Fan\u00f8 nightcap.  Brewed to honor Fan\u00f8\u2019s drink of choice and the many late nights spent among friends enjoying it, \u201cCoffee Puncher\u201d is an Imperial Dry Stout brewed with coffee and aged on Br\u00f8ndums-soaked oak chips (and even more coffee).  Flavors and aromas of roasted malts, dark chocolate, and coffee dominate this strong, bone-dry stout.<\/p>\n","protected":false},"excerpt":{"rendered":"<p>Fan\u00f8 Bryghus \u2013 Denmark<\/p>\n","protected":false},"featured_media":59885,"template":"","meta":{"_acf_changed":false,"rs_blank_template":"","rs_page_bg_color":"","slide_template_v7":""},"product_brand":[],"product_cat":[2803,2800,4784],"product_tag":[],"class_list":{"0":"post-59872","1":"product","2":"type-product","3":"status-publish","4":"has-post-thumbnail","6":"product_cat-ale-en","7":"product_cat-beer","8":"product_cat-stout-en","9":"pa_land-denmark","10":"pa_procent-11-5-en","11":"pa_producent-fanoe-bryghus-en","12":"pa_region-fanoe-en","13":"pa_serveringstemperatur-8-10-en","14":"pa_volume-50-en","16":"first","17":"instock","18":"taxable","19":"shipping-taxable","20":"purchasable","21":"product-type-simple"},"bundled_by":[],"bundle_stock_status":"instock","bundle_stock_quantity":null,"bundle_virtual":false,"bundle_layout":"","bundle_add_to_cart_form_location":"","bundle_editable_in_cart":false,"bundle_sold_individually_context":"","bundle_item_grouping":"","bundle_min_size":"","bundle_max_size":"","bundle_price":[],"bundled_items":[],"bundle_sell_ids":[],"acf":[],"_links":{"self":[{"href":"https:\/\/www.raschvin.com\/en\/wp-json\/wp\/v2\/product\/59872","targetHints":{"allow":["GET"]}}],"collection":[{"href":"https:\/\/www.raschvin.com\/en\/wp-json\/wp\/v2\/product"}],"about":[{"href":"https:\/\/www.raschvin.com\/en\/wp-json\/wp\/v2\/types\/product"}],"wp:featuredmedia":[{"embeddable":true,"href":"https:\/\/www.raschvin.com\/en\/wp-json\/wp\/v2\/media\/59885"}],"wp:attachment":[{"href":"https:\/\/www.raschvin.com\/en\/wp-json\/wp\/v2\/media?parent=59872"}],"wp:term":[{"taxonomy":"product_brand","embeddable":true,"href":"https:\/\/www.raschvin.com\/en\/wp-json\/wp\/v2\/product_brand?post=59872"},{"taxonomy":"product_cat","embeddable":true,"href":"https:\/\/www.raschvin.com\/en\/wp-json\/wp\/v2\/product_cat?post=59872"},{"taxonomy":"product_tag","embeddable":true,"href":"https:\/\/www.raschvin.com\/en\/wp-json\/wp\/v2\/product_tag?post=59872"}],"curies":[{"name":"wp","href":"https:\/\/api.w.org\/{rel}","templated":true}]}}