{"id":58432,"date":"2024-06-29T08:12:08","date_gmt":"2024-06-29T06:12:08","guid":{"rendered":"https:\/\/www.raschvin.com\/produkt\/fanti-santantimo-vinsanto-375-cl\/"},"modified":"2024-06-29T08:12:08","modified_gmt":"2024-06-29T06:12:08","slug":"fanti-santantimo-vinsanto-375-cl","status":"publish","type":"product","link":"https:\/\/www.raschvin.com\/en\/product\/fanti-santantimo-vinsanto-375-cl\/","title":{"rendered":"FANTI Sant\u2019Antimo Vinsanto 37,5 cl."},"content":{"rendered":"<p>According to the Tuscan tradition, Fanti has always produced Vin Santo according to the family&#8217;s centuries-old recipe: over three months of drying the grapes (Trebbiano, Malvasia and San Colombano) and six years of aging in &#8220;caratelli&#8221;.<\/p>\n<p>As Filippo says: &#8220;From a berry, only a drop of Vin Santo.&#8221;<\/p>\n<p>Hand-harvested from selected bunches and ripe grapes in mid-September. The grapes are hung in vertical nets to dry for 4-6 months as they develop a high concentration of sugar. Light pressing of the grapes and then fermentation and maturation for approximately 7 years in smaller barrels (caratelli) that are filled to 70%. After bottling another 6 months in bottle.<\/p>\n<p>Grade:<br \/>\nColor of sparkling amber, with intense aromas of chestnut and honey, sultanas and almonds.<br \/>\nThe taste is round and rich, where the aromas integrate well with the taste of licorice stick, pickled peaches and caramel, with a long lasting aftertaste.<\/p>\n<p>Served: 15-16\u00b0C<\/p>\n<p>Fits to:<br \/>\nA meditation wine! Suitable for desserts such as cr\u00e8me br\u00fbl\u00e9e, cheeses, foie gras and traditional dry cakes and cantuccini.<\/p>\n","protected":false},"excerpt":{"rendered":"<p>Tuscany \u2013 Italy<\/p>\n","protected":false},"featured_media":58504,"template":"","meta":{"_acf_changed":false,"rs_blank_template":"","rs_page_bg_color":"","slide_template_v7":""},"product_brand":[],"product_cat":[2791,2789],"product_tag":[],"class_list":{"0":"post-58432","1":"product","2":"type-product","3":"status-publish","4":"has-post-thumbnail","6":"product_cat-dessert-wine","7":"product_cat-wine","8":"pa_champagne-type-sweet-wine-en","9":"pa_drue-malvasia-toscano-en","10":"pa_drue-san-colombano-en","11":"pa_drue-trebbiano-toscano-en","12":"pa_land-italy","13":"pa_procent-13-5-en","14":"pa_producent-tenuta-fanti-en","15":"pa_region-toscana-en","16":"pa_serveringstemperatur-15-16-en","17":"pa_volume-37-5-en","19":"first","20":"instock","21":"sale","22":"taxable","23":"shipping-taxable","24":"purchasable","25":"product-type-simple"},"bundled_by":[],"bundle_stock_status":"instock","bundle_stock_quantity":null,"bundle_virtual":false,"bundle_layout":"","bundle_add_to_cart_form_location":"","bundle_editable_in_cart":false,"bundle_sold_individually_context":"","bundle_item_grouping":"","bundle_min_size":"","bundle_max_size":"","bundle_price":[],"bundled_items":[],"bundle_sell_ids":[],"acf":[],"_links":{"self":[{"href":"https:\/\/www.raschvin.com\/en\/wp-json\/wp\/v2\/product\/58432","targetHints":{"allow":["GET"]}}],"collection":[{"href":"https:\/\/www.raschvin.com\/en\/wp-json\/wp\/v2\/product"}],"about":[{"href":"https:\/\/www.raschvin.com\/en\/wp-json\/wp\/v2\/types\/product"}],"wp:featuredmedia":[{"embeddable":true,"href":"https:\/\/www.raschvin.com\/en\/wp-json\/wp\/v2\/media\/58504"}],"wp:attachment":[{"href":"https:\/\/www.raschvin.com\/en\/wp-json\/wp\/v2\/media?parent=58432"}],"wp:term":[{"taxonomy":"product_brand","embeddable":true,"href":"https:\/\/www.raschvin.com\/en\/wp-json\/wp\/v2\/product_brand?post=58432"},{"taxonomy":"product_cat","embeddable":true,"href":"https:\/\/www.raschvin.com\/en\/wp-json\/wp\/v2\/product_cat?post=58432"},{"taxonomy":"product_tag","embeddable":true,"href":"https:\/\/www.raschvin.com\/en\/wp-json\/wp\/v2\/product_tag?post=58432"}],"curies":[{"name":"wp","href":"https:\/\/api.w.org\/{rel}","templated":true}]}}