{"id":57891,"date":"2024-06-24T08:42:16","date_gmt":"2024-06-24T06:42:16","guid":{"rendered":"https:\/\/www.raschvin.com\/produkt\/schola-sarmenti-antieri-susumaniello-rose-2023-75-cl\/"},"modified":"2025-12-12T07:18:00","modified_gmt":"2025-12-12T06:18:00","slug":"schola-sarmenti-antieri-susumaniello-rose-2023-75-cl","status":"publish","type":"product","link":"https:\/\/www.raschvin.com\/en\/product\/schola-sarmenti-antieri-susumaniello-rose-2023-75-cl\/","title":{"rendered":"Schola Sarmenti \u2013 Antieri Susumaniello Ros\u00e8 75 cl."},"content":{"rendered":"<p>Antieri susumaniello ros\u00e8 is the new ros\u00e9 wine obtained by the Schola Sarmenti winery in 2020 starting from the traditional Salento susumaniello grapes. An innovative and elegant wine, which however remains faithful to the classic tradition of Salento ros\u00e9 wines, however rich in body and structure.<\/p>\n<p>The grapes come from the countryside of Nard\u00f2, where the climate is typical Mediterranean, hot and arid in summer with little rainfall. The soil is located at 30 meters above sea level, with a slight degradation towards the sea and is of the Pleistocene-type silico-clay-limestone type, compact and arid, with excellent fertility with a training system. hectare: about 6,000 Kg. of grapes Average age of the vines: 10 years.<\/p>\n<p>The grapes are harvested in the second week of September with a manual harvest in small wooden boxes to preserve their integrity. The vinification is carried out with a quick cryomaceration of the skins followed by the fermentation in steel at a controlled temperature. Finally the wine ages in the bottle for about 4 months.<\/p>\n<p>Antieri rosato has a bright and shiny pale pink color, the nose releases a delicate hint of small red fruits and wildflowers, and in the mouth it is savory, acid, however consistent and very persistent.<\/p>\n<p>Pairings: aperitifs and dishes based on fresh fish from the Salento tradition, but also crudit\u00e9s, sushi and fish sashimi from the Mediterranean.<\/p>\n<p>Fra det solbeskinnede Puglia kommer den fremragende ving\u00e5rd Schola Sarmenti, som producerer en r\u00e6kke smukke vine i det sydlige Italien. De italienske vine fra Puglia er kendt for deres kraftfulde og fyldige smag, fremh\u00e6vet ved modning under den varme sol. Schola Sarmentis flagskib, Nerio Riserva, er et glimrende eksempel p\u00e5 deres h\u00e5ndv\u00e6rk. Denne vin har modtaget den prestigefyldte WineSpectator-pris flere gange for sin up\u00e5klagelige kvalitet og rige smag. Selvom navnet &#8216;negroamaro&#8217; kan overs\u00e6ttes til &#8216;sort bitter&#8217;, er denne vin alt andet end syrlig eller garvesyre. Populariteten af \u200b\u200bNerio Negroamaro er et bevis p\u00e5 dens brede appel Ud over Nerio Negroamaro er Schola Sarmenti kendt for sine primitivo-vine fra Puglia, herunder Crit\u00e8ra Primitivo, Cubardi Primitivo og Diciotto Primitivo. Primitivo-druen har vundet popularitet verden over de seneste \u00e5r, og Schola Sarmentis primitivo-vine er blandt de bedste. Tempo al Vino-serien, med Tempo al Vino Primitivo, tilbyder ogs\u00e5 fremragende v\u00e6rdi for pengene, der er velegnet til enhver lejlighed. hjertet af Puglia vinregion. Denne r\u00f8de italienske vin har en lummer og krydret smag, der kommer til sin ret i store glas, serveret ved en temperatur mellem 16 og 18 grader Celsius. Med et lagringspotentiale p\u00e5 3 til 5 \u00e5r lover Nerio Riserva en fremragende vinoplevelse, b\u00e5de nu og i fremtiden.<\/p>\n","protected":false},"excerpt":{"rendered":"<p>Puglia \u2013 Italy<\/p>\n","protected":false},"featured_media":57900,"template":"","meta":{"_acf_changed":false,"rs_blank_template":"","rs_page_bg_color":"","slide_template_v7":""},"product_brand":[],"product_cat":[7778,2789,2797],"product_tag":[],"class_list":{"0":"post-57891","1":"product","2":"type-product","3":"status-publish","4":"has-post-thumbnail","6":"product_cat-summer-rose","7":"product_cat-wine","8":"product_cat-rosewine","9":"pa_drue-susumaniello-en","10":"pa_land-italy","11":"pa_procent-13-en","12":"pa_producent-schola-sarmenti-en","13":"pa_region-puglia-en","14":"pa_serveringstemperatur-10-12-en-2","15":"pa_volume-75-en","17":"first","18":"instock","19":"taxable","20":"shipping-taxable","21":"purchasable","22":"product-type-simple"},"bundled_by":[],"bundle_stock_status":"instock","bundle_stock_quantity":null,"bundle_virtual":false,"bundle_layout":"","bundle_add_to_cart_form_location":"","bundle_editable_in_cart":false,"bundle_sold_individually_context":"","bundle_item_grouping":"","bundle_min_size":"","bundle_max_size":"","bundle_price":[],"bundled_items":[],"bundle_sell_ids":[],"acf":[],"_links":{"self":[{"href":"https:\/\/www.raschvin.com\/en\/wp-json\/wp\/v2\/product\/57891","targetHints":{"allow":["GET"]}}],"collection":[{"href":"https:\/\/www.raschvin.com\/en\/wp-json\/wp\/v2\/product"}],"about":[{"href":"https:\/\/www.raschvin.com\/en\/wp-json\/wp\/v2\/types\/product"}],"wp:featuredmedia":[{"embeddable":true,"href":"https:\/\/www.raschvin.com\/en\/wp-json\/wp\/v2\/media\/57900"}],"wp:attachment":[{"href":"https:\/\/www.raschvin.com\/en\/wp-json\/wp\/v2\/media?parent=57891"}],"wp:term":[{"taxonomy":"product_brand","embeddable":true,"href":"https:\/\/www.raschvin.com\/en\/wp-json\/wp\/v2\/product_brand?post=57891"},{"taxonomy":"product_cat","embeddable":true,"href":"https:\/\/www.raschvin.com\/en\/wp-json\/wp\/v2\/product_cat?post=57891"},{"taxonomy":"product_tag","embeddable":true,"href":"https:\/\/www.raschvin.com\/en\/wp-json\/wp\/v2\/product_tag?post=57891"}],"curies":[{"name":"wp","href":"https:\/\/api.w.org\/{rel}","templated":true}]}}