{"id":57538,"date":"2024-06-13T06:56:03","date_gmt":"2024-06-13T04:56:03","guid":{"rendered":"https:\/\/www.raschvin.com\/produkt\/henri-ehrhart-gewuerztraminer-reserve-75-cl\/"},"modified":"2024-06-13T06:56:57","modified_gmt":"2024-06-13T04:56:57","slug":"henri-ehrhart-gewuerztraminer-reserve-75-cl","status":"publish","type":"product","link":"https:\/\/www.raschvin.com\/en\/product\/henri-ehrhart-gewuerztraminer-reserve-75-cl\/","title":{"rendered":"Henri Ehrhart Gew\u00fcrztraminer R\u00e9serve 75 cl."},"content":{"rendered":"<p>An unrivaled full-bodied appearance in this Gew\u00fcrztraminer from the Alsace house Henri Ehrhart.<\/p>\n<p>Good at:<br \/>\nDuck, dessert, risotto<\/p>\n<p>PLENTY AND LUXURIOUS<\/p>\n<p>In the glass, Henri Ehrhart Gew\u00fcrztraminer appears full-bodied and sumptuous with typical Gew\u00fcrztraminer character. The bouquet is intense and complex with a firework of exotic fruits (lychee and passion fruit), flowers, citrus and a bit of pepper. The aroma of ripe fruit gives the wine an unrivaled full-bodied appearance.<br \/>\nHenri Ehrhart Gew\u00fcrztraminer is served at 8\u00b0C for almost any occasion, with duck terrine, foie gras or with exotic \u2013 slightly spicy \u2013 \u200b\u200bcurry or tandoori dishes. Also enjoy the wine with desserts, fruit tarts, cake or with blue cheese.<\/p>\n<p>Serving temperature: 8-10\u00b0C<\/p>\n<p>Manufacturing<\/p>\n<p>Henri Ehrhart Gew\u00fcrztraminer is made from the aromatic grape of the same name. The white wine grape thrives best in cool climates such as here in Alsace.<\/p>\n<p>About the manufacturer<\/p>\n<p>Henri Ehrhart is the only family-owned winery among the top 10 wineries in Alsace.<\/p>\n<p>Maison Henri Ehrhart: In the 70s, Henri Ehrhart bought 4 hectares of vineyards around the small picturesque town of Ammerschwihr approx. 8 km. west of Colmar &#8211; the &#8220;capital&#8221; of Alsatian wines. Over the years, the family company has grown to be the fifth largest producer of Alsatian wines with 7 million bottles annually, and the company is today run by son Cyrille Ehrhart.<\/p>\n<p>With their own winery and bottling plant in Ammerschwihr and with the very latest technology, the Ehrhart family has control over the quality of their wines and can bottle the wines at exactly the right time.<\/p>\n<p>The Ehrhart family has a finger on both the French and international pulse, and the company is adept at adapting to consumers&#8217; tastes in wine.<\/p>\n<p>&#8220;We are dedicated to quality, food safety and customer satisfaction and we have the expertise to deliver high quality wines at reasonable prices with complete control over the entire manufacturing process&#8221; &#8211; says Cyrille Ehrhart. The company is IFS certified at &#8220;higher level&#8221;.<\/p>\n","protected":false},"excerpt":{"rendered":"<p>Alsace \u2013 France<\/p>\n","protected":false},"featured_media":57599,"template":"","meta":{"_acf_changed":false,"rs_blank_template":"","rs_page_bg_color":"","slide_template_v7":""},"product_brand":[],"product_cat":[2793,2789],"product_tag":[],"class_list":{"0":"post-57538","1":"product","2":"type-product","3":"status-publish","4":"has-post-thumbnail","6":"product_cat-white-wine","7":"product_cat-wine","8":"pa_drue-gewuertztaminer-en","9":"pa_land-france","10":"pa_procent-13-5-en","11":"pa_producent-henri-ehrhart-en","12":"pa_region-alsace-en","13":"pa_serveringstemperatur-8-10-en","14":"pa_volume-75-en","16":"first","17":"instock","18":"taxable","19":"shipping-taxable","20":"purchasable","21":"product-type-simple"},"bundled_by":["119706"],"bundle_stock_status":"instock","bundle_stock_quantity":null,"bundle_virtual":false,"bundle_layout":"","bundle_add_to_cart_form_location":"","bundle_editable_in_cart":false,"bundle_sold_individually_context":"","bundle_item_grouping":"","bundle_min_size":"","bundle_max_size":"","bundle_price":[],"bundled_items":[],"bundle_sell_ids":[],"acf":[],"_links":{"self":[{"href":"https:\/\/www.raschvin.com\/en\/wp-json\/wp\/v2\/product\/57538","targetHints":{"allow":["GET"]}}],"collection":[{"href":"https:\/\/www.raschvin.com\/en\/wp-json\/wp\/v2\/product"}],"about":[{"href":"https:\/\/www.raschvin.com\/en\/wp-json\/wp\/v2\/types\/product"}],"wp:featuredmedia":[{"embeddable":true,"href":"https:\/\/www.raschvin.com\/en\/wp-json\/wp\/v2\/media\/57599"}],"wp:attachment":[{"href":"https:\/\/www.raschvin.com\/en\/wp-json\/wp\/v2\/media?parent=57538"}],"wp:term":[{"taxonomy":"product_brand","embeddable":true,"href":"https:\/\/www.raschvin.com\/en\/wp-json\/wp\/v2\/product_brand?post=57538"},{"taxonomy":"product_cat","embeddable":true,"href":"https:\/\/www.raschvin.com\/en\/wp-json\/wp\/v2\/product_cat?post=57538"},{"taxonomy":"product_tag","embeddable":true,"href":"https:\/\/www.raschvin.com\/en\/wp-json\/wp\/v2\/product_tag?post=57538"}],"curies":[{"name":"wp","href":"https:\/\/api.w.org\/{rel}","templated":true}]}}