{"id":57392,"date":"2024-06-12T16:21:44","date_gmt":"2024-06-12T14:21:44","guid":{"rendered":"https:\/\/www.raschvin.com\/produkt\/highland-park-25-years-2023-release-70-cl-46\/"},"modified":"2024-06-12T16:22:23","modified_gmt":"2024-06-12T14:22:23","slug":"highland-park-25-years-2023-release-70-cl-46","status":"publish","type":"product","link":"https:\/\/www.raschvin.com\/en\/product\/highland-park-25-years-2023-release-70-cl-46\/","title":{"rendered":"Highland Park 25 Years 2023 Release 70 cl. 46%"},"content":{"rendered":"<p>The 2023 edition of Highland Park 25 Year Old is a carefully curated selection by master whiskey maker Gordon Motion, featuring whiskeys from an exclusive set of casks. These casks include first-fill sherry seasoned casks along with European hogsheads and virgin American hogsheads and butts, selected for their ability to enrich the whiskey with a depth of flavor and character. This careful selection process has resulted in a spectacular expression of the Orkney single malt, demonstrating the distillery&#8217;s commitment to excellence and the unique influence of the casks chosen on the whiskey&#8217;s profile.<\/p>\n<p>&#8216;Fruit, sweet and fragrant with warm woody spices&#8217; \u2022 Honey colored peaches \u2022 Sweet satsumas \u2022 Pistachio biscotti \u2022 Crushed coriander seeds \u2022 Aromatic oregano \u2022 Cr\u00e8me br\u00fbl\u00e9e \u2022 Citrus peel \u2022 Heather smoke<\/p>\n","protected":false},"excerpt":{"rendered":"<p>Single Malt Scotch Whisky<\/p>\n","protected":false},"featured_media":57480,"template":"","meta":{"_acf_changed":false,"rs_blank_template":"","rs_page_bg_color":"","slide_template_v7":""},"product_brand":[],"product_cat":[983,984,4650],"product_tag":[],"class_list":{"0":"post-57392","1":"product","2":"type-product","3":"status-publish","4":"has-post-thumbnail","6":"product_cat-avec-en","7":"product_cat-whisky-en","8":"product_cat-single-malt-en","9":"pa_aargang-2023-en","10":"pa_land-scotland","11":"pa_procent-46-en","12":"pa_producent-highland-park-en","13":"pa_region-orkney-en","14":"pa_volume-70-en-2","16":"first","17":"instock","18":"sale","19":"taxable","20":"shipping-taxable","21":"purchasable","22":"product-type-simple"},"bundled_by":[],"bundle_stock_status":"instock","bundle_stock_quantity":null,"bundle_virtual":false,"bundle_layout":"","bundle_add_to_cart_form_location":"","bundle_editable_in_cart":false,"bundle_sold_individually_context":"","bundle_item_grouping":"","bundle_min_size":"","bundle_max_size":"","bundle_price":[],"bundled_items":[],"bundle_sell_ids":[],"acf":[],"_links":{"self":[{"href":"https:\/\/www.raschvin.com\/en\/wp-json\/wp\/v2\/product\/57392","targetHints":{"allow":["GET"]}}],"collection":[{"href":"https:\/\/www.raschvin.com\/en\/wp-json\/wp\/v2\/product"}],"about":[{"href":"https:\/\/www.raschvin.com\/en\/wp-json\/wp\/v2\/types\/product"}],"wp:featuredmedia":[{"embeddable":true,"href":"https:\/\/www.raschvin.com\/en\/wp-json\/wp\/v2\/media\/57480"}],"wp:attachment":[{"href":"https:\/\/www.raschvin.com\/en\/wp-json\/wp\/v2\/media?parent=57392"}],"wp:term":[{"taxonomy":"product_brand","embeddable":true,"href":"https:\/\/www.raschvin.com\/en\/wp-json\/wp\/v2\/product_brand?post=57392"},{"taxonomy":"product_cat","embeddable":true,"href":"https:\/\/www.raschvin.com\/en\/wp-json\/wp\/v2\/product_cat?post=57392"},{"taxonomy":"product_tag","embeddable":true,"href":"https:\/\/www.raschvin.com\/en\/wp-json\/wp\/v2\/product_tag?post=57392"}],"curies":[{"name":"wp","href":"https:\/\/api.w.org\/{rel}","templated":true}]}}