{"id":56872,"date":"2024-05-31T07:24:08","date_gmt":"2024-05-31T05:24:08","guid":{"rendered":"https:\/\/www.raschvin.com\/produkt\/chateau-rauzan-segla-margaux-2019-75-cl\/"},"modified":"2026-02-04T09:32:52","modified_gmt":"2026-02-04T08:32:52","slug":"chateau-rauzan-segla-margaux-2019-75-cl","status":"publish","type":"product","link":"https:\/\/www.raschvin.com\/en\/product\/chateau-rauzan-segla-margaux-2019-75-cl\/","title":{"rendered":"Ch\u00e2teau Rauzan-S\u00e9gla Margaux 2021 75 cl."},"content":{"rendered":"<p data-start=\"11\" data-end=\"292\">Unusually impressive depth and density, with enticing aromas of blackcurrant, tobacco, spicy oak and fine, subtle floral notes. Beautiful body without being overly rich; polished and concentrated with refined tannins. Great elegance in a wine that will be able to age for 20 years.<\/p>\n<p data-start=\"294\" data-end=\"754\"><strong data-start=\"294\" data-end=\"306\">97 POINT<\/strong><br data-start=\"306\" data-end=\"309\" \/>Vinous<br data-start=\"315\" data-end=\"318\" \/>The 2021 Rauzan-S\u00e9gla is absolutely gorgeous. It offers up scents of graphite, savory herbs, licorice, chocolate and plum, all beautifully lifted by strong Cabernet Sauvignon inflections. Naturally, the 2021 doesn&#8217;t have the mid-palate richness and overall intensity of recent years. Readers will find a tightly wound Margaux that balances classic structure with modern-day precision. I can&#8217;t wait to see how it ages. Tasted four times.<\/p>\n<p data-start=\"756\" data-end=\"1294\"><strong data-start=\"756\" data-end=\"768\">95 POINT<\/strong><br data-start=\"768\" data-end=\"771\" \/>Robert Parker<br data-start=\"784\" data-end=\"787\" \/>Representing around 44% of the estate&#8217;s production (more or less as usual), the 2021 Rauzan-S\u00e9gla unwinds in the glass with aromas of minty cassis, blackberries, loamy soil, dark chocolate and warm spices. Medium to full-bodied, deep and impressively concentrated, it&#8217;s layered and seamless, with a sweet core of fruit, powdery tannins, lively acids and an impressively penetrating finish. The Rauzan team opted to ferment Merlot rather cooler than normal this year to moderate extraction. Tasted six times.<\/p>\n<p data-start=\"1296\" data-end=\"1327\"><strong data-start=\"1296\" data-end=\"1308\">93 POINT<\/strong><br data-start=\"1308\" data-end=\"1311\" \/>James Suckling<\/p>\n<p data-start=\"1329\" data-end=\"1358\"><strong data-start=\"1329\" data-end=\"1341\">92 POINT<\/strong><br data-start=\"1341\" data-end=\"1344\" \/>Alexandre Ma<\/p>\n<h3 data-start=\"1360\" data-end=\"1390\">About Ch\u00e2teau Rauzan-S\u00e9gla<\/h3>\n<p data-start=\"1391\" data-end=\"1811\">Rauzan-S\u00e9gla has been making wine since 1661\u2014more than 350 years. In the early 1990s, this Second Growth truly began producing world-class wines. It is no exaggeration to say that Rauzan-S\u00e9gla today is at the very top of its game. In recent vintages, S\u00e9gla has crafted some of the greatest wines in its history\u2014wines reaching astonishing new heights, matched by equally glowing reviews from the world\u2019s wine journalists.<\/p>\n<p data-start=\"1813\" data-end=\"2288\">S\u00e9gla tells the story of a Second Growth ch\u00e2teau that once lost its way, but also of a great estate that managed to turn the ship around. Over the years, S\u00e9gla changed ownership several times, like most Bordeaux ch\u00e2teaux, and quality unfortunately suffered. During the 20th century, different owners at times neglected both vineyard work and investments in the cellar. In the 1960s and through the 1980s, smaller improvements and refurbishments were made under new ownership.<\/p>\n<p data-start=\"2290\" data-end=\"2905\">The real transformation began when the Wertheimer family (who also own Chanel) acquired the ch\u00e2teau in 1994. They immediately launched a major renovation. Time and money were invested across the property, and by 1996 the ch\u00e2teau was fully restored. The winery once again became 100% state-of-the-art, with brand-new stainless-steel tanks and new oak barrels. The large fermentation vats were replaced by smaller vessels matching the number of vineyard parcels, making it possible to vinify each parcel separately. The result was more precise fermentation and a deeper understanding of the estate\u2019s diverse terroirs.<\/p>\n<h3 data-start=\"2907\" data-end=\"2937\">Wine with majestic finesse<\/h3>\n<p data-start=\"2938\" data-end=\"3448\">But the work did not stop there. Thousands of hours of hard labour were invested in the vineyards. Vines were replanted with new and improved Cabernet Sauvignon and Merlot clones\u2014crucial for achieving the best possible fruit. Petit Verdot was also replanted. In fact, this grape has historically always been grown in S\u00e9gla\u2019s vineyards, but for reasons unknown it was excluded from the blend for a long period. Now it is back, helping to bring majestic finesse, edge, and sublime structure to the finished wine.<\/p>\n<p data-start=\"3450\" data-end=\"3785\">A bit nerdy and detailed, perhaps\u2014but all these initiatives have ensured that quality is at the highest level. Today everything is meticulously in order, and nothing is left to chance. Even the hedge outside the ch\u00e2teau is trimmed as if measured with a ruler. S\u00e9gla is back on the throne, and the wines are more breathtaking than ever.<\/p>\n","protected":false},"excerpt":{"rendered":"<p>Bordeaux &#8211; France<\/p>\n","protected":false},"featured_media":56917,"template":"","meta":{"_acf_changed":false,"rs_blank_template":"","rs_page_bg_color":"","slide_template_v7":""},"product_brand":[],"product_cat":[7704,2789,2799],"product_tag":[],"class_list":{"0":"post-56872","1":"product","2":"type-product","3":"status-publish","4":"has-post-thumbnail","6":"product_cat-fine-wine-en","7":"product_cat-wine","8":"product_cat-red-wine","9":"pa_aargang-2021-en","10":"pa_drue-cabernet-franc-en","11":"pa_drue-cabernet-sauvignon-en","12":"pa_drue-merlot-en","13":"pa_drue-petit-verdot-en","14":"pa_land-france","15":"pa_procent-13-5-en","16":"pa_producent-chateau-rauzan-en","17":"pa_region-bordeaux-en","18":"pa_serveringstemperatur-18-20-en","19":"pa_volume-75-en","21":"first","22":"instock","23":"taxable","24":"shipping-taxable","25":"purchasable","26":"product-type-simple"},"bundled_by":[],"bundle_stock_status":"instock","bundle_stock_quantity":4,"bundle_virtual":false,"bundle_layout":"","bundle_add_to_cart_form_location":"","bundle_editable_in_cart":false,"bundle_sold_individually_context":"","bundle_item_grouping":"","bundle_min_size":"","bundle_max_size":"","bundle_price":[],"bundled_items":[],"bundle_sell_ids":[],"acf":[],"_links":{"self":[{"href":"https:\/\/www.raschvin.com\/en\/wp-json\/wp\/v2\/product\/56872","targetHints":{"allow":["GET"]}}],"collection":[{"href":"https:\/\/www.raschvin.com\/en\/wp-json\/wp\/v2\/product"}],"about":[{"href":"https:\/\/www.raschvin.com\/en\/wp-json\/wp\/v2\/types\/product"}],"wp:featuredmedia":[{"embeddable":true,"href":"https:\/\/www.raschvin.com\/en\/wp-json\/wp\/v2\/media\/56917"}],"wp:attachment":[{"href":"https:\/\/www.raschvin.com\/en\/wp-json\/wp\/v2\/media?parent=56872"}],"wp:term":[{"taxonomy":"product_brand","embeddable":true,"href":"https:\/\/www.raschvin.com\/en\/wp-json\/wp\/v2\/product_brand?post=56872"},{"taxonomy":"product_cat","embeddable":true,"href":"https:\/\/www.raschvin.com\/en\/wp-json\/wp\/v2\/product_cat?post=56872"},{"taxonomy":"product_tag","embeddable":true,"href":"https:\/\/www.raschvin.com\/en\/wp-json\/wp\/v2\/product_tag?post=56872"}],"curies":[{"name":"wp","href":"https:\/\/api.w.org\/{rel}","templated":true}]}}