{"id":56507,"date":"2024-05-28T19:28:31","date_gmt":"2024-05-28T17:28:31","guid":{"rendered":"https:\/\/www.raschvin.com\/produkt\/pommeau-le-pere-jules-plus-de-5-ans-5-years-70-cl-17\/"},"modified":"2024-05-28T19:28:31","modified_gmt":"2024-05-28T17:28:31","slug":"pommeau-le-pere-jules-plus-de-5-ans-5-years-70-cl-17","status":"publish","type":"product","link":"https:\/\/www.raschvin.com\/en\/product\/pommeau-le-pere-jules-plus-de-5-ans-5-years-70-cl-17\/","title":{"rendered":"Pommeau Le Pere Jules Plus de 5 Ans (5 Years) 70 cl. 17%"},"content":{"rendered":"<p>Pommeau is the pre-dinner drink par excellence in Normandy, and this Pommeau from Le Pere Jules is one of the prime examples. It is made by mixing freshly squeezed apple juice with young Calvados (1 year old), which is allowed to age further in oak barrels \u2013 here it is a minimum of 5 years \u2013 where it gets an extra layer of complexity on top of the fresh apple notes and the light sweetness.<\/p>\n<p>Colour: Golden.<br \/>\nSmell: Summery scent of ripe apples, cinnamon and citrus.<br \/>\nTasting notes: The taste is sweet, but also has a refreshing acidity and a good depth.<\/p>\n<p>Serving suggestion: Do as in Normandy and enjoy it chilled before dinner.<\/p>\n<p>The year is 1919 and Jules Desfrieches, just returned from the First World War, begins to produce and sell cider for the first time. In 1923 he distilled his first Calvados. In 1949, the son, L\u00e9on Desfrieches, took over the business and named it Le P\u00e8re Jules. L\u00e9on&#8217;s son, Thierry, took part in the family business in 1976. Guillaume, Thierry&#8217;s son, in 2002. To this day, Guillaume manages the production and Le P\u00e9re Jules only works with apples and pears from their own orchard. The plot covers an area of 100 hectares and just under half of the area is planted with apple trees, while a tenth is planted with pear trees. They follow ecological principles and let their 100 cows roam freely on the grounds and naturally fertilize the plantation.<\/p>\n<p>The year is 1919 and Jules Desfrieches, just returned from the First World War, begins to produce and sell cider for the first time. In 1923 he distilled his first Calvados. In 1949, the son, L\u00e9on Desfrieches, took over the business and named it Le P\u00e8re Jules. L\u00e9on&#8217;s son, Thierry, took part in the family business in 1976. Guillaume, Thierry&#8217;s son, in 2002. To this day, Guillaume manages the production and Le P\u00e9re Jules only works with apples and pears from their own orchard. The plot covers an area of 100 hectares and just under half of the area is planted with apple trees, while a tenth is planted with pear trees. They follow ecological principles and, for example, let their 100 cows roam freely on the grounds and naturally fertilize the plantation rather than using artificial fertilizers.<\/p>\n","protected":false},"excerpt":{"rendered":"<p>French Dessert Wine<\/p>\n","protected":false},"featured_media":56593,"template":"","meta":{"_acf_changed":false,"rs_blank_template":"","rs_page_bg_color":"","slide_template_v7":""},"product_brand":[],"product_cat":[2791,4757,2789],"product_tag":[],"class_list":{"0":"post-56507","1":"product","2":"type-product","3":"status-publish","4":"has-post-thumbnail","6":"product_cat-dessert-wine","7":"product_cat-aeromat-fruit-wine","8":"product_cat-wine","9":"pa_lagring-5-years-en","10":"pa_land-france","11":"pa_procent-17-en","12":"pa_producent-le-pere-jules-en","13":"pa_region-normandie-en","14":"pa_volume-70-en-2","16":"first","17":"instock","18":"taxable","19":"shipping-taxable","20":"purchasable","21":"product-type-simple"},"bundled_by":[],"bundle_stock_status":"instock","bundle_stock_quantity":null,"bundle_virtual":false,"bundle_layout":"","bundle_add_to_cart_form_location":"","bundle_editable_in_cart":false,"bundle_sold_individually_context":"","bundle_item_grouping":"","bundle_min_size":"","bundle_max_size":"","bundle_price":[],"bundled_items":[],"bundle_sell_ids":[],"acf":[],"_links":{"self":[{"href":"https:\/\/www.raschvin.com\/en\/wp-json\/wp\/v2\/product\/56507","targetHints":{"allow":["GET"]}}],"collection":[{"href":"https:\/\/www.raschvin.com\/en\/wp-json\/wp\/v2\/product"}],"about":[{"href":"https:\/\/www.raschvin.com\/en\/wp-json\/wp\/v2\/types\/product"}],"wp:featuredmedia":[{"embeddable":true,"href":"https:\/\/www.raschvin.com\/en\/wp-json\/wp\/v2\/media\/56593"}],"wp:attachment":[{"href":"https:\/\/www.raschvin.com\/en\/wp-json\/wp\/v2\/media?parent=56507"}],"wp:term":[{"taxonomy":"product_brand","embeddable":true,"href":"https:\/\/www.raschvin.com\/en\/wp-json\/wp\/v2\/product_brand?post=56507"},{"taxonomy":"product_cat","embeddable":true,"href":"https:\/\/www.raschvin.com\/en\/wp-json\/wp\/v2\/product_cat?post=56507"},{"taxonomy":"product_tag","embeddable":true,"href":"https:\/\/www.raschvin.com\/en\/wp-json\/wp\/v2\/product_tag?post=56507"}],"curies":[{"name":"wp","href":"https:\/\/api.w.org\/{rel}","templated":true}]}}