{"id":56057,"date":"2024-05-25T07:03:56","date_gmt":"2024-05-25T05:03:56","guid":{"rendered":"https:\/\/www.raschvin.com\/produkt\/le-rose-malbec-du-prince-igp-2022-75-cl\/"},"modified":"2025-08-08T08:07:23","modified_gmt":"2025-08-08T06:07:23","slug":"le-rose-malbec-du-prince-igp-2022-75-cl","status":"publish","type":"product","link":"https:\/\/www.raschvin.com\/en\/product\/le-rose-malbec-du-prince-igp-2022-75-cl\/","title":{"rendered":"Le Ros\u00e9 Malbec du Prince IGP 2024 75 cl."},"content":{"rendered":"<p>Royal freshness with sunny hints of raspberry and strawberry combined with a beneficial acidity.<\/p>\n<p>Le Rose Malbec du Prince is excellent ros\u00e9 wine from His Royal Highness Prince Henrik&#8217;s beloved Malbec. The wine comes from the first terraces along the Lot river.<\/p>\n<p>94 POINTS<br \/>\nWineWhere Ever<br \/>\n&#8220;VERY PROFESSIONAL&#8221;<br \/>\nRoyal ros\u00e9 wine on Malbec. It would almost be an insult to his majesty to speak ill of this wine, but luckily we don&#8217;t have to worry about that, because there are plenty of positive things to pick up on. It has good weight, fullness, fine tannins, fresh fruit, lively acidity and a taste that continues to develop in the mouth in the best possible way. Very well-balanced and overall a ros\u00e9 that differentiates itself from the classic Proven\u00e7al style, which almost feels liberating. This is first and foremost a wine, and secondly a ros\u00e9.<br \/>\n92 POINTS<\/p>\n<p>Food &#038; Monopoly<br \/>\n&#8220;THE CROWN PRINCE&#8217;S WINE &#8211; IT REALLY LASTS!&#8221;<br \/>\nIt is almost an honor to review and test the prince&#8217;s wine, as it reminds me of my childhood, when I was told that &#8220;the prince&#8217;s wine was not worth drinking&#8221;. I think it was because it was a time when the prince was not so popular. Now, however, it is about Chateau de Cayx, which I have tasted in several versions &#8211; but never their rose, which is made from 100% Malbec. In the nose it has a wonderful aroma of strawberry, raspberry, peach and melon. In the mouth, it is rich in acid and has elegance and a delicate fruity sweetness &#8211; just like a Frenchman has. A good and exciting glass. The Crown Prince&#8217;s wine \u2013 it really lasts!<\/p>\n<p>Ministry of Wine<br \/>\n&#8220;WITHOUT A DOUBT AN AUDIENCE PLEASER&#8221;<br \/>\nThe ros\u00e9 has a nice salmon color and opens to a fruity aroma of ripe red fruits and a note of honey. In the taste you will again find a fruity sweetness, some citrus and cantaloupe. The wine has a slightly full and creamy body. A bit of an Old-School ros\u00e9 in the style with a full and slightly sweet taste. Undoubtedly a crowd pleaser! Will work excellently for summer salads or as an aperitif.<br \/>\nCh\u00e2teau de Cayx<\/p>\n<p>Located in the heart of the Cahors district, Ch\u00e2teau de Cayx can be traced all the way back to the 15th century, when it was built to control navigation on the Lot River. The castle is built on the slope of a hill, from which you can see the Lot river and the small village of Ca\u00efx, which belongs to the municipality of Luzech. The royal couple bought Ch\u00e2teau de Cayx in 1974, after which it underwent extensive renovations. The prince consort, who came from the area and was a great art lover, created over a number of years a faithful and authentic architectural heritage at the castle. Today, Ch\u00e2teau de Cayx therefore appears as a beautiful residence from the 18th century with four round towers that can be traced back to the 15th century and a corner tower that dominates the structure. In front of the southern facade, a large terrace faces the vineyards. The spelling of the place name Ca\u00efx has changed several times in recent centuries. Examples include Caysse, Cays, Cais or Ca\u00efx. Prince Henrik chose the spelling Cayx, which is easier to pronounce, among other things to avoid an incorrect diphthong of the French phoneme &#8220;ai&#8221;.<\/p>\n<p>What does Ch\u00e2teau de Cayx taste like?<br \/>\nCh\u00e2teau de Cayx was known for many years for its stable, classic, but also relatively ordinary Cahors wines. However, the castle has taken nothing less than a quantum leap up the quality rankings since 2009, when they employed the young oenologist and winemaker, Alexandre G\u00e9lis. G\u00e9lis immediately saw the great, untapped potential of Ch\u00e2teau de Cayx, and ever since his accession he worked purposefully in collaboration with the prince consort towards tighter management and improvement of the castle&#8217;s various wines. That it has paid off is striking when you taste Ch\u00e2teau de Cayx&#8217;s latest vintages. In short, they are a benchmark for how far you can reach with the right mindset and goals &#8211; without compromising on the authentic and local character of the individual wines!<\/p>\n<p>What grapes grow at Ch\u00e2teau de Cayx?<br \/>\nAt the initiative of Prince Henrik, Ch\u00e2teau de Cayx eventually regained its impressive 21 hectares of vineyards, ideally facing south and down towards a meander on the Lot river. The upper part of the terroir lies predominantly on limestone terraces and the lower part on limestone terraces with gravel and fallen mass from the limestone plateau. 80% of the fields are planted with Malbec, and apart from 4 ha of Chardonnay, the remaining part is planted with Tannat and Merlot &#8211; and all the fields are cultivated as environmentally friendly and gently as possible. Since the vineyards have been gradually replanted since 1975, Ch\u00e2teau de Cayx&#8217;s vines have an average age of approx. 25 years.<\/p>\n","protected":false},"excerpt":{"rendered":"<p>Ch\u00e2teau de Cayx &#8211; Cahors France<\/p>\n","protected":false},"featured_media":56076,"template":"","meta":{"_acf_changed":false,"rs_blank_template":"","rs_page_bg_color":"","slide_template_v7":""},"product_brand":[],"product_cat":[2789,2797],"product_tag":[],"class_list":{"0":"post-56057","1":"product","2":"type-product","3":"status-publish","4":"has-post-thumbnail","6":"product_cat-wine","7":"product_cat-rosewine","8":"pa_aargang-2024-en","9":"pa_drue-malbec-en","10":"pa_land-france","11":"pa_procent-12-5-en","12":"pa_producent-chateau-de-cayx-en","13":"pa_region-cahors-en","14":"pa_serveringstemperatur-10-12-en-2","15":"pa_volume-75-en","17":"first","18":"instock","19":"taxable","20":"shipping-taxable","21":"purchasable","22":"product-type-simple"},"bundled_by":[],"bundle_stock_status":"instock","bundle_stock_quantity":null,"bundle_virtual":false,"bundle_layout":"","bundle_add_to_cart_form_location":"","bundle_editable_in_cart":false,"bundle_sold_individually_context":"","bundle_item_grouping":"","bundle_min_size":"","bundle_max_size":"","bundle_price":[],"bundled_items":[],"bundle_sell_ids":[],"acf":[],"_links":{"self":[{"href":"https:\/\/www.raschvin.com\/en\/wp-json\/wp\/v2\/product\/56057","targetHints":{"allow":["GET"]}}],"collection":[{"href":"https:\/\/www.raschvin.com\/en\/wp-json\/wp\/v2\/product"}],"about":[{"href":"https:\/\/www.raschvin.com\/en\/wp-json\/wp\/v2\/types\/product"}],"wp:featuredmedia":[{"embeddable":true,"href":"https:\/\/www.raschvin.com\/en\/wp-json\/wp\/v2\/media\/56076"}],"wp:attachment":[{"href":"https:\/\/www.raschvin.com\/en\/wp-json\/wp\/v2\/media?parent=56057"}],"wp:term":[{"taxonomy":"product_brand","embeddable":true,"href":"https:\/\/www.raschvin.com\/en\/wp-json\/wp\/v2\/product_brand?post=56057"},{"taxonomy":"product_cat","embeddable":true,"href":"https:\/\/www.raschvin.com\/en\/wp-json\/wp\/v2\/product_cat?post=56057"},{"taxonomy":"product_tag","embeddable":true,"href":"https:\/\/www.raschvin.com\/en\/wp-json\/wp\/v2\/product_tag?post=56057"}],"curies":[{"name":"wp","href":"https:\/\/api.w.org\/{rel}","templated":true}]}}