{"id":55693,"date":"2024-05-24T14:27:55","date_gmt":"2024-05-24T12:27:55","guid":{"rendered":"https:\/\/www.raschvin.com\/produkt\/domaines-ott-etoile-rose-eco-2022-75-cl\/"},"modified":"2024-05-24T14:27:55","modified_gmt":"2024-05-24T12:27:55","slug":"domaines-ott-etoile-rose-eco-2022-75-cl","status":"publish","type":"product","link":"https:\/\/www.raschvin.com\/en\/product\/domaines-ott-etoile-rose-eco-2022-75-cl\/","title":{"rendered":"Domaines Ott. \u00c9toile Ros\u00e9 (ECO) 2022 75 cl."},"content":{"rendered":"<p>With the new ros\u00e9 wine &#8220;\u00c9toile&#8221;, which is composed of wines from Clos Mireille, Ch\u00e2teau de Selle and Ch\u00e2teau Romassan, the brothers Jean-Fran\u00e7ois and Christian Ott &#8211; 4th generation in the family at Domaine Ott &#8211; wanted to reach the top in ros\u00e9 wines and show what the three properties&#8217; privileged locations in AOC C\u00f4tes de Provence and AOC Bandol mean for quality. The name \u00c9toile (star in French) is taken from the company&#8217;s original logo, where a small star is included after the name Ott itself.<\/p>\n<p>With a classic grape composition of 80% Grenache and 20% Mourv\u00e8dre, an attempt has been made to bring together the typically salty, fruity and fleshy style of Clos Mireille, the finesse of Ch\u00e2teau de Selle and the structure of Ch\u00e2teau Romassan in a wine that corresponds to what the team behind Domaines Ott understands a great Provence ros\u00e9 wine. After a classic ros\u00e9 vinification with a short skin maceration and a pressing at low pressure, followed by a cool fermentation, the wine has been given a partial maturation in ceramic tanks, which preserves the wine&#8217;s purity and fruity character.<\/p>\n<p>The result is quite impressive. In terms of colour, \u00c9toile has the classic onion colour\/orange hue, which is typical of a ros\u00e9 from Provence. The scent is packed with exotic fruit nuances, freshness and a distinctive salty aroma, which gives both crispness and character. The wine is also very aromatic and appetizing in taste. The wine develops a powerful and structured style, with a velour, which nicely matches the crisp tones. The wine&#8217;s style will go very well with scallops in sauce, smoked salmon, pork and veal in light sauces and with poultry. It should not be served too cold \u2013 8-10 degrees is the optimal temperature.<\/p>\n<p>Ott is first and foremost the name of the family that founded the most prestigious winery in Provence \u2013 Domaines Ott, and not least those who know French will probably notice that &#8220;Domaines&#8221; here is written with an &#8220;s&#8221; at the end and thus indicates plural. Domaines Ott thus consists of three different, independent properties: Ch\u00e2teau Romassan in AOP Bandol and Ch\u00e2teau de Selle and Clos Mireille in AOP C\u00f4tes de Provence.<\/p>\n<p>Back in 1896, the young agronomist Marcel Ott from Alsace embarked on a tour of France&#8217;s wine regions, where he trained in wine production. The journey finally ended in Provence, and in 1912 he found an estate, Ch\u00e2teau de Selle near Draguignan, which really inspired him and which he subsequently acquired. In 1930 he bought Clos Mireille at Br\u00e9gan\u00e7on and finally in 1956 Ch\u00e2teau Romassan in Bandol was added to the family&#8217;s portfolio of distinguished properties.<\/p>\n<p>From the start, Marcel Ott had a single-minded ambition to create the best Provence wines from noble grape varieties, and he was in many ways a true pioneer in the area, which i.a. also meant that only organic fertilizers should be used in the vineyards and that the wines should be fermented with the grapes&#8217; own natural yeast cells.<\/p>\n<p>In 2004, Champagne Louis Roederer took over the majority of Domaines Ott \u2013 partly to secure the winery&#8217;s long-term future, partly to maintain its position as the most prestigious producer in Provence. However, the Ott family is still at the forefront in relation to the day-to-day management, currently represented by Jean-Fran\u00e7ois Ott, who is the 4th generation in Domaines Ott.<\/p>\n","protected":false},"excerpt":{"rendered":"<p>C\u00f4tes de Provence Cru Class\u00e9 \u2013 France<\/p>\n","protected":false},"featured_media":55859,"template":"","meta":{"_acf_changed":false,"rs_blank_template":"","rs_page_bg_color":"","slide_template_v7":""},"product_brand":[],"product_cat":[2789,2797,7704,9213],"product_tag":[],"class_list":{"0":"post-55693","1":"product","2":"type-product","3":"status-publish","4":"has-post-thumbnail","6":"product_cat-wine","7":"product_cat-rosewine","8":"product_cat-fine-wine-en","9":"product_cat-other-wines","10":"pa_aargang-2022-en","11":"pa_drue-grenache-en","12":"pa_drue-mourvedre-en","13":"pa_land-france","14":"pa_oekologisk-yes-en","15":"pa_procent-13-5-en","16":"pa_producent-domaines-ott-en","17":"pa_region-provence-en","18":"pa_serveringstemperatur-8-10-en","19":"pa_volume-75-en","21":"first","22":"instock","23":"taxable","24":"shipping-taxable","25":"purchasable","26":"product-type-simple"},"bundled_by":[],"bundle_stock_status":"instock","bundle_stock_quantity":null,"bundle_virtual":false,"bundle_layout":"","bundle_add_to_cart_form_location":"","bundle_editable_in_cart":false,"bundle_sold_individually_context":"","bundle_item_grouping":"","bundle_min_size":"","bundle_max_size":"","bundle_price":[],"bundled_items":[],"bundle_sell_ids":[],"acf":[],"_links":{"self":[{"href":"https:\/\/www.raschvin.com\/en\/wp-json\/wp\/v2\/product\/55693","targetHints":{"allow":["GET"]}}],"collection":[{"href":"https:\/\/www.raschvin.com\/en\/wp-json\/wp\/v2\/product"}],"about":[{"href":"https:\/\/www.raschvin.com\/en\/wp-json\/wp\/v2\/types\/product"}],"wp:featuredmedia":[{"embeddable":true,"href":"https:\/\/www.raschvin.com\/en\/wp-json\/wp\/v2\/media\/55859"}],"wp:attachment":[{"href":"https:\/\/www.raschvin.com\/en\/wp-json\/wp\/v2\/media?parent=55693"}],"wp:term":[{"taxonomy":"product_brand","embeddable":true,"href":"https:\/\/www.raschvin.com\/en\/wp-json\/wp\/v2\/product_brand?post=55693"},{"taxonomy":"product_cat","embeddable":true,"href":"https:\/\/www.raschvin.com\/en\/wp-json\/wp\/v2\/product_cat?post=55693"},{"taxonomy":"product_tag","embeddable":true,"href":"https:\/\/www.raschvin.com\/en\/wp-json\/wp\/v2\/product_tag?post=55693"}],"curies":[{"name":"wp","href":"https:\/\/api.w.org\/{rel}","templated":true}]}}