{"id":55690,"date":"2024-05-24T14:19:13","date_gmt":"2024-05-24T12:19:13","guid":{"rendered":"https:\/\/www.raschvin.com\/produkt\/domaines-ott-chateau-romassan-rouge-2019-75-cl\/"},"modified":"2024-05-24T14:19:13","modified_gmt":"2024-05-24T12:19:13","slug":"domaines-ott-chateau-romassan-rouge-2019-75-cl","status":"publish","type":"product","link":"https:\/\/www.raschvin.com\/en\/product\/domaines-ott-chateau-romassan-rouge-2019-75-cl\/","title":{"rendered":"Domaines Ott. Ch\u00e2teau Romassan Rouge 2019 75 cl."},"content":{"rendered":"<p>Ch\u00e2teau Romassan is located in the middle of the Bandol district, in the western part of the Var department. The subsoil here consists mainly of marl, sandstone and lime deposits. This, combined with the area&#8217;s very special climate with lots of sun and heat, but also cool winds from the Mediterranean, provide favorable conditions for wine growing. Today there are over 70 ha. vineyards at Ch\u00e2teau Romassan, with Mourv\u00e8dre, Cinsault and Grenache. The grapes for this wine \u2013 Mourv\u00e8dre (85-90%) and Syrah \u2013 are hand-picked and undergo a double selection, partly when they are picked, partly when they arrive in the cellar. After fermentation, the wine is transferred to large wooden barrels, where it matures for 18-20 months.<\/p>\n<p>Mourv\u00e8dre gives the wine its spicy and wild character in the aroma, with nuances of wild cherry and blackcurrant, and a nice structure in the taste. The very aromatic, spicy notes come from the Syrah grape, which also strengthens the nerve in the wine and gives it nice notes of licorice at the end. A very harmonious wine.<\/p>\n<p>Serve the red Ch\u00e2teau Romassan with grilled beef, roast game, leg of lamb and strong, firm cheeses.<\/p>\n<p>Ott is first and foremost the name of the family that founded the most prestigious winery in Provence \u2013 Domaines Ott, and not least those who know French will probably notice that &#8220;Domaines&#8221; here is written with an &#8220;s&#8221; at the end and thus indicates plural. Domaines Ott thus consists of three different, independent properties: Ch\u00e2teau Romassan in AOP Bandol and Ch\u00e2teau de Selle and Clos Mireille in AOP C\u00f4tes de Provence.<\/p>\n<p>Back in 1896, the young agronomist Marcel Ott from Alsace embarked on a tour of France&#8217;s wine regions, where he trained in wine production. The journey finally ended in Provence, and in 1912 he found an estate, Ch\u00e2teau de Selle near Draguignan, which really inspired him and which he subsequently acquired. In 1930 he bought Clos Mireille at Br\u00e9gan\u00e7on and finally in 1956 Ch\u00e2teau Romassan in Bandol was added to the family&#8217;s portfolio of distinguished properties.<\/p>\n<p>From the start, Marcel Ott had a single-minded ambition to create the best Provence wines from noble grape varieties, and he was in many ways a true pioneer in the area, which i.a. also meant that only organic fertilizers should be used in the vineyards and that the wines should be fermented with the grapes&#8217; own natural yeast cells.<\/p>\n<p>In 2004, Champagne Louis Roederer took over the majority of Domaines Ott \u2013 partly to secure the winery&#8217;s long-term future, partly to maintain its position as the most prestigious producer in Provence. However, the Ott family is still at the forefront in relation to the day-to-day management, currently represented by Jean-Fran\u00e7ois Ott, who is the 4th generation in Domaines Ott.<\/p>\n","protected":false},"excerpt":{"rendered":"<p>Bandol \u2013 France<\/p>\n","protected":false},"featured_media":55853,"template":"","meta":{"_acf_changed":false,"rs_blank_template":"","rs_page_bg_color":"","slide_template_v7":""},"product_brand":[],"product_cat":[2789,2799],"product_tag":[],"class_list":{"0":"post-55690","1":"product","2":"type-product","3":"status-publish","4":"has-post-thumbnail","6":"product_cat-wine","7":"product_cat-red-wine","8":"pa_aargang-2019-en","9":"pa_drue-mourvedre-en","10":"pa_drue-syrah-en","11":"pa_land-france","12":"pa_procent-13-en","13":"pa_producent-domaines-ott-en","14":"pa_region-bandol-en","15":"pa_serveringstemperatur-19-20-en","16":"pa_volume-75-en","18":"first","19":"instock","20":"taxable","21":"shipping-taxable","22":"purchasable","23":"product-type-simple"},"bundled_by":[],"bundle_stock_status":"instock","bundle_stock_quantity":null,"bundle_virtual":false,"bundle_layout":"","bundle_add_to_cart_form_location":"","bundle_editable_in_cart":false,"bundle_sold_individually_context":"","bundle_item_grouping":"","bundle_min_size":"","bundle_max_size":"","bundle_price":[],"bundled_items":[],"bundle_sell_ids":[],"acf":[],"_links":{"self":[{"href":"https:\/\/www.raschvin.com\/en\/wp-json\/wp\/v2\/product\/55690","targetHints":{"allow":["GET"]}}],"collection":[{"href":"https:\/\/www.raschvin.com\/en\/wp-json\/wp\/v2\/product"}],"about":[{"href":"https:\/\/www.raschvin.com\/en\/wp-json\/wp\/v2\/types\/product"}],"wp:featuredmedia":[{"embeddable":true,"href":"https:\/\/www.raschvin.com\/en\/wp-json\/wp\/v2\/media\/55853"}],"wp:attachment":[{"href":"https:\/\/www.raschvin.com\/en\/wp-json\/wp\/v2\/media?parent=55690"}],"wp:term":[{"taxonomy":"product_brand","embeddable":true,"href":"https:\/\/www.raschvin.com\/en\/wp-json\/wp\/v2\/product_brand?post=55690"},{"taxonomy":"product_cat","embeddable":true,"href":"https:\/\/www.raschvin.com\/en\/wp-json\/wp\/v2\/product_cat?post=55690"},{"taxonomy":"product_tag","embeddable":true,"href":"https:\/\/www.raschvin.com\/en\/wp-json\/wp\/v2\/product_tag?post=55690"}],"curies":[{"name":"wp","href":"https:\/\/api.w.org\/{rel}","templated":true}]}}