{"id":55684,"date":"2024-05-24T14:01:59","date_gmt":"2024-05-24T12:01:59","guid":{"rendered":"https:\/\/www.raschvin.com\/produkt\/domaines-ott-chateau-de-selle-eco-2022-75-cl\/"},"modified":"2024-05-24T14:01:59","modified_gmt":"2024-05-24T12:01:59","slug":"domaines-ott-chateau-de-selle-eco-2022-75-cl","status":"publish","type":"product","link":"https:\/\/www.raschvin.com\/en\/product\/domaines-ott-chateau-de-selle-eco-2022-75-cl\/","title":{"rendered":"Domaines Ott. Ch\u00e2teau De Selle (ECO) 2022 75 cl."},"content":{"rendered":"<p>Ch\u00e2teau de Selle is located in Taradeau near Draguignan in the C\u00f4tes de Provence in an elevated area where the subsoil consists of 40-50% stone (sandstone, lime, gypsum, pebbles) as well as red clay and marl. A special microclimate in the area provides mild winters and early spring as well as summers with many hours of sunshine. The fields are arranged as terraces, which allow uniform cultivation conditions on the property and which ensure good water reserves. The vines cover approx. half of the property&#8217;s 140 ha. vineyards and is on average approx. 25 years old and distributed between Cabernet Sauvignon, Grenache, Cinsault, Syrah and Mourv\u00e8dre. All this gives very aromatic, complex, mineral and at the same time very elegant wines.<\/p>\n<p>As always at Domaines Ott, the grapes for this ros\u00e9 wine are handpicked and go through a double selection, partly when they are picked, partly when they arrive in the cellar. The grapes are pressed at low pressure and then fermented in temperature-controlled tanks. After a malolactic fermentation, the wine is matured for a few months in large, used wooden barrels (12-20 hl.).<\/p>\n<p>The grape composition for Ros\u00e9 from Ch\u00e2teau de Selle varies by vintage, but usually consists mainly of Grenache (about 58-65%), Cinsault (20-25%), Syrah (7-10%) and Mourv\u00e8dre. In the fragrance you will find fresh, fruity tones of grape and peach. The taste is fleshy and slightly spicy with nuances of apricots and red cherries. The wine&#8217;s full and fresh style will go very well with scallops in sauce, smoked salmon, pork and veal in light sauces and with poultry. It should not be served too cold \u2013 10-12 degrees is the optimal temperature.<\/p>\n<p>Ott is first and foremost the name of the family that founded the most prestigious winery in Provence \u2013 Domaines Ott, and not least those who know French will probably notice that &#8220;Domaines&#8221; here is written with an &#8220;s&#8221; at the end and thus indicates plural. Domaines Ott thus consists of three different, independent properties: Ch\u00e2teau Romassan in AOP Bandol and Ch\u00e2teau de Selle and Clos Mireille in AOP C\u00f4tes de Provence.<\/p>\n<p>Back in 1896, the young agronomist Marcel Ott from Alsace embarked on a tour of France&#8217;s wine regions, where he trained in wine production. The journey finally ended in Provence, and in 1912 he found an estate, Ch\u00e2teau de Selle near Draguignan, which really inspired him and which he subsequently acquired. In 1930 he bought Clos Mireille at Br\u00e9gan\u00e7on and finally in 1956 Ch\u00e2teau Romassan in Bandol was added to the family&#8217;s portfolio of distinguished properties.<\/p>\n<p>From the start, Marcel Ott had a single-minded ambition to create the best Provence wines from noble grape varieties, and he was in many ways a true pioneer in the area, which i.a. also meant that only organic fertilizers should be used in the vineyards and that the wines should be fermented with the grapes&#8217; own natural yeast cells.<\/p>\n<p>In 2004, Champagne Louis Roederer took over the majority of Domaines Ott \u2013 partly to secure the winery&#8217;s long-term future, partly to maintain its position as the most prestigious producer in Provence. However, the Ott family is still at the forefront in relation to the day-to-day management, currently represented by Jean-Fran\u00e7ois Ott, who is the 4th generation in Domaines Ott.<\/p>\n","protected":false},"excerpt":{"rendered":"<p>C\u00f4tes de Provence Cru Class\u00e9 &#8211; France<\/p>\n","protected":false},"featured_media":55856,"template":"","meta":{"_acf_changed":false,"rs_blank_template":"","rs_page_bg_color":"","slide_template_v7":""},"product_brand":[],"product_cat":[2797,7778,2789],"product_tag":[],"class_list":{"0":"post-55684","1":"product","2":"type-product","3":"status-publish","4":"has-post-thumbnail","6":"product_cat-rosewine","7":"product_cat-summer-rose","8":"product_cat-wine","9":"pa_aargang-2022-en","10":"pa_drue-cinsault-en","11":"pa_drue-grenache-en","12":"pa_drue-mourvedre-en","13":"pa_drue-syrah-en","14":"pa_land-france","15":"pa_oekologisk-yes-en","16":"pa_procent-13-5-en","17":"pa_producent-domaines-ott-en","18":"pa_region-provence-en","19":"pa_serveringstemperatur-10-12-en-2","20":"pa_volume-75-en","22":"first","23":"instock","24":"taxable","25":"shipping-taxable","26":"purchasable","27":"product-type-simple"},"bundled_by":[],"bundle_stock_status":"instock","bundle_stock_quantity":null,"bundle_virtual":false,"bundle_layout":"","bundle_add_to_cart_form_location":"","bundle_editable_in_cart":false,"bundle_sold_individually_context":"","bundle_item_grouping":"","bundle_min_size":"","bundle_max_size":"","bundle_price":[],"bundled_items":[],"bundle_sell_ids":[],"acf":[],"_links":{"self":[{"href":"https:\/\/www.raschvin.com\/en\/wp-json\/wp\/v2\/product\/55684","targetHints":{"allow":["GET"]}}],"collection":[{"href":"https:\/\/www.raschvin.com\/en\/wp-json\/wp\/v2\/product"}],"about":[{"href":"https:\/\/www.raschvin.com\/en\/wp-json\/wp\/v2\/types\/product"}],"wp:featuredmedia":[{"embeddable":true,"href":"https:\/\/www.raschvin.com\/en\/wp-json\/wp\/v2\/media\/55856"}],"wp:attachment":[{"href":"https:\/\/www.raschvin.com\/en\/wp-json\/wp\/v2\/media?parent=55684"}],"wp:term":[{"taxonomy":"product_brand","embeddable":true,"href":"https:\/\/www.raschvin.com\/en\/wp-json\/wp\/v2\/product_brand?post=55684"},{"taxonomy":"product_cat","embeddable":true,"href":"https:\/\/www.raschvin.com\/en\/wp-json\/wp\/v2\/product_cat?post=55684"},{"taxonomy":"product_tag","embeddable":true,"href":"https:\/\/www.raschvin.com\/en\/wp-json\/wp\/v2\/product_tag?post=55684"}],"curies":[{"name":"wp","href":"https:\/\/api.w.org\/{rel}","templated":true}]}}