{"id":55681,"date":"2024-05-24T13:53:50","date_gmt":"2024-05-24T11:53:50","guid":{"rendered":"https:\/\/www.raschvin.com\/produkt\/domaines-ott-chateau-romassan-eco-2022-75-cl\/"},"modified":"2026-01-30T08:17:02","modified_gmt":"2026-01-30T07:17:02","slug":"domaines-ott-chateau-romassan-eco-2022-75-cl","status":"publish","type":"product","link":"https:\/\/www.raschvin.com\/en\/product\/domaines-ott-chateau-romassan-eco-2022-75-cl\/","title":{"rendered":"Domaines Ott. Ch\u00e2teau Romassan (ECO) 2023 75 cl."},"content":{"rendered":"<p>Ch\u00e2teau Romassan is located in the middle of the Bandol district, in the western part of the Var department. The subsoil here mainly consists of marl, sandstone and lime deposits which, combined with the area&#8217;s very special climate with plenty of sun and heat, but also cool winds from the Mediterranean, provide very favorable conditions for wine growing. Today there are over 70 ha. vineyards at Ch\u00e2teau Romassan planted with Mourv\u00e8dre, Cinsault, Grenache and Syrah.<\/p>\n<p>Ch\u00e2teau Romassan Ros\u00e9 is composed of 50-60% Mourv\u00e8dre, 20-25% Cinsault, 20-25% Grenache and a little Syrah. It gives a very aromatic, complex and harmonious ros\u00e9 wine. It is initially quite soft and fruity in the mouth, with crisp notes of citrus fruits and white peaches, but quite quickly it develops a structured and spicy taste, with nuances of freshly picked red berries \u2013 classic for Bandol ros\u00e9 and not least for Ott. It leaves a lasting and harmonious aftertaste.<\/p>\n<p>Its crispness and clean style make it perfect for fish or poultry in sauce, exotic dishes with seafood or veal. It should not be served too cold \u2013 10-12 degrees is the ideal temperature.<\/p>\n<p>Ott is first and foremost the name of the family that founded the most prestigious winery in Provence \u2013 Domaines Ott, and not least those who know French will probably notice that &#8220;Domaines&#8221; here is written with an &#8220;s&#8221; at the end and thus indicates plural. Domaines Ott thus consists of three different, independent properties: Ch\u00e2teau Romassan in AOP Bandol and Ch\u00e2teau de Selle and Clos Mireille in AOP C\u00f4tes de Provence.<\/p>\n<p>Back in 1896, the young agronomist Marcel Ott from Alsace embarked on a tour of France&#8217;s wine regions, where he trained in wine production. The journey finally ended in Provence, and in 1912 he found an estate, Ch\u00e2teau de Selle near Draguignan, which really inspired him and which he subsequently acquired. In 1930 he bought Clos Mireille at Br\u00e9gan\u00e7on and finally in 1956 Ch\u00e2teau Romassan in Bandol was added to the family&#8217;s portfolio of distinguished properties.<\/p>\n<p>From the start, Marcel Ott had a single-minded ambition to create the best Provence wines from noble grape varieties, and he was in many ways a true pioneer in the area, which i.a. also meant that only organic fertilizers should be used in the vineyards and that the wines should be fermented with the grapes&#8217; own natural yeast cells.<\/p>\n<p>In 2004, Champagne Louis Roederer took over the majority of Domaines Ott \u2013 partly to secure the winery&#8217;s long-term future, partly to maintain its position as the most prestigious producer in Provence. However, the Ott family is still at the forefront in relation to the day-to-day management, currently represented by Jean-Fran\u00e7ois Ott, who is the 4th generation in Domaines Ott.<\/p>\n","protected":false},"excerpt":{"rendered":"<p>Bandol &#8211; France<\/p>\n","protected":false},"featured_media":55850,"template":"","meta":{"_acf_changed":false,"rs_blank_template":"","rs_page_bg_color":"","slide_template_v7":""},"product_brand":[],"product_cat":[2789,2797],"product_tag":[],"class_list":{"0":"post-55681","1":"product","2":"type-product","3":"status-publish","4":"has-post-thumbnail","6":"product_cat-wine","7":"product_cat-rosewine","8":"pa_aargang-2023-en","9":"pa_drue-cinsault-en","10":"pa_drue-grenache-en","11":"pa_drue-mourvedre-en","12":"pa_drue-syrah-en","13":"pa_land-france","14":"pa_oekologisk-yes-en","15":"pa_procent-13-5-en","16":"pa_producent-domaines-ott-en","17":"pa_region-bandol-en","18":"pa_serveringstemperatur-8-10-en","19":"pa_volume-75-en","21":"first","22":"instock","23":"taxable","24":"shipping-taxable","25":"purchasable","26":"product-type-simple"},"bundled_by":[],"bundle_stock_status":"instock","bundle_stock_quantity":null,"bundle_virtual":false,"bundle_layout":"","bundle_add_to_cart_form_location":"","bundle_editable_in_cart":false,"bundle_sold_individually_context":"","bundle_item_grouping":"","bundle_min_size":"","bundle_max_size":"","bundle_price":[],"bundled_items":[],"bundle_sell_ids":[],"acf":[],"_links":{"self":[{"href":"https:\/\/www.raschvin.com\/en\/wp-json\/wp\/v2\/product\/55681","targetHints":{"allow":["GET"]}}],"collection":[{"href":"https:\/\/www.raschvin.com\/en\/wp-json\/wp\/v2\/product"}],"about":[{"href":"https:\/\/www.raschvin.com\/en\/wp-json\/wp\/v2\/types\/product"}],"wp:featuredmedia":[{"embeddable":true,"href":"https:\/\/www.raschvin.com\/en\/wp-json\/wp\/v2\/media\/55850"}],"wp:attachment":[{"href":"https:\/\/www.raschvin.com\/en\/wp-json\/wp\/v2\/media?parent=55681"}],"wp:term":[{"taxonomy":"product_brand","embeddable":true,"href":"https:\/\/www.raschvin.com\/en\/wp-json\/wp\/v2\/product_brand?post=55681"},{"taxonomy":"product_cat","embeddable":true,"href":"https:\/\/www.raschvin.com\/en\/wp-json\/wp\/v2\/product_cat?post=55681"},{"taxonomy":"product_tag","embeddable":true,"href":"https:\/\/www.raschvin.com\/en\/wp-json\/wp\/v2\/product_tag?post=55681"}],"curies":[{"name":"wp","href":"https:\/\/api.w.org\/{rel}","templated":true}]}}