{"id":54258,"date":"2024-05-06T08:17:23","date_gmt":"2024-05-06T06:17:23","guid":{"rendered":"https:\/\/www.raschvin.com\/produkt\/gin-la-republica-amazonica-70-cl-42\/"},"modified":"2024-05-06T08:17:23","modified_gmt":"2024-05-06T06:17:23","slug":"gin-la-republica-amazonica-70-cl-42","status":"publish","type":"product","link":"https:\/\/www.raschvin.com\/en\/product\/gin-la-republica-amazonica-70-cl-42\/","title":{"rendered":"Gin La Rep\u00fablica Amaz\u00f3nica 70 cl. 42%"},"content":{"rendered":"<p>La Rep\u00fablica Amazonica Gin is the world&#8217;s first gin with botanicals from the Amazon. This is not just about ordering 100 kilos of spices online \u2013 no, the producer says that it has been necessary to make special agreements with small cooperatives among the natives, in order to obtain the desired fruits and spices. And you understand that when you see the esoteric list of ingredients, where you find, among other things, acai, cupuaz\u00fa, bark from the palosanto tree, chuchuwasi and sacha culantro. Off to wikipedia!<\/p>\n<p>Color: Clear.<br \/>\nAroma: Fascinating aromas of smoke, ripe citrus fruits, cocoa and humid jungle.<br \/>\nTasting notes: The taste is round and rich, with notes of exotic fruit and toasted wood, herbs and spices.<\/p>\n<p>Palo Santo: aromatic and balsamic wood.<br \/>\nCanelon: aromatic bark with a noble cinnamon aroma.<br \/>\nAji worm: spicy chili, reminiscent of habanero chili.<br \/>\nSacha cilantro: tropical herb with a distinctive smell similar to coriander.<br \/>\nA\u00e7a\u00ed: oily fruit with an intense taste of blackberry and chocolate.<br \/>\nCopouzau: tropical fruit with sour and fragrant pulp.<br \/>\nCacao: unroasted wild beans with fruity aromas.<br \/>\nChuchuhuasi: bark with earthy aromas and notes of celery.<\/p>\n<p>Serving suggestions: Can be enjoyed neat or in cocktails. Try it 1:2 with Erasmus Bond Dry Tonic!<\/p>\n","protected":false},"excerpt":{"rendered":"<p>La Paz &#8211; Bolivia<\/p>\n","protected":false},"featured_media":54373,"template":"","meta":{"_acf_changed":false,"rs_blank_template":"","rs_page_bg_color":"","slide_template_v7":""},"product_brand":[],"product_cat":[998,1000,4710],"product_tag":[],"class_list":{"0":"post-54258","1":"product","2":"type-product","3":"status-publish","4":"has-post-thumbnail","6":"product_cat-liquor-en","7":"product_cat-gin-en","8":"product_cat-other-gins","9":"pa_land-bolivia-en","10":"pa_procent-42-en","11":"pa_producent-la-republica-en","12":"pa_volume-70-en-2","14":"first","15":"instock","16":"sale","17":"taxable","18":"shipping-taxable","19":"purchasable","20":"product-type-simple"},"bundled_by":[],"bundle_stock_status":"instock","bundle_stock_quantity":null,"bundle_virtual":false,"bundle_layout":"","bundle_add_to_cart_form_location":"","bundle_editable_in_cart":false,"bundle_sold_individually_context":"","bundle_item_grouping":"","bundle_min_size":"","bundle_max_size":"","bundle_price":[],"bundled_items":[],"bundle_sell_ids":[],"acf":[],"_links":{"self":[{"href":"https:\/\/www.raschvin.com\/en\/wp-json\/wp\/v2\/product\/54258","targetHints":{"allow":["GET"]}}],"collection":[{"href":"https:\/\/www.raschvin.com\/en\/wp-json\/wp\/v2\/product"}],"about":[{"href":"https:\/\/www.raschvin.com\/en\/wp-json\/wp\/v2\/types\/product"}],"wp:featuredmedia":[{"embeddable":true,"href":"https:\/\/www.raschvin.com\/en\/wp-json\/wp\/v2\/media\/54373"}],"wp:attachment":[{"href":"https:\/\/www.raschvin.com\/en\/wp-json\/wp\/v2\/media?parent=54258"}],"wp:term":[{"taxonomy":"product_brand","embeddable":true,"href":"https:\/\/www.raschvin.com\/en\/wp-json\/wp\/v2\/product_brand?post=54258"},{"taxonomy":"product_cat","embeddable":true,"href":"https:\/\/www.raschvin.com\/en\/wp-json\/wp\/v2\/product_cat?post=54258"},{"taxonomy":"product_tag","embeddable":true,"href":"https:\/\/www.raschvin.com\/en\/wp-json\/wp\/v2\/product_tag?post=54258"}],"curies":[{"name":"wp","href":"https:\/\/api.w.org\/{rel}","templated":true}]}}