{"id":53662,"date":"2024-04-26T15:25:13","date_gmt":"2024-04-26T13:25:13","guid":{"rendered":"https:\/\/www.raschvin.com\/produkt\/dictador-columbus-treasure-1780-1980-70-cl-44\/"},"modified":"2024-04-26T15:25:13","modified_gmt":"2024-04-26T13:25:13","slug":"dictador-columbus-treasure-1780-1980-70-cl-44","status":"publish","type":"product","link":"https:\/\/www.raschvin.com\/en\/product\/dictador-columbus-treasure-1780-1980-70-cl-44\/","title":{"rendered":"Dictador Columbus Treasure 1780-1980 70 cl. 44%"},"content":{"rendered":"<p>Harewood &#038; Dictador \u00e4r en blandning av v\u00e4rldens \u00e4ldsta rom, The Harewood Collection fr\u00e5n 1780 och Dictador, en 41 \u00e5r gammal rom fr\u00e5n 1980. Harewood-romen uppt\u00e4cktes faktiskt av en slump, p\u00e5 samma s\u00e4tt som Columbus f\u00f6rmodligen uppt\u00e4ckte Amerika. Parallellerna mellan uppt\u00e4ckterna inspirerade till att g\u00f6ra v\u00e4rldens \u00e4ldsta romblandning.<\/p>\n<p>Resultatet \u00e4r en unik rom som vida \u00f6vertr\u00e4ffar f\u00f6rv\u00e4ntningarna p\u00e5 vad lyxrom kan g\u00f6ra.<br \/>\nRommen har flera omfattande lager av cigarrblad, honung, lakrits, vanilj och s\u00f6ta, kryddiga toner. Det \u00e4r en torr rom som har en f\u00f6rf\u00f6risk konsistens, n\u00e4stan kr\u00e4mig, med toner av nyrostat kaffe, katrinplommon och saltad karamell.<\/p>\n<p>Kryddiga toner av Madagaskar vanilj och l\u00e4ckra, balanserade nyanser av kardemumma och karamell. En hint av lakrits ger ett fint djup till smaken. Rommen erbjuder \u00e4ven mjuka toner av kola och praliner med ingef\u00e4ra och cr\u00e8me br\u00fbl\u00e9e, v\u00e4lkryddad med \u00e4pple, vaniljkr\u00e4m och behagliga toner av manukahonung, kaffe och hasseln\u00f6tter.<\/p>\n<p>Elegant och med en extremt l\u00e5ng finish. Verkligen ett n\u00f6je!<\/p>\n<p>Columbus Rum kommer i en fantastisk presentf\u00f6rpackning, med en kopia av en del av Columbus loggbok &#8211; gjord av hans kompis.<\/p>\n<p>Harewoord Rum Collection har Guinness rekord f\u00f6r att vara v\u00e4rldens \u00e4ldsta rom.<\/p>\n<p>Dictador \u00e4r en colombiansk romproducent vars starka r\u00f6tter g\u00e5r tillbaka till 1913, d\u00e5 f\u00f6retaget grundades under namnet Destiler\u00eda Colombiana av Don Julio Aango y Parra.<\/p>\n<p>Dictador ligger i Cartagena i norra Colombia, mot Karibiska havet. Huset har genom sin m\u00e5ng\u00e5riga verksamhet kontinuerligt f\u00f6rfinat sin produktion, sina recept och sina f\u00f6rvaringsmetoder och idag h\u00f6r Dictador till eliten av kvalitetsproducenter inom b\u00e5de rom och gin.<\/p>\n<p>Hemligheten bakom de unika produkterna fr\u00e5n Dictador ligger i Parra-familjen (Hernan Parra), som \u00e4r 3:e generationens master blenders hos Dictador. F\u00f6r familjen Parra \u00e4r rom inte bara rom, utan en konstform som st\u00e4ndigt utvecklas och f\u00f6rb\u00e4ttras. Det \u00e4r konst p\u00e5 flaska. Prova sj\u00e4lv och upplev den colombianska skatten i flytande form.<\/p>\n","protected":false},"excerpt":{"rendered":"<p>The Art of Quality Rum<\/p>\n","protected":false},"featured_media":53740,"template":"","meta":{"_acf_changed":false,"rs_blank_template":"","rs_page_bg_color":"","slide_template_v7":""},"product_brand":[],"product_cat":[983,989,4633],"product_tag":[],"class_list":{"0":"post-53662","1":"product","2":"type-product","3":"status-publish","4":"has-post-thumbnail","6":"product_cat-avec-en","7":"product_cat-rom-en","8":"product_cat-premium-aged-en","9":"pa_procent-44-en","10":"pa_producent-dictador-destileria-colombiana-en","11":"pa_volume-70-en-2","13":"first","14":"instock","15":"sale","16":"taxable","17":"shipping-taxable","18":"purchasable","19":"product-type-simple"},"bundled_by":[],"bundle_stock_status":"instock","bundle_stock_quantity":null,"bundle_virtual":false,"bundle_layout":"","bundle_add_to_cart_form_location":"","bundle_editable_in_cart":false,"bundle_sold_individually_context":"","bundle_item_grouping":"","bundle_min_size":"","bundle_max_size":"","bundle_price":[],"bundled_items":[],"bundle_sell_ids":[],"acf":[],"_links":{"self":[{"href":"https:\/\/www.raschvin.com\/en\/wp-json\/wp\/v2\/product\/53662","targetHints":{"allow":["GET"]}}],"collection":[{"href":"https:\/\/www.raschvin.com\/en\/wp-json\/wp\/v2\/product"}],"about":[{"href":"https:\/\/www.raschvin.com\/en\/wp-json\/wp\/v2\/types\/product"}],"wp:featuredmedia":[{"embeddable":true,"href":"https:\/\/www.raschvin.com\/en\/wp-json\/wp\/v2\/media\/53740"}],"wp:attachment":[{"href":"https:\/\/www.raschvin.com\/en\/wp-json\/wp\/v2\/media?parent=53662"}],"wp:term":[{"taxonomy":"product_brand","embeddable":true,"href":"https:\/\/www.raschvin.com\/en\/wp-json\/wp\/v2\/product_brand?post=53662"},{"taxonomy":"product_cat","embeddable":true,"href":"https:\/\/www.raschvin.com\/en\/wp-json\/wp\/v2\/product_cat?post=53662"},{"taxonomy":"product_tag","embeddable":true,"href":"https:\/\/www.raschvin.com\/en\/wp-json\/wp\/v2\/product_tag?post=53662"}],"curies":[{"name":"wp","href":"https:\/\/api.w.org\/{rel}","templated":true}]}}