{"id":53035,"date":"2024-04-25T08:00:18","date_gmt":"2024-04-25T06:00:18","guid":{"rendered":"https:\/\/www.raschvin.com\/produkt\/ciroc-vodka-summer-watermelon-70-cl-375\/"},"modified":"2024-04-25T08:00:18","modified_gmt":"2024-04-25T06:00:18","slug":"ciroc-vodka-summer-watermelon-70-cl-375","status":"publish","type":"product","link":"https:\/\/www.raschvin.com\/en\/product\/ciroc-vodka-summer-watermelon-70-cl-375\/","title":{"rendered":"Ciroc Vodka \u2013 Summer Watermelon 70 cl. 37,5%"},"content":{"rendered":"<p>C\u00eeroc Summer Watermelon is a rich tasting spirit made with vodka five times distilled from fine French grapes, finished in a tailor-made copper pot still in Southern France. The vodka is masterfully infused with a distinctive blend of Summer Watermelons and other natural flavors, resulting in a taste experience that is lusciously different and elegantly smooth.<\/p>\n<p>Born from generations of wine makers and distillers dating back to the 16th century, Jean-S\u00e9bastien Robicquet, the Master Distiller of C\u00ceROC has the art of distilling in his veins. Jean-S\u00e9bastien is based in Villevert, France in the renowned wine region of Cognac.<\/p>\n<p>Jean-S\u00e9bastien earned his Oenology diploma in 1988, and a Masters in Law, Economics and Management of the Wine Industry in 1990. He combined his distilling expertise and his skill as an oenologist to create C\u00ceROC Vodka in 2003. Jean-S\u00e9bastien has been recognized by the Great Council of Bordeaux Wines as \u2018Commandeur de Bordeaux,\u2019 in acknowledgement of his resolve for high quality, superior and honest products.<br \/>\nNow let us take you to where we\u2019re celebrating today.<\/p>\n","protected":false},"excerpt":{"rendered":"<p>Premium Vodka From Fine French Grapes \u2013 Watermelon Flavored<\/p>\n","protected":false},"featured_media":53363,"template":"","meta":{"_acf_changed":false,"rs_blank_template":"","rs_page_bg_color":"","slide_template_v7":""},"product_brand":[],"product_cat":[998,1005,4613],"product_tag":[],"class_list":{"0":"post-53035","1":"product","2":"type-product","3":"status-publish","4":"has-post-thumbnail","6":"product_cat-liquor-en","7":"product_cat-vodka-en","8":"product_cat-flavoured-en","9":"pa_land-france","10":"pa_procent-37-5-en","11":"pa_producent-ciroc-en","12":"pa_volume-70-en-2","14":"first","15":"instock","16":"taxable","17":"shipping-taxable","18":"purchasable","19":"product-type-simple"},"bundled_by":[],"bundle_stock_status":"instock","bundle_stock_quantity":null,"bundle_virtual":false,"bundle_layout":"","bundle_add_to_cart_form_location":"","bundle_editable_in_cart":false,"bundle_sold_individually_context":"","bundle_item_grouping":"","bundle_min_size":"","bundle_max_size":"","bundle_price":[],"bundled_items":[],"bundle_sell_ids":[],"acf":[],"_links":{"self":[{"href":"https:\/\/www.raschvin.com\/en\/wp-json\/wp\/v2\/product\/53035","targetHints":{"allow":["GET"]}}],"collection":[{"href":"https:\/\/www.raschvin.com\/en\/wp-json\/wp\/v2\/product"}],"about":[{"href":"https:\/\/www.raschvin.com\/en\/wp-json\/wp\/v2\/types\/product"}],"wp:featuredmedia":[{"embeddable":true,"href":"https:\/\/www.raschvin.com\/en\/wp-json\/wp\/v2\/media\/53363"}],"wp:attachment":[{"href":"https:\/\/www.raschvin.com\/en\/wp-json\/wp\/v2\/media?parent=53035"}],"wp:term":[{"taxonomy":"product_brand","embeddable":true,"href":"https:\/\/www.raschvin.com\/en\/wp-json\/wp\/v2\/product_brand?post=53035"},{"taxonomy":"product_cat","embeddable":true,"href":"https:\/\/www.raschvin.com\/en\/wp-json\/wp\/v2\/product_cat?post=53035"},{"taxonomy":"product_tag","embeddable":true,"href":"https:\/\/www.raschvin.com\/en\/wp-json\/wp\/v2\/product_tag?post=53035"}],"curies":[{"name":"wp","href":"https:\/\/api.w.org\/{rel}","templated":true}]}}