{"id":52369,"date":"2024-04-16T18:02:07","date_gmt":"2024-04-16T16:02:07","guid":{"rendered":"https:\/\/www.raschvin.com\/produkt\/lustau-sherry-palo-cortado-peninsula-75-cl-19\/"},"modified":"2024-04-16T18:02:07","modified_gmt":"2024-04-16T16:02:07","slug":"lustau-sherry-palo-cortado-peninsula-75-cl-19","status":"publish","type":"product","link":"https:\/\/www.raschvin.com\/en\/product\/lustau-sherry-palo-cortado-peninsula-75-cl-19\/","title":{"rendered":"Lustau Sherry \u2013 Palo Cortado Peninsula 75 cl. 19%"},"content":{"rendered":"<p>Palo Cortado forener Amontilladoens fantastiske scent med Olorossoens rige eftersmag. Intense and toner with chocolate and coffee toner.<\/p>\n<p>96 POINT<br \/>\nRobert Parker<br \/>\n93 POINT<br \/>\nDecanter World Wine Awards<br \/>\n92 POINT<br \/>\nFalstaff<br \/>\nMedium amber, gold reflections, delicate hints of dried fruit, nougat and caramel, delicate herbal spice, ripe stone fruit, appears surprisingly light-footed but powerful, almond note, mineral-salty finish.<br \/>\n91 POINT<br \/>\nGuia Penin<br \/>\nColour: light mahogany;Aroma: powerful, dry nuts, varnish, candied fruit;Flavour: rich, long, spicy, fine bitter notes.<br \/>\n90 POINTS<br \/>\nWine enthusiast<br \/>\nDark amber in color, with maple, walnut and other sweet-meets-nutty aromas. It&#8217;s a bit tangy, but being as zesty as it is propelled maple, white chocolate and apricot flavors. This one has depth and a very long finish, which makes it a regal but still approachable palo cortado. Overall it&#8217;s similar to an amontillado, but with more pulsing, piercing acidity.<\/p>\n<p>Om Lustau<br \/>\nLustau he enest\u00e5ende sherry. Emilio Lustau has the title of \u201cBest Spanish Bodega\u201d. Mange apriserne he g\u00e5et til husets egne vine, men en del he faktisk ogs\u00e5 g\u00e5et til de s\u00e5kaldte almacenista-sherry&#8217;er, som Emilio Lustau he meget kendt for. Sm\u00e5, individual vinavlere S\u00e6lger deres, often meget nuancerige, vin til Lustau. Before all the others sherry house blander almacenistaernes vin i husets egne, he Emilio Lustau det eneste hus, som lader almacenista-vinene aftappe hver for sig. Uanset hvilken Lustau-sherry, man v\u00e6lger som f\u00f8rste bekendtskab, he man ikke i et \u00f8jeblik i tvivl om, hvorfor Emilio Lustau he omr\u00e5dets ledestjerne og trends\u00e6tter i resten af verden!<\/p>\n<p>The foundation of Lustau was founded in 1896, when Jos\u00e9 Ruiz-Berdejo began his peaceful life in the family, the family home, Nuestra Se\u00f1ora de la Esperanza. And so, the dog blev til just, the vinene started at blive follows til st\u00f8rre sherryproducenter &#8211; en activitet, one knew i omr\u00e5det som at v\u00e6re &#8220;almacenista&#8221;. In 1931, Jos\u00e9s datte, Mar\u00eda Ruiz-Berdejo Alberti, and little winemakers took part in Jerez de la Frontera and the families were destroyed. I 1940&#8217;erne flyttede Marias mand, Emilio Lustau Ortega, vineriet til den gamle bydel af byen og begyndte i gamle, mauriske bygninger at udvide forretningen, stadig som almacenista. In 1945 I stopped Lustau dog den besk\u00e6haftelse and started at s\u00e6lge sine egne sherrym\u00e6rker. Navnet Lustau blev synonymt med kvalitet og i 1990 gik Lustau sammen med et andet prominent virksomhedsnavn i spiritusbranchen, Luis Caballero. The sikrede yderligere stability and economical muscles.<\/p>\n<p>I think it rains Lustau som en m\u00e5lestok for sherry in verdensklasse. Medaljer og trof\u00e6er har der v\u00e6ret mange af, bl.a. &#8220;Best Spanish Winery&#8221; in 2011 and &#8220;Best Sherry Producer&#8221; in 2014 and 2016 at the International Wine &#038; Spirit Competition.<\/p>\n","protected":false},"excerpt":{"rendered":"<p>Solera Reserva Fine Sherry Wine<\/p>\n","protected":false},"featured_media":52448,"template":"","meta":{"_acf_changed":false,"rs_blank_template":"","rs_page_bg_color":"","slide_template_v7":""},"product_brand":[],"product_cat":[2764,2767],"product_tag":[],"class_list":{"0":"post-52369","1":"product","2":"type-product","3":"status-publish","4":"has-post-thumbnail","6":"product_cat-liqueurwine","7":"product_cat-sherry-en","8":"pa_drue-palomino-fino-en","9":"pa_land-spain","10":"pa_procent-19-en","11":"pa_producent-lustau-en","12":"pa_region-jerez-en","13":"pa_serveringstemperatur-16-18-en","14":"pa_volume-75-en","16":"first","17":"instock","18":"taxable","19":"shipping-taxable","20":"purchasable","21":"product-type-simple"},"bundled_by":[],"bundle_stock_status":"instock","bundle_stock_quantity":null,"bundle_virtual":false,"bundle_layout":"","bundle_add_to_cart_form_location":"","bundle_editable_in_cart":false,"bundle_sold_individually_context":"","bundle_item_grouping":"","bundle_min_size":"","bundle_max_size":"","bundle_price":[],"bundled_items":[],"bundle_sell_ids":[],"acf":[],"_links":{"self":[{"href":"https:\/\/www.raschvin.com\/en\/wp-json\/wp\/v2\/product\/52369","targetHints":{"allow":["GET"]}}],"collection":[{"href":"https:\/\/www.raschvin.com\/en\/wp-json\/wp\/v2\/product"}],"about":[{"href":"https:\/\/www.raschvin.com\/en\/wp-json\/wp\/v2\/types\/product"}],"wp:featuredmedia":[{"embeddable":true,"href":"https:\/\/www.raschvin.com\/en\/wp-json\/wp\/v2\/media\/52448"}],"wp:attachment":[{"href":"https:\/\/www.raschvin.com\/en\/wp-json\/wp\/v2\/media?parent=52369"}],"wp:term":[{"taxonomy":"product_brand","embeddable":true,"href":"https:\/\/www.raschvin.com\/en\/wp-json\/wp\/v2\/product_brand?post=52369"},{"taxonomy":"product_cat","embeddable":true,"href":"https:\/\/www.raschvin.com\/en\/wp-json\/wp\/v2\/product_cat?post=52369"},{"taxonomy":"product_tag","embeddable":true,"href":"https:\/\/www.raschvin.com\/en\/wp-json\/wp\/v2\/product_tag?post=52369"}],"curies":[{"name":"wp","href":"https:\/\/api.w.org\/{rel}","templated":true}]}}