{"id":51689,"date":"2024-03-29T20:32:47","date_gmt":"2024-03-29T19:32:47","guid":{"rendered":"https:\/\/www.raschvin.com\/produkt\/mjoedgaard-mead-vaarmjoed-spring-mead-50-cl-13\/"},"modified":"2024-03-29T20:32:47","modified_gmt":"2024-03-29T19:32:47","slug":"mjoedgaard-mead-vaarmjoed-spring-mead-50-cl-13","status":"publish","type":"product","link":"https:\/\/www.raschvin.com\/en\/product\/mjoedgaard-mead-vaarmjoed-spring-mead-50-cl-13\/","title":{"rendered":"Mj\u00f8dg\u00e5rd Mead \u2013 V\u00e5rmj\u00f8d (Spring Mead) 50 cl. 13%"},"content":{"rendered":"<p>V\u00e5rmj\u00f8den has an interesting flavor profile, with a clear honey sweetness, but the flavor profile and aroma are dominated by dry scents and flavors reminiscent of forest floor, moorland and grain harvest. The sweetness in the mead is finely balanced by a clean and distinct acidity and a very round and mild bitterness.<\/p>\n<p>Ingredients: Water, Danish honey, hemp, juniper wood and yeast. Guidance 13% alcohol.<\/p>\n<p>Below you can read the full description of the mead and get serving suggestions.<\/p>\n<p>Read about our products, raw materials, vision and history, and learn more about who Mj\u00f8dg\u00e5rd is. We are more than just a brewery.<\/p>\n<p>Description<\/p>\n<p>The seasonal mead Spring mead \u2013 hemp and juniper wood<\/p>\n<p>V\u00e5rmj\u00f8den has an interesting flavor profile, with a clear honey sweetness, but the flavor profile and aroma are dominated by dry scents and flavors reminiscent of forest floor, moorland and grain harvest. The sweetness in the mead is finely balanced by a clean and distinct acidity and a very round and mild bitterness.<\/p>\n<p>Serving suggestions<\/p>\n<p>V\u00e5rmj\u00f8den is a semi-dry mead, its sweetness is pronounced enough to be used in certain desserts, but will often be best served with savory dishes. It goes well with animal flavors such as venison and offal and will also go well with smoked products, both meat and fish.<\/p>\n<p>For desserts, it cannot match very sweet desserts, but desserts based on nuts and dried fruit without too much added sugar will still do well.<\/p>\n<p>For cheese, it is a versatile mead that can stand next to all kinds of cheese, both the mild and the strong.<\/p>\n<p>Glass<\/p>\n<p>The spring mead should be served in a white wine glass, it needs space to fully develop its aroma and should preferably not have emphasized its sweetness.<\/p>\n<p>Alternatively, it looks really nice in a champagne flute.<\/p>\n","protected":false},"excerpt":{"rendered":"<p>Danish Quality Mead<\/p>\n","protected":false},"featured_media":51723,"template":"","meta":{"_acf_changed":false,"rs_blank_template":"","rs_page_bg_color":"","slide_template_v7":""},"product_brand":[],"product_cat":[4426],"product_tag":[],"class_list":{"0":"post-51689","1":"product","2":"type-product","3":"status-publish","4":"has-post-thumbnail","6":"product_cat-mead","7":"pa_land-denmark","8":"pa_procent-13-en","9":"pa_producent-mjoedgaard-en","10":"pa_region-sydsjaelland-en","11":"pa_volume-50-en","13":"first","14":"outofstock","15":"taxable","16":"shipping-taxable","17":"purchasable","18":"product-type-simple"},"bundled_by":[],"bundle_stock_status":"outofstock","bundle_stock_quantity":null,"bundle_virtual":false,"bundle_layout":"","bundle_add_to_cart_form_location":"","bundle_editable_in_cart":false,"bundle_sold_individually_context":"","bundle_item_grouping":"","bundle_min_size":"","bundle_max_size":"","bundle_price":[],"bundled_items":[],"bundle_sell_ids":[],"acf":[],"_links":{"self":[{"href":"https:\/\/www.raschvin.com\/en\/wp-json\/wp\/v2\/product\/51689","targetHints":{"allow":["GET"]}}],"collection":[{"href":"https:\/\/www.raschvin.com\/en\/wp-json\/wp\/v2\/product"}],"about":[{"href":"https:\/\/www.raschvin.com\/en\/wp-json\/wp\/v2\/types\/product"}],"wp:featuredmedia":[{"embeddable":true,"href":"https:\/\/www.raschvin.com\/en\/wp-json\/wp\/v2\/media\/51723"}],"wp:attachment":[{"href":"https:\/\/www.raschvin.com\/en\/wp-json\/wp\/v2\/media?parent=51689"}],"wp:term":[{"taxonomy":"product_brand","embeddable":true,"href":"https:\/\/www.raschvin.com\/en\/wp-json\/wp\/v2\/product_brand?post=51689"},{"taxonomy":"product_cat","embeddable":true,"href":"https:\/\/www.raschvin.com\/en\/wp-json\/wp\/v2\/product_cat?post=51689"},{"taxonomy":"product_tag","embeddable":true,"href":"https:\/\/www.raschvin.com\/en\/wp-json\/wp\/v2\/product_tag?post=51689"}],"curies":[{"name":"wp","href":"https:\/\/api.w.org\/{rel}","templated":true}]}}