{"id":51529,"date":"2024-03-28T16:40:03","date_gmt":"2024-03-28T15:40:03","guid":{"rendered":"https:\/\/www.raschvin.com\/produkt\/chateau-lescalle-bordeaux-superieur-2020-75-cl\/"},"modified":"2026-02-04T11:57:14","modified_gmt":"2026-02-04T10:57:14","slug":"chateau-lescalle-bordeaux-superieur-2020-75-cl","status":"publish","type":"product","link":"https:\/\/www.raschvin.com\/en\/product\/chateau-lescalle-bordeaux-superieur-2020-75-cl\/","title":{"rendered":"Chateau Lescalle Bordeaux Sup\u00e9rieur 2022 75 cl."},"content":{"rendered":"<p>The grape composition for Ch\u00e2teau Lescalle is usually 65% Merlot, 20% Cabernet Sauvignon, 10% Cabernet Franc and 5% Petit Verdot, but can vary slightly by vintage. In 2020 it was, for example, 85% Merlot and 15% Cabernet Sauvignon. Fermentation takes place in temperature-controlled steel tanks for 2 to 3 weeks with daily stirring. The maturation of the wine lasts for 12 months and takes place with 60-70% in steel tanks and 30-40% in oak barrels, of which 20-40% are new, depending on the vintage. The other casks are 1 to 2 years old and have been used for the 2 Haut-M\u00e9doc Cru Bourgeois ch\u00e2teaux Ch\u00e2teau Maucamps and Ch\u00e2teau Dasvin-Bel-Air, which are immediate neighbors and owned by the same family as Lescalle.<\/p>\n<p>The wine from Ch\u00e2teau Lescalle usually has a really good balance between fruit concentration, finesse and structure in its youth. It has Merlot&#8217;s classic flattering character but will definitely benefit from a bit of maturation and, if served in its youth, from an oxygenation in a carafe before serving. The castle&#8217;s typical character with shades of cherries, almonds and bitter chocolate comes through nicely in both aroma and taste with a good crispness and a nice, long aftertaste. The Margaux character is found especially in the aftertaste, which is very delicate and long. Again, it is the fruit character which is very dominant. It is a wine that you almost cannot help liking. A really good experience for the price! It will be suitable for all meat dishes, especially game or lamb or possibly for cheese.<\/p>\n<p>Ch\u00e2teau Lescalle is located in the Macau municipality in the Margaux district, but is only entitled to the more modest status of Bordeaux Sup\u00e9rieur. It was built in 1875 by the Tessandier family, who still own the castle. Its location is of course almost ideal for achieving excellent quality: close to the Garonne river in one of the best production areas in Bordeaux, and next door to the two famous castles \u2013 Ch\u00e2teau Giscours and Ch\u00e2teau la Lagune. Ch\u00e2teau Lescalle makes truly value for money Bordeaux wine.<\/p>\n","protected":false},"excerpt":{"rendered":"<p>The grape composition for Ch\u00e2teau Lescalle is usually 65% Merlot, 20% Cabernet Sauvignon, 10% Cabernet Franc and 5% Petit Verdot, but can vary slightly by vintage. In 2020 it was,&#8230;<\/p>\n","protected":false},"featured_media":51577,"template":"","meta":{"_acf_changed":false,"rs_blank_template":"","rs_page_bg_color":"","slide_template_v7":""},"product_brand":[],"product_cat":[2789,2799],"product_tag":[],"class_list":{"0":"post-51529","1":"product","2":"type-product","3":"status-publish","4":"has-post-thumbnail","6":"product_cat-wine","7":"product_cat-red-wine","8":"pa_aargang-2022-en","9":"pa_drue-cabernet-sauvignon-en","10":"pa_drue-merlot-en","11":"pa_land-france","12":"pa_procent-14-en","13":"pa_producent-chateau-lescalle-en","14":"pa_region-bordeaux-en","15":"pa_serveringstemperatur-18-20-en","16":"pa_volume-75-en","18":"first","19":"instock","20":"taxable","21":"shipping-taxable","22":"purchasable","23":"product-type-simple"},"bundled_by":[],"bundle_stock_status":"instock","bundle_stock_quantity":null,"bundle_virtual":false,"bundle_layout":"","bundle_add_to_cart_form_location":"","bundle_editable_in_cart":false,"bundle_sold_individually_context":"","bundle_item_grouping":"","bundle_min_size":"","bundle_max_size":"","bundle_price":[],"bundled_items":[],"bundle_sell_ids":[],"acf":[],"_links":{"self":[{"href":"https:\/\/www.raschvin.com\/en\/wp-json\/wp\/v2\/product\/51529","targetHints":{"allow":["GET"]}}],"collection":[{"href":"https:\/\/www.raschvin.com\/en\/wp-json\/wp\/v2\/product"}],"about":[{"href":"https:\/\/www.raschvin.com\/en\/wp-json\/wp\/v2\/types\/product"}],"wp:featuredmedia":[{"embeddable":true,"href":"https:\/\/www.raschvin.com\/en\/wp-json\/wp\/v2\/media\/51577"}],"wp:attachment":[{"href":"https:\/\/www.raschvin.com\/en\/wp-json\/wp\/v2\/media?parent=51529"}],"wp:term":[{"taxonomy":"product_brand","embeddable":true,"href":"https:\/\/www.raschvin.com\/en\/wp-json\/wp\/v2\/product_brand?post=51529"},{"taxonomy":"product_cat","embeddable":true,"href":"https:\/\/www.raschvin.com\/en\/wp-json\/wp\/v2\/product_cat?post=51529"},{"taxonomy":"product_tag","embeddable":true,"href":"https:\/\/www.raschvin.com\/en\/wp-json\/wp\/v2\/product_tag?post=51529"}],"curies":[{"name":"wp","href":"https:\/\/api.w.org\/{rel}","templated":true}]}}