{"id":51309,"date":"2024-03-27T17:21:36","date_gmt":"2024-03-27T16:21:36","guid":{"rendered":"https:\/\/www.raschvin.com\/produkt\/la-rioja-alta-gran-reserva-890-2010-75-cl\/"},"modified":"2024-03-27T17:21:36","modified_gmt":"2024-03-27T16:21:36","slug":"la-rioja-alta-gran-reserva-890-2010-75-cl","status":"publish","type":"product","link":"https:\/\/www.raschvin.com\/en\/product\/la-rioja-alta-gran-reserva-890-2010-75-cl\/","title":{"rendered":"La Rioja Alta Gran Reserva 890 2010 75 cl."},"content":{"rendered":"<p>99 POINT<br \/>\nJames Suckling<br \/>\nThis is really refined and complex, with dark mineral, savory berries, mussels, walnuts, sweet spices, truffles, dried oranges, forest floor and cocoa powder. Beautiful acidity with vertical and velvety tannins. Tense, dimensional and very long. Drink or keep holding.<br \/>\n98 POINT<br \/>\nDecanter<br \/>\nI must confess that I find it hard to be objective about the 890, which is one of my all-time favourites, and 2010 is a particularly good vintage. With attention to detail in the vineyard and in the winery, the wine \u2013 named after the founding year, only made in the very best years &#8211; gets ever better. It is the very essence of fine Rioja, with succulent cherry fruits, sweet spices, mocha, supple and generously rounded. Aged for no less than six years in carefully selected American oak, and with no sign of weariness. This one is made for the long haul.<br \/>\n97 POINT<br \/>\nRobert Parker<br \/>\nThey were eager to show me their 2010 Gran Reserva 890, their flagship wine from one of the most heralded vintages of recent times, the next vintage of this wine since 2005. It&#8217;s 95% Tempranillo, 3% Graciano and 2% Mazuelo that fermented destemmed and crushed with indigenous yeasts in stainless steel vats for 18 days, the Tempranillo and Mazuelo together and the Graciano separately. After letting the wine settle for the winter, they selected the lots that would age for six years in used American oak barrels with 10 manual rackings. The wine epitomizes the classical style of Rioja Alta with long aging in barrel, developed and tertiary wines with a silky palate and a complex and decadent nose of forest floor, truffles, cigar ash and cedar wood. They need a very special selection of vineyards at higher altitude that take longer to ripen, and they don&#8217;t do it fully every year. If they don&#8217;t, the grapes go to Ardanza, but in 2010, the days were warm and the nights very cold and the grapes ripened thoroughly and could stand the long time in barrel without being oaky. They have stopped the last rackings to keep a little more freshness, and the wine feels phenomenal. This has to be one of the finest vintages for this wine. It&#8217;s drinkable now but should also age for a very long time; it&#8217;s intense, complex and elegant. A selection of 236 barrels were blended and bottled unfiltered in March 2017 into 61,643 bottles, 4,189 magnums and some larger formats. There will be a 2011 of this wine and then 2015 and possibly 2016 (but no 2012, 2013 or 2014). This is a very intense 890. Classicism in a bottle.<\/p>\n<p>Aroma af s\u00f8de kirseb\u00e6r, blommer, tobak, kanel, vanilje, peber, l\u00e6der og chokolade. Fine tanniner g\u00f8r den bl\u00f8d og im\u00f8dekommende at drikke nu, selvom vinen har et lagringspotentiale p\u00e5 mindst 50 \u00e5r foran sig. Frugten er frisk og saftig, og efterlader et indtryk af en kompleks, dyb og silkebl\u00f8d vin.<\/p>\n<p>Vinen lagres i imponerende seks \u00e5r p\u00e5 brugte fade af amerikansk egetr\u00e6, med grundige analyser og smagninger af de separate fade undervejs. Kun de bedste herfra finder vej til den endelige vin, hvoraf der i 2010-\u00e5rgangen blev produceret omkring 60.000 flasker. Som man kender det med store vine fra eks. Bordeaux, er 890 Gran Reserva ikke filtreret, for at bevare mest muligt af vinens unikke aromaer.<\/p>\n<p>La Rioja Altas 890 Gran Reserva h\u00f8rer til helt i toppen af hierarkiet over de st\u00f8rste spanske vine. Is\u00e6r i denne uimodst\u00e5eligt flotte \u00e5rgang 2010, der har vist sig at v\u00e6re blandt de allerbedste nyere \u00e5rgange i Rioja.<\/p>\n<p>890 Gran Reserva best\u00e5r i 2010-udgaven af 95 % Tempranillo, mens resten udg\u00f8res af Graciano og Mazuelo. De n\u00f8je udvaglte drue kommer fra nogle af husets egne og bedste marker, samt fra nogle af La Rioja Altas \u00e6ldste vinstokke. Der h\u00f8stet naturligvis udelukkende med h\u00e5ndkraft, s\u00e5 kun de bedste af de bedste druer finder vej til vineriet, hvortil de transporteres i sm\u00e5 nedk\u00f8lede kasser, for at sikre den optimale kvalitet hele vejen.<\/p>\n","protected":false},"excerpt":{"rendered":"<p>DOC Rioja &#8211; Spain<\/p>\n","protected":false},"featured_media":51422,"template":"","meta":{"_acf_changed":false,"rs_blank_template":"","rs_page_bg_color":"","slide_template_v7":""},"product_brand":[],"product_cat":[7704,2789,2799],"product_tag":[],"class_list":{"0":"post-51309","1":"product","2":"type-product","3":"status-publish","4":"has-post-thumbnail","6":"product_cat-fine-wine-en","7":"product_cat-wine","8":"product_cat-red-wine","9":"pa_aargang-2010-en","10":"pa_drue-graciano-en","11":"pa_drue-tempranillo-en","12":"pa_drue-mazuelo-en","13":"pa_land-spain","14":"pa_procent-14-5-en","15":"pa_producent-la-rioja-alta-en","16":"pa_region-rioja-en","17":"pa_serveringstemperatur-18-20-en","18":"pa_volume-75-en","20":"first","21":"instock","22":"taxable","23":"shipping-taxable","24":"purchasable","25":"product-type-simple"},"bundled_by":[],"bundle_stock_status":"instock","bundle_stock_quantity":null,"bundle_virtual":false,"bundle_layout":"","bundle_add_to_cart_form_location":"","bundle_editable_in_cart":false,"bundle_sold_individually_context":"","bundle_item_grouping":"","bundle_min_size":"","bundle_max_size":"","bundle_price":[],"bundled_items":[],"bundle_sell_ids":[],"acf":[],"_links":{"self":[{"href":"https:\/\/www.raschvin.com\/en\/wp-json\/wp\/v2\/product\/51309","targetHints":{"allow":["GET"]}}],"collection":[{"href":"https:\/\/www.raschvin.com\/en\/wp-json\/wp\/v2\/product"}],"about":[{"href":"https:\/\/www.raschvin.com\/en\/wp-json\/wp\/v2\/types\/product"}],"wp:featuredmedia":[{"embeddable":true,"href":"https:\/\/www.raschvin.com\/en\/wp-json\/wp\/v2\/media\/51422"}],"wp:attachment":[{"href":"https:\/\/www.raschvin.com\/en\/wp-json\/wp\/v2\/media?parent=51309"}],"wp:term":[{"taxonomy":"product_brand","embeddable":true,"href":"https:\/\/www.raschvin.com\/en\/wp-json\/wp\/v2\/product_brand?post=51309"},{"taxonomy":"product_cat","embeddable":true,"href":"https:\/\/www.raschvin.com\/en\/wp-json\/wp\/v2\/product_cat?post=51309"},{"taxonomy":"product_tag","embeddable":true,"href":"https:\/\/www.raschvin.com\/en\/wp-json\/wp\/v2\/product_tag?post=51309"}],"curies":[{"name":"wp","href":"https:\/\/api.w.org\/{rel}","templated":true}]}}