{"id":51306,"date":"2024-03-27T17:11:29","date_gmt":"2024-03-27T16:11:29","guid":{"rendered":"https:\/\/www.raschvin.com\/produkt\/errazuriz-sena-chadwick-mondavi-2019-75-cl\/"},"modified":"2024-03-27T17:11:29","modified_gmt":"2024-03-27T16:11:29","slug":"errazuriz-sena-chadwick-mondavi-2019-75-cl","status":"publish","type":"product","link":"https:\/\/www.raschvin.com\/en\/product\/errazuriz-sena-chadwick-mondavi-2019-75-cl\/","title":{"rendered":"Errazuriz &#8211; Se\u00f1a Chadwick Mondavi 2019 75 cl."},"content":{"rendered":"<p>Body, fullness and lots of muscles. Powerful tannins in a wine that still manages to be harmonious and in balance. Fresh and lively wine in an otherwise warm year with dark notes of blackcurrants, blackberries, blueberries, plums and violets. Dry and very aromatic.<\/p>\n<p>The grapes were picked in the early morning. First Cabernet Franc on March 4th and finally Cabernet Sauvignon at the end of the month. The grapes were double sorted to remove bad grapes, leaves and other unwanted greens. After the grapes were carefully crushed, they fermented in stainless steel &#8211; individually. The wine was collected in July and aged for 22 months with malolactic fermentation. 80% was aged in small French casks, of which 2\/3 were new.<\/p>\n<p>99 POINTS James Suckling<br \/>\n97 POINT decanter.com<br \/>\n96 POINTS robertparker.com<\/p>\n<p>American Robert Mondavi and Eduardo Chadwick from Chilean Errazuriz created Se\u00f1a together. The goal was to create a world-class Chilean wine. It was completely successful with Se\u00f1a. In 1999 they bought together 350 hectares in the upper part of Valle de Aconcagua, where they planted 42 hectares on the best exposed slopes with Cabernet Sauvignon, Merlot, Petit Verdot, Cabernet Franc, Malbec and Carmenere. Today, Se\u00f1a is part of Vi\u00f1a Errazuriz.<\/p>\n<p>About Vi\u00f1a Errazuriz<br \/>\nIt was the famous Don Maximiano Err\u00e1zuriz who founded Vi\u00f1a Err\u00e1zuriz in 1870. With great visions for the future and his innovative ideas, he planted the first French grape varieties in the Aconcagua Valley. In addition to the great vinous involvement, Err\u00e1zuriz was also a politician and diplomat. He was born in Santiago in 1832, into a family of Basque origin that came to Chile in 1735. Since then, two members of the family have been presidents, two have been archbishops of Santiago and others have been diplomats, writers and businessmen who have contributed to the development of Chile. His great work was handed down to future generations in the family, and in just over a century his descendants consolidated the winery and placed their wines among the absolute best in the entire continent of South America. Today, Vi\u00f1a Errazuriz is therefore world famous for wines of very high quality.<\/p>\n<p>Environmentally conscious world class<br \/>\nVi\u00f1a Errazuriz is environmentally aware and future-oriented. In 2008, it was the first Chilean winery to introduce lightweight bottles to reduce CO2 emissions during both production and transport. Errazuriz also practices sustainable wine production, and the fields are cultivated organically as much as possible. The crowning achievement is \u2013 so far \u2013 the inauguration in 2010 of the new sustainable winery, Don Maximiano Icon Winery, in the Aconcagua Valley, as well as the official approval in 2011 as a sustainable company.<\/p>\n<p>Roughly speaking, Errazuriz divides its wines into four categories<br \/>\nEstate Reserva: The basis of the house, where the quality is already far ahead of other Chilean wine houses&#8217; &#8220;luxury editions&#8221;.<br \/>\nReserva: From specially selected fields. A further development of the Estate Reserva wines, often with slightly longer\/intense barrel ageing. Including i.a. the popular Max Reserva series.<br \/>\nSpecialties: E.g. Single Vineyard, Wild Fermented, Organic and Late Harvest<br \/>\nIcon wines: Like Vi\u00f1edo Chadwick, Se\u00f1a, Founder&#8217;s Reserve and KAI. Belongs not only to the Chilean wine elite, but also to the world elite.<\/p>\n","protected":false},"excerpt":{"rendered":"<p>Aconcagua Valley &#8211; Chile <\/p>\n","protected":false},"featured_media":51317,"template":"","meta":{"_acf_changed":false,"rs_blank_template":"","rs_page_bg_color":"","slide_template_v7":""},"product_brand":[],"product_cat":[7704,2789,2799],"product_tag":[],"class_list":{"0":"post-51306","1":"product","2":"type-product","3":"status-publish","4":"has-post-thumbnail","6":"product_cat-fine-wine-en","7":"product_cat-wine","8":"product_cat-red-wine","9":"pa_aargang-2019-en","10":"pa_drue-cabernet-franc-en","11":"pa_drue-cabernet-sauvignon-en","12":"pa_drue-carmenere-en","13":"pa_drue-merlot-en","14":"pa_land-chile-en","15":"pa_procent-14-5-en","16":"pa_producent-vina-errazuriz-en","17":"pa_region-aconcagua-valley-en","18":"pa_serveringstemperatur-18-20-en","19":"pa_volume-75-en","21":"first","22":"instock","23":"taxable","24":"shipping-taxable","25":"purchasable","26":"product-type-simple"},"bundled_by":[],"bundle_stock_status":"instock","bundle_stock_quantity":null,"bundle_virtual":false,"bundle_layout":"","bundle_add_to_cart_form_location":"","bundle_editable_in_cart":false,"bundle_sold_individually_context":"","bundle_item_grouping":"","bundle_min_size":"","bundle_max_size":"","bundle_price":[],"bundled_items":[],"bundle_sell_ids":[],"acf":[],"_links":{"self":[{"href":"https:\/\/www.raschvin.com\/en\/wp-json\/wp\/v2\/product\/51306","targetHints":{"allow":["GET"]}}],"collection":[{"href":"https:\/\/www.raschvin.com\/en\/wp-json\/wp\/v2\/product"}],"about":[{"href":"https:\/\/www.raschvin.com\/en\/wp-json\/wp\/v2\/types\/product"}],"wp:featuredmedia":[{"embeddable":true,"href":"https:\/\/www.raschvin.com\/en\/wp-json\/wp\/v2\/media\/51317"}],"wp:attachment":[{"href":"https:\/\/www.raschvin.com\/en\/wp-json\/wp\/v2\/media?parent=51306"}],"wp:term":[{"taxonomy":"product_brand","embeddable":true,"href":"https:\/\/www.raschvin.com\/en\/wp-json\/wp\/v2\/product_brand?post=51306"},{"taxonomy":"product_cat","embeddable":true,"href":"https:\/\/www.raschvin.com\/en\/wp-json\/wp\/v2\/product_cat?post=51306"},{"taxonomy":"product_tag","embeddable":true,"href":"https:\/\/www.raschvin.com\/en\/wp-json\/wp\/v2\/product_tag?post=51306"}],"curies":[{"name":"wp","href":"https:\/\/api.w.org\/{rel}","templated":true}]}}