{"id":51297,"date":"2024-03-27T14:30:07","date_gmt":"2024-03-27T13:30:07","guid":{"rendered":"https:\/\/www.raschvin.com\/produkt\/errazuriz-don-maximiano-founders-reserve-2013-75-cl\/"},"modified":"2025-12-02T09:04:44","modified_gmt":"2025-12-02T08:04:44","slug":"errazuriz-don-maximiano-founders-reserve-2013-75-cl","status":"publish","type":"product","link":"https:\/\/www.raschvin.com\/en\/product\/errazuriz-don-maximiano-founders-reserve-2013-75-cl\/","title":{"rendered":"Errazuriz &#8211; Don Maximiano Founder&#8217;s Reserve 2016 75 cl."},"content":{"rendered":"<p data-start=\"14\" data-end=\"398\">The 2016 vintage of Don Maximiano is a year in which you can truly appreciate what a cool growing season means for the wine. The result is a unique and captivating wine with strikingly perfect balance and elegance. Inspired by the classic Bordeaux tradition, Err\u00e1zuriz enhances the wine\u2019s complexity by adding a small proportion of Cabernet Franc and Merlot to the Cabernet Sauvignon.<\/p>\n<p data-start=\"400\" data-end=\"749\">Beautiful aromas of roasted coffee beans, cocoa and blackcurrant intertwine with notes of fresh cranberries and cherry pie. On the palate, intense red cherries, blackberries and blueberries dominate in a wonderfully inviting wine. Great tension and concentration with fine tannins and a fantastic balance that marks a wine with remarkable potential.<\/p>\n<p data-start=\"751\" data-end=\"810\"><strong data-start=\"751\" data-end=\"764\">97 POINTS<\/strong><br data-start=\"764\" data-end=\"767\" \/>Descorchados<br data-start=\"779\" data-end=\"782\" \/>Reviewed by Patricio Tapia<\/p>\n<p data-start=\"812\" data-end=\"839\"><strong data-start=\"812\" data-end=\"825\">96 POINTS<\/strong><br data-start=\"825\" data-end=\"828\" \/>Tim Atkin<\/p>\n<p data-start=\"841\" data-end=\"901\"><strong data-start=\"841\" data-end=\"854\">93 POINTS<\/strong><br data-start=\"854\" data-end=\"857\" \/>Robert Parker<br data-start=\"870\" data-end=\"873\" \/>Reviewed by Luis Guti\u00e9rrez<\/p>\n<blockquote data-start=\"903\" data-end=\"1146\">\n<p data-start=\"905\" data-end=\"1146\">\u201cIt\u2019s an ultra classical Aconcagua Cabernet-based blend with good ripeness while keeping the freshness, and it has generous oak that does not overwhelm but makes the wine softer and spicier. It has some fine-grained, slightly dusty tannins.\u201d<\/p>\n<\/blockquote>\n<p data-start=\"1148\" data-end=\"1209\"><strong data-start=\"1148\" data-end=\"1161\">92 POINTS<\/strong><br data-start=\"1161\" data-end=\"1164\" \/>Wine Spectator<br data-start=\"1178\" data-end=\"1181\" \/>Reviewed by Wine Spectator<\/p>\n<p data-start=\"1211\" data-end=\"1658\"><strong data-start=\"1211\" data-end=\"1224\">91 POINTS<\/strong><br data-start=\"1224\" data-end=\"1227\" \/>Vinstyrke2<br data-start=\"1237\" data-end=\"1240\" \/>\u201cNoble, almost Bordeaux-like on the nose with nuances of dark berries, cedar wood, plum and cocoa-rich chocolate. On the palate there is a striking lightness. Here there is far more finesse than power, and the distinct notes of blackcurrant and blueberry fruit give the wine at once a discreet sweetness and a noticeable acidity. It does not quite reach the level of the greatest crus in Bordeaux, but it comes close.\u201d<\/p>\n<p data-start=\"1660\" data-end=\"1691\"><strong data-start=\"1660\" data-end=\"1673\">91 POINTS<\/strong><br data-start=\"1673\" data-end=\"1676\" \/>CellarTracker<\/p>\n<p data-start=\"1693\" data-end=\"1726\"><strong data-start=\"1693\" data-end=\"1706\">90 POINTS<\/strong><br data-start=\"1706\" data-end=\"1709\" \/>Wine Enthusiast<\/p>\n<p data-start=\"1729\" data-end=\"2353\">Since 1870, Vi\u00f1a Err\u00e1zuriz has been at the forefront of Chilean wine production, founded by the visionary Don Maximiano Err\u00e1zuriz in the Aconcagua Valley. Here family heritage, innovation and sustainability come together to create wines that delight wine lovers all over the world. While most Chilean vineyards were still being planted close to the capital, Santiago, Don Maximiano looked further north. After travelling 100 kilometres on horseback over two days, he discovered the Aconcagua Valley. There he declared that \u201cfrom the best land, the best wine shall come.\u201d That vision is still alive more than 150 years later.<\/p>\n<p data-start=\"2355\" data-end=\"2755\">The Chileans made history in 2004 when Vi\u00f1a Err\u00e1zuriz, at a now famous blind tasting, stood out in competition with some of the most prestigious wines from Italy and France. Don Maximiano Founder\u2019s Reserve and KAI secured top positions. This milestone was followed by a series of 22 international tastings that demonstrated the consistency and outstanding quality of Chilean wine on the global stage.<\/p>\n<p data-start=\"2757\" data-end=\"3075\">At Vi\u00f1a Err\u00e1zuriz a wide palette of grape varieties is grown, each carefully chosen to express the unique terroir. From powerful Cabernet Sauvignon, elegant Pinot Noir and full-bodied Shiraz to complex Malbec and the distinctive Chilean signature grape Carmenere, their red wines offer exceptional depth and character.<\/p>\n<p data-start=\"3077\" data-end=\"3315\">White wines such as vibrant Sauvignon Blanc and harmonious Chardonnay showcase the estate\u2019s ability to deliver both liveliness and finesse. This versatility has cemented Vi\u00f1a Err\u00e1zuriz as one of the world\u2019s most renowned wine producers.<\/p>\n","protected":false},"excerpt":{"rendered":"<p>Aconcagua Valley &#8211; Chile<\/p>\n","protected":false},"featured_media":51407,"template":"","meta":{"_acf_changed":false,"rs_blank_template":"","rs_page_bg_color":"","slide_template_v7":""},"product_brand":[],"product_cat":[2789,2799],"product_tag":[],"class_list":{"0":"post-51297","1":"product","2":"type-product","3":"status-publish","4":"has-post-thumbnail","6":"product_cat-wine","7":"product_cat-red-wine","8":"pa_aargang-2013-en","9":"pa_drue-cabernet-sauvignon-en","10":"pa_drue-carmenere-en","11":"pa_drue-malbec-en","12":"pa_drue-petit-verdot-en","13":"pa_land-chile-en","14":"pa_procent-14-en","15":"pa_producent-vina-errazuriz-en","16":"pa_region-aconcagua-valley-en","17":"pa_serveringstemperatur-17-18-en","18":"pa_volume-75-en","20":"first","21":"instock","22":"taxable","23":"shipping-taxable","24":"purchasable","25":"product-type-simple"},"bundled_by":[],"bundle_stock_status":"instock","bundle_stock_quantity":null,"bundle_virtual":false,"bundle_layout":"","bundle_add_to_cart_form_location":"","bundle_editable_in_cart":false,"bundle_sold_individually_context":"","bundle_item_grouping":"","bundle_min_size":"","bundle_max_size":"","bundle_price":[],"bundled_items":[],"bundle_sell_ids":[],"acf":[],"_links":{"self":[{"href":"https:\/\/www.raschvin.com\/en\/wp-json\/wp\/v2\/product\/51297","targetHints":{"allow":["GET"]}}],"collection":[{"href":"https:\/\/www.raschvin.com\/en\/wp-json\/wp\/v2\/product"}],"about":[{"href":"https:\/\/www.raschvin.com\/en\/wp-json\/wp\/v2\/types\/product"}],"wp:featuredmedia":[{"embeddable":true,"href":"https:\/\/www.raschvin.com\/en\/wp-json\/wp\/v2\/media\/51407"}],"wp:attachment":[{"href":"https:\/\/www.raschvin.com\/en\/wp-json\/wp\/v2\/media?parent=51297"}],"wp:term":[{"taxonomy":"product_brand","embeddable":true,"href":"https:\/\/www.raschvin.com\/en\/wp-json\/wp\/v2\/product_brand?post=51297"},{"taxonomy":"product_cat","embeddable":true,"href":"https:\/\/www.raschvin.com\/en\/wp-json\/wp\/v2\/product_cat?post=51297"},{"taxonomy":"product_tag","embeddable":true,"href":"https:\/\/www.raschvin.com\/en\/wp-json\/wp\/v2\/product_tag?post=51297"}],"curies":[{"name":"wp","href":"https:\/\/api.w.org\/{rel}","templated":true}]}}