{"id":51275,"date":"2026-03-05T10:02:48","date_gmt":"2026-03-05T09:02:48","guid":{"rendered":"https:\/\/www.raschvin.com\/produkt\/papalin-reunion-10-years-old-70-cl-50\/"},"modified":"2024-03-27T13:15:48","modified_gmt":"2024-03-27T12:15:48","slug":"papalin-reunion-10-years-old-70-cl-50","status":"publish","type":"product","link":"https:\/\/www.raschvin.com\/en\/product\/papalin-reunion-10-years-old-70-cl-50\/","title":{"rendered":"Papalin Reunion 10 Years Old 70 cl. 50%"},"content":{"rendered":"<p>DESCRIPTION<br \/>\nAlthough this Papalin R\u00e9union aged in French oak casks is very different from the Papalin Ha\u00efti sherry cask also featured in the New Vibrations Cr\u00e9ations catalogue, both reveal the same limitless power of seduction and class. A blend of one grand ar\u00f4me rum and three traditional rums, this version invites us to explore a palette of flavours and aromas that moves through deeply empyreumatic and wonderfully fruity sequences, all with astounding natural ease.<\/p>\n<p>TASTING NOTES<br \/>\nNose : Elegant, complex. On the first nose, a magnificent sequence of orange and chocolate fragrances sets the tone for a promising tasting. Allowed to breathe, very ripe mangos, mineral notes (schist) and hydrocarbon vapours add admirably to the aroma palette.<\/p>\n<p>Appearance : Vieil or \u00e0 reflets cuivr\u00e9s.<\/p>\n<p>Palate : Noble, invigorating. On the attack, the oranges from the nose release their fresh and tangy juices. The more rooty mid-palate (ginger, gentian) is also rich (hot cane sugar). The end of the palate reveals a sophisticated apricot aspect (stone).<\/p>\n<p>Overall : Long, distinguished. The powdery finish (cocoa, red tea) revisits all the fruits from the nose and the palate. Toffee and oak stave flavours feed a very consistent mid-palate. The end of the finish is naturally fibrous and vegetal (cane).<\/p>\n","protected":false},"excerpt":{"rendered":"<p>Original Vatted Rum &#8211; R\u00e9union Island <\/p>\n","protected":false},"featured_media":51362,"template":"","meta":{"_acf_changed":false,"rs_blank_template":"","rs_page_bg_color":"","slide_template_v7":""},"product_brand":[],"product_cat":[983,4633,989],"product_tag":[],"class_list":{"0":"post-51275","1":"product","2":"type-product","3":"status-publish","4":"has-post-thumbnail","6":"product_cat-avec-en","7":"product_cat-premium-aged-en","8":"product_cat-rom-en","9":"pa_land-island-of-reunion-en","10":"pa_procent-50-en","11":"pa_producent-papalin-en-2","12":"pa_volume-70-en-2","14":"first","15":"instock","16":"taxable","17":"shipping-taxable","18":"purchasable","19":"product-type-simple"},"bundled_by":[],"bundle_stock_status":"instock","bundle_stock_quantity":null,"bundle_virtual":false,"bundle_layout":"","bundle_add_to_cart_form_location":"","bundle_editable_in_cart":false,"bundle_sold_individually_context":"","bundle_item_grouping":"","bundle_min_size":"","bundle_max_size":"","bundle_price":[],"bundled_items":[],"bundle_sell_ids":[],"acf":[],"_links":{"self":[{"href":"https:\/\/www.raschvin.com\/en\/wp-json\/wp\/v2\/product\/51275","targetHints":{"allow":["GET"]}}],"collection":[{"href":"https:\/\/www.raschvin.com\/en\/wp-json\/wp\/v2\/product"}],"about":[{"href":"https:\/\/www.raschvin.com\/en\/wp-json\/wp\/v2\/types\/product"}],"wp:featuredmedia":[{"embeddable":true,"href":"https:\/\/www.raschvin.com\/en\/wp-json\/wp\/v2\/media\/51362"}],"wp:attachment":[{"href":"https:\/\/www.raschvin.com\/en\/wp-json\/wp\/v2\/media?parent=51275"}],"wp:term":[{"taxonomy":"product_brand","embeddable":true,"href":"https:\/\/www.raschvin.com\/en\/wp-json\/wp\/v2\/product_brand?post=51275"},{"taxonomy":"product_cat","embeddable":true,"href":"https:\/\/www.raschvin.com\/en\/wp-json\/wp\/v2\/product_cat?post=51275"},{"taxonomy":"product_tag","embeddable":true,"href":"https:\/\/www.raschvin.com\/en\/wp-json\/wp\/v2\/product_tag?post=51275"}],"curies":[{"name":"wp","href":"https:\/\/api.w.org\/{rel}","templated":true}]}}