{"id":51268,"date":"2024-03-27T12:44:54","date_gmt":"2024-03-27T11:44:54","guid":{"rendered":"https:\/\/www.raschvin.com\/produkt\/clement-rhum-vieux-agricole-xo-70-cl-42\/"},"modified":"2024-03-27T12:44:54","modified_gmt":"2024-03-27T11:44:54","slug":"clement-rhum-vieux-agricole-xo-70-cl-42","status":"publish","type":"product","link":"https:\/\/www.raschvin.com\/en\/product\/clement-rhum-vieux-agricole-xo-70-cl-42\/","title":{"rendered":"Cl\u00e9ment Rhum Vieux Agricole XO 70 cl. 42%"},"content":{"rendered":"<p>Cl\u00e9ment XO is part of Cl\u00e9ment&#8217;s &#8220;Grand Reserve&#8221; series, which covers the distillery&#8217;s older and more exclusive bottlings. The rum bears the designation XO, which, according to Martinique&#8217;s AOC regulations, means that it has been aged for a minimum of 6 years. In this case, we are talking about both &#8220;virgin&#8221; (unused) barrels and used, re-charred barrels. The rum is of course made from fresh sugar cane juice.<\/p>\n<p>Colour: Amber<br \/>\nAroma: Ripe apples and real cinnamon are accompanied by a discreet smoky note of charred wood.<br \/>\nTasting notes: The rum is very elegant in the mouth, with notes of vanilla, licorice and white pepper.<\/p>\n<p>Serving suggestion: Should be drunk neat<\/p>\n<p>Martinique is one of the most important islands for rhum agricole \u2013 the French \u201cagricultural rum\u201d. Here you will find, among other things, the brand Rhum Cl\u00e9ment, whose classic, French-style rum is produced at Distillerie du Simon according to all the AOC regulations. This means, among other things, that it is made from fresh sugarcane juice (no molasses or syrup allowed), distilled in column stills and bottled without added sugar or &#8220;cheating&#8221; with age.<\/p>\n<p>Cl\u00e9ment&#8217;s founder, Hom\u00e9re Cl\u00e9ment, bought the plantation Domaine L&#8217;Acajou in 1887 \u2013 a time when virtually all sugarcane plantations in Martinique were ailing due to the growing dominance of beet over the sugar market. But Monsieur Cl\u00e9ment saw it as an opportunity to change focus, and he supplemented the plantation with a distillery, inspired by the French brandies he had drunk as a young student in Paris.<\/p>\n<p>Today, the range ranges from &#8220;rhum blanc&#8221; &#8211; perfect for cocktails &#8211; to old vintages and rare single casks at unusually high bottling strengths for agricole rums.<\/p>\n","protected":false},"excerpt":{"rendered":"<p>Rhum de Martinique (France)<\/p>\n","protected":false},"featured_media":51386,"template":"","meta":{"_acf_changed":false,"rs_blank_template":"","rs_page_bg_color":"","slide_template_v7":""},"product_brand":[],"product_cat":[4644,983,4633,989],"product_tag":[],"class_list":{"0":"post-51268","1":"product","2":"type-product","3":"status-publish","4":"has-post-thumbnail","6":"product_cat-agricole-en","7":"product_cat-avec-en","8":"product_cat-premium-aged-en","9":"product_cat-rom-en","10":"pa_land-martinique-en","11":"pa_procent-42-en","12":"pa_traefad-bourbon-en","13":"pa_volume-70-en-2","15":"first","16":"instock","17":"sale","18":"taxable","19":"shipping-taxable","20":"purchasable","21":"product-type-simple"},"bundled_by":[],"bundle_stock_status":"instock","bundle_stock_quantity":null,"bundle_virtual":false,"bundle_layout":"","bundle_add_to_cart_form_location":"","bundle_editable_in_cart":false,"bundle_sold_individually_context":"","bundle_item_grouping":"","bundle_min_size":"","bundle_max_size":"","bundle_price":[],"bundled_items":[],"bundle_sell_ids":[],"acf":[],"_links":{"self":[{"href":"https:\/\/www.raschvin.com\/en\/wp-json\/wp\/v2\/product\/51268","targetHints":{"allow":["GET"]}}],"collection":[{"href":"https:\/\/www.raschvin.com\/en\/wp-json\/wp\/v2\/product"}],"about":[{"href":"https:\/\/www.raschvin.com\/en\/wp-json\/wp\/v2\/types\/product"}],"wp:featuredmedia":[{"embeddable":true,"href":"https:\/\/www.raschvin.com\/en\/wp-json\/wp\/v2\/media\/51386"}],"wp:attachment":[{"href":"https:\/\/www.raschvin.com\/en\/wp-json\/wp\/v2\/media?parent=51268"}],"wp:term":[{"taxonomy":"product_brand","embeddable":true,"href":"https:\/\/www.raschvin.com\/en\/wp-json\/wp\/v2\/product_brand?post=51268"},{"taxonomy":"product_cat","embeddable":true,"href":"https:\/\/www.raschvin.com\/en\/wp-json\/wp\/v2\/product_cat?post=51268"},{"taxonomy":"product_tag","embeddable":true,"href":"https:\/\/www.raschvin.com\/en\/wp-json\/wp\/v2\/product_tag?post=51268"}],"curies":[{"name":"wp","href":"https:\/\/api.w.org\/{rel}","templated":true}]}}