{"id":51259,"date":"2024-03-27T12:14:54","date_gmt":"2024-03-27T11:14:54","guid":{"rendered":"https:\/\/www.raschvin.com\/produkt\/st-antony-weissburgunder-eco-2022-75-cl\/"},"modified":"2025-11-14T09:07:25","modified_gmt":"2025-11-14T08:07:25","slug":"st-antony-weissburgunder-eco-2022-75-cl","status":"publish","type":"product","link":"https:\/\/www.raschvin.com\/en\/product\/st-antony-weissburgunder-eco-2022-75-cl\/","title":{"rendered":"St. Antony Weissburgunder (ECO) 2024 75 cl."},"content":{"rendered":"<p>St. Antony Weissburgunder is a delicious, fresh and harmonious wine made from the Weissburgunder grape &#8211; also known by its French name Pinot Blanc. In the version here, it is bottled young, fruity, juicy and fresh. It seems slightly fuller than a basic Riesling and it is less sharp. A wine for every occasion, preferably in the sunshine or when you need a ray of sunshine.<\/p>\n<p>Colour: Greenish golden.<br \/>\nNose: Citrus, peach, elderflower, nuts and a whiff of mango.<br \/>\nTasting notes: Relatively full and soft, crisp freshness combined with a delicious fruity sweetness.<\/p>\n<p>Serving suggestions: Enjoy chilled as an aperitif or with light dishes. Good for fish, shellfish, pasta dishes, vegetables and salads.<\/p>\n<p>St. Antony has been producing wine since the end of World War I, and was officially founded in 1920 by the &#8220;Guten Hoffnungsh\u00fctte&#8221; in Rheinhessen. The first vintage was 1918. A year when Europe was in ruins. Since 1990, the small craft winery has been a member of the Verband Deutscher Pr\u00e4dikats- und Qualit\u00e4tsweing\u00fcter, and has been working with certified organic standards since 2006.<\/p>\n<p>St. Antony owns a beautiful wine landscape near the Rhine, and has 60 hectares of vineyards &#8211; primarily in Rote Hang in Nierstein. In addition to Riesling, Chardonnay and Pinot Blanc, they also grow Pinot Noir and Blaufr\u00e4nkisch.<\/p>\n","protected":false},"excerpt":{"rendered":"<p>German White Wine <\/p>\n","protected":false},"featured_media":51332,"template":"","meta":{"_acf_changed":false,"rs_blank_template":"","rs_page_bg_color":"","slide_template_v7":""},"product_brand":[],"product_cat":[2793,2789],"product_tag":[],"class_list":{"0":"post-51259","1":"product","2":"type-product","3":"status-publish","4":"has-post-thumbnail","6":"product_cat-white-wine","7":"product_cat-wine","8":"pa_aargang-2024-en","9":"pa_drue-weisser-burgunder-en","10":"pa_land-germany","11":"pa_oekologisk-yes-en","12":"pa_procent-12-en","13":"pa_producent-weingut-st-antony-en","14":"pa_region-rheinhessen-en","15":"pa_serveringstemperatur-8-10-en","16":"pa_volume-75-en","18":"first","19":"instock","20":"taxable","21":"shipping-taxable","22":"purchasable","23":"product-type-simple"},"bundled_by":["119714"],"bundle_stock_status":"instock","bundle_stock_quantity":null,"bundle_virtual":false,"bundle_layout":"","bundle_add_to_cart_form_location":"","bundle_editable_in_cart":false,"bundle_sold_individually_context":"","bundle_item_grouping":"","bundle_min_size":"","bundle_max_size":"","bundle_price":[],"bundled_items":[],"bundle_sell_ids":[],"acf":[],"_links":{"self":[{"href":"https:\/\/www.raschvin.com\/en\/wp-json\/wp\/v2\/product\/51259","targetHints":{"allow":["GET"]}}],"collection":[{"href":"https:\/\/www.raschvin.com\/en\/wp-json\/wp\/v2\/product"}],"about":[{"href":"https:\/\/www.raschvin.com\/en\/wp-json\/wp\/v2\/types\/product"}],"wp:featuredmedia":[{"embeddable":true,"href":"https:\/\/www.raschvin.com\/en\/wp-json\/wp\/v2\/media\/51332"}],"wp:attachment":[{"href":"https:\/\/www.raschvin.com\/en\/wp-json\/wp\/v2\/media?parent=51259"}],"wp:term":[{"taxonomy":"product_brand","embeddable":true,"href":"https:\/\/www.raschvin.com\/en\/wp-json\/wp\/v2\/product_brand?post=51259"},{"taxonomy":"product_cat","embeddable":true,"href":"https:\/\/www.raschvin.com\/en\/wp-json\/wp\/v2\/product_cat?post=51259"},{"taxonomy":"product_tag","embeddable":true,"href":"https:\/\/www.raschvin.com\/en\/wp-json\/wp\/v2\/product_tag?post=51259"}],"curies":[{"name":"wp","href":"https:\/\/api.w.org\/{rel}","templated":true}]}}