{"id":49624,"date":"2024-03-04T13:13:51","date_gmt":"2024-03-04T12:13:51","guid":{"rendered":"https:\/\/www.raschvin.com\/produkt\/ratzenberger-bacharacher-wolfshoehle-spaetburgunder-grosses-gewaechs-2017-75-cl\/"},"modified":"2024-05-21T16:48:15","modified_gmt":"2024-05-21T14:48:15","slug":"ratzenberger-bacharacher-wolfshoehle-spaetburgunder-grosses-gewaechs-2017-75-cl","status":"publish","type":"product","link":"https:\/\/www.raschvin.com\/en\/product\/ratzenberger-bacharacher-wolfshoehle-spaetburgunder-grosses-gewaechs-2017-75-cl\/","title":{"rendered":"Ratzenberger Bacharacher Wolfsh\u00f6hle Sp\u00e4tburgunder Grosses Gew\u00e4chs 2018 75 cl."},"content":{"rendered":"<p>The raw material for this new model from Ratzenberger comes from the Bacharacher Wolfsh\u00f6hle, which is located in the middle of the long, south-facing field that runs from Bacharach on the Rhine and up to Steeg in the side valley that faces almost perpendicular to the course of the river towards the Hunsr\u00fcck massif. Here, the soil is very nutrient-poor with deep-seated, decomposed shale. This small cuv\u00e9e is sourced from the field&#8217;s oldest Pinot vines, where pruning early in the season has reduced the harvest to promote concentration in the grapes, and consequently, the wine.<\/p>\n<p>This is intensely fruity and dense pinot fruit with youthful structure and aromas of elderberry, cranberry, cherry and a distinct geranium-herb rustic edge (from old German clones).<br \/>\nThe wine still appears very youthful and unredeemed, but give it, if necessary, a good handful of years along.<\/p>\n<p>If you drink it young, try a decanter and find the spacious burgundy glasses.<\/p>\n<p>Ratzenberger Bacharacher Wolfsh\u00f6hle Sp\u00e4tburgunder Grosses Gew\u00e4chs will go well with simmered dishes, especially the Proven\u00e7al daube or boeuf bourguignon<\/p>\n<p>Best served at room temperature, at approx. 15-16\u00b0.<\/p>\n","protected":false},"excerpt":{"rendered":"<p>Mittelrhein \u2013 Germany<\/p>\n","protected":false},"featured_media":49676,"template":"","meta":{"_acf_changed":false,"rs_blank_template":"","rs_page_bg_color":"","slide_template_v7":""},"product_brand":[],"product_cat":[2789,2799],"product_tag":[],"class_list":{"0":"post-49624","1":"product","2":"type-product","3":"status-publish","4":"has-post-thumbnail","6":"product_cat-wine","7":"product_cat-red-wine","8":"pa_aargang-2018-en","9":"pa_drue-spaetburgunder-en","10":"pa_land-germany","11":"pa_procent-13-5-en","12":"pa_producent-ratzenberger-en","13":"pa_region-mittelrhein-en","14":"pa_serveringstemperatur-15-16-en","15":"pa_volume-75-en","17":"first","18":"instock","19":"taxable","20":"shipping-taxable","21":"purchasable","22":"product-type-simple"},"bundled_by":[],"bundle_stock_status":"instock","bundle_stock_quantity":null,"bundle_virtual":false,"bundle_layout":"","bundle_add_to_cart_form_location":"","bundle_editable_in_cart":false,"bundle_sold_individually_context":"","bundle_item_grouping":"","bundle_min_size":"","bundle_max_size":"","bundle_price":[],"bundled_items":[],"bundle_sell_ids":[],"acf":[],"_links":{"self":[{"href":"https:\/\/www.raschvin.com\/en\/wp-json\/wp\/v2\/product\/49624","targetHints":{"allow":["GET"]}}],"collection":[{"href":"https:\/\/www.raschvin.com\/en\/wp-json\/wp\/v2\/product"}],"about":[{"href":"https:\/\/www.raschvin.com\/en\/wp-json\/wp\/v2\/types\/product"}],"wp:featuredmedia":[{"embeddable":true,"href":"https:\/\/www.raschvin.com\/en\/wp-json\/wp\/v2\/media\/49676"}],"wp:attachment":[{"href":"https:\/\/www.raschvin.com\/en\/wp-json\/wp\/v2\/media?parent=49624"}],"wp:term":[{"taxonomy":"product_brand","embeddable":true,"href":"https:\/\/www.raschvin.com\/en\/wp-json\/wp\/v2\/product_brand?post=49624"},{"taxonomy":"product_cat","embeddable":true,"href":"https:\/\/www.raschvin.com\/en\/wp-json\/wp\/v2\/product_cat?post=49624"},{"taxonomy":"product_tag","embeddable":true,"href":"https:\/\/www.raschvin.com\/en\/wp-json\/wp\/v2\/product_tag?post=49624"}],"curies":[{"name":"wp","href":"https:\/\/api.w.org\/{rel}","templated":true}]}}