{"id":49258,"date":"2024-02-27T12:56:09","date_gmt":"2024-02-27T11:56:09","guid":{"rendered":"https:\/\/www.raschvin.com\/produkt\/chateau-suduiraut-blanc-sec-de-suduiraut-2020-75-cl\/"},"modified":"2026-01-21T14:27:40","modified_gmt":"2026-01-21T13:27:40","slug":"chateau-suduiraut-blanc-sec-de-suduiraut-2020-75-cl","status":"publish","type":"product","link":"https:\/\/www.raschvin.com\/en\/product\/chateau-suduiraut-blanc-sec-de-suduiraut-2020-75-cl\/","title":{"rendered":"Lions de Suduiraut Bordeaux Blanc Sec 2023 75 cl."},"content":{"rendered":"<p>It has a pleasant intense aroma of white fruits, spices and a touch of hazelnuts. It has a creamy structure, clean lines and a fresh taste that highlights aromas of pears and apples, as well as notes of citrus fruits such as lime and grapefruit.<\/p>\n<p>Another AXA Mill\u00e9sime possession. Ch\u00e2teau Suduiraut was acquired in 1992 and after the takeover the ch\u00e2teau has been brought forward among the leading 1er Crus in Sauternes. It may just be mentioned that AXA Mill\u00e9simes today i.a. count Ch\u00e2teau Pichon Longueville Baron, Ch\u00e2teau Pibran and Quinta do Noval. As a curiosity, it can be mentioned that AXA Mill\u00e9simes, in the effort to re-position Ch\u00e2teau Suduiraut in Sauternes&#8217; hierarchy, after the purchase decided not to release either the 1991, 1992 or 1993 vintages for sale, since these did not meet the ch\u00e2teau&#8217;s new standards. An extremely expensive and ambitious decision, which should send a signal to the market about the new times in the property.<\/p>\n<p>Ch\u00e2teau Suduiraut, whose 90 hectares of vineyards adjoin Ch\u00e2teau d&#8217;Yquem&#8217;s northern side, today offers some of the best in Sauternes.<\/p>\n<p>When young, Blanc Sec de Suduiraut offers immediate pleasure. The wine&#8217;s bright aromatic expression makes it an ideal wine to enjoy in its youth, compared to S de Suduiraut Vieilles Vignes, which is produced from grapes from older vines. Blanc Sec de Suduiraut is produced from grapes from a specific plot in Ch\u00e2teau Suduiraut&#8217;s vineyards, primarily planted with S\u00e9millon vines. The fine gravel and sandy terroir produces fruit aromas and a beautiful freshness to the wine.<\/p>\n<p>Grape varieties<br \/>\n54% S\u00e9millon and 46% Sauvignon Blanc.<\/p>\n<p>Storage<br \/>\nStored for 6 months. 75% in tanks and 25% in French oak barrels (30% new).<\/p>\n<p>Can be recommended for<br \/>\nShellfish, fish, poultry, pasta and vegetables.<\/p>\n<p>Reviews<br \/>\nYear 2020:<br \/>\n93 points \/ Decanter.<br \/>\n91 points \/ Vinous.<br \/>\n89-91 \/ Wine Advocate.<br \/>\nYear 2019:<br \/>\n16 points \/ Jancis Robinson.<br \/>\n92 points \/ Vinous.<\/p>\n","protected":false},"excerpt":{"rendered":"<p>Ch\u00e2teau Suduiraut &#8211; Bordeaux<\/p>\n","protected":false},"featured_media":113701,"template":"","meta":{"_acf_changed":false,"rs_blank_template":"","rs_page_bg_color":"","slide_template_v7":""},"product_brand":[],"product_cat":[2789,2793],"product_tag":[],"class_list":{"0":"post-49258","1":"product","2":"type-product","3":"status-publish","4":"has-post-thumbnail","6":"product_cat-wine","7":"product_cat-white-wine","8":"pa_aargang-2023-en","9":"pa_drue-sauvignon-blanc-en","10":"pa_drue-semillon-en","11":"pa_land-france","12":"pa_procent-13-en","13":"pa_producent-chateau-suduiraut-en","14":"pa_region-bordeaux-en","15":"pa_serveringstemperatur-12-14-en","16":"pa_volume-75-en","18":"first","19":"instock","20":"taxable","21":"shipping-taxable","22":"purchasable","23":"product-type-simple"},"bundled_by":[],"bundle_stock_status":"instock","bundle_stock_quantity":null,"bundle_virtual":false,"bundle_layout":"","bundle_add_to_cart_form_location":"","bundle_editable_in_cart":false,"bundle_sold_individually_context":"","bundle_item_grouping":"","bundle_min_size":"","bundle_max_size":"","bundle_price":[],"bundled_items":[],"bundle_sell_ids":[],"acf":[],"_links":{"self":[{"href":"https:\/\/www.raschvin.com\/en\/wp-json\/wp\/v2\/product\/49258","targetHints":{"allow":["GET"]}}],"collection":[{"href":"https:\/\/www.raschvin.com\/en\/wp-json\/wp\/v2\/product"}],"about":[{"href":"https:\/\/www.raschvin.com\/en\/wp-json\/wp\/v2\/types\/product"}],"wp:featuredmedia":[{"embeddable":true,"href":"https:\/\/www.raschvin.com\/en\/wp-json\/wp\/v2\/media\/113701"}],"wp:attachment":[{"href":"https:\/\/www.raschvin.com\/en\/wp-json\/wp\/v2\/media?parent=49258"}],"wp:term":[{"taxonomy":"product_brand","embeddable":true,"href":"https:\/\/www.raschvin.com\/en\/wp-json\/wp\/v2\/product_brand?post=49258"},{"taxonomy":"product_cat","embeddable":true,"href":"https:\/\/www.raschvin.com\/en\/wp-json\/wp\/v2\/product_cat?post=49258"},{"taxonomy":"product_tag","embeddable":true,"href":"https:\/\/www.raschvin.com\/en\/wp-json\/wp\/v2\/product_tag?post=49258"}],"curies":[{"name":"wp","href":"https:\/\/api.w.org\/{rel}","templated":true}]}}