{"id":47916,"date":"2024-02-08T14:05:54","date_gmt":"2024-02-08T13:05:54","guid":{"rendered":"https:\/\/www.raschvin.com\/produkt\/ximenez-spinola-px-vintage-2021-375-cl\/"},"modified":"2025-08-28T09:55:22","modified_gmt":"2025-08-28T07:55:22","slug":"ximenez-spinola-px-vintage-2021-375-cl","status":"publish","type":"product","link":"https:\/\/www.raschvin.com\/en\/product\/ximenez-spinola-px-vintage-2021-375-cl\/","title":{"rendered":"Ximenez-Spinola PX Vintage 2023 37,5 cl."},"content":{"rendered":"<p>After harvesting, the grapes are dried outside in the sun for at least three weeks. The 1000 kilos of grapes become only 200 kilos of really concentrated must, which is mixed with less dehydrated grapes in the vineyard. The wine is then fermented in American oak to reach only 12% alcohol. A fantastic, sweet wine that works perfectly with dark chocolate.<\/p>\n<p>Beautiful amber color in the glass and with an intense aroma of ripe grapes and raisins. Fresh and velvety taste with flavors of dates, figs and raisins in a wonderful, very authentic southern Spanish delight.<\/p>\n<p>About Bodegas Xim\u00e9nez-Sp\u00ednola<br \/>\nFounded in 1729 by Phelipe Zarzana Spinola, the Xim\u00e9nez-Sp\u00ednola winery was dedicated from the outset to exclusively producing Pedro Ximenez. At the time, the winery bottled the wine under the name Zarzana Sp\u00ednola, but as this name was something of a challenge, not to mention impossible to pronounce in English, a large English customer demanded that this be changed to Xim\u00e9nez-Sp\u00ednola, which was subsequently have done.<\/p>\n<p>Today, wines are still made exclusively at Pedro Xim\u00e9nez, and although they are extremely traditional in their vinification, they try to experiment with the type of grape, so that they do not only make sherry. One example is Late Harvest, which is the only one of its kind in the district.<\/p>\n<p>It was Phelipe Zarzana Sp\u00ednola who in 1729 founded Zarzana-Sp\u00ednola, which today is known as Xim\u00e9nez-Sp\u00ednola, with the aim of exclusively cultivating Pedro Xim\u00e9nez. To this day, only the Pedro-Xim\u00e9nez grape is produced at Xim\u00e9nez-Sp\u00ednola, and the wine is aged in 500-liter oak barrels, also known as Jerez export barrels. However, Xim\u00e9nez-Sp\u00ednola also implements new measures, e.g. they are the only ones in their district to try a Late Harvest in addition to the traditional sherry.<\/p>\n","protected":false},"excerpt":{"rendered":"<p>Spanish Sweet Dessert Wine<\/p>\n","protected":false},"featured_media":47988,"template":"","meta":{"_acf_changed":false,"rs_blank_template":"","rs_page_bg_color":"","slide_template_v7":""},"product_brand":[],"product_cat":[2789,2791],"product_tag":[],"class_list":{"0":"post-47916","1":"product","2":"type-product","3":"status-publish","4":"has-post-thumbnail","6":"product_cat-wine","7":"product_cat-dessert-wine","8":"pa_land-spain","9":"pa_procent-12-en","10":"pa_producent-bodegas-ximenez-spinola-en","11":"pa_region-jerez-en","12":"pa_vintage-2023-en","13":"pa_volume-37-5-en","15":"first","16":"instock","17":"sale","18":"taxable","19":"shipping-taxable","20":"purchasable","21":"product-type-simple"},"bundled_by":[],"bundle_stock_status":"instock","bundle_stock_quantity":null,"bundle_virtual":false,"bundle_layout":"","bundle_add_to_cart_form_location":"","bundle_editable_in_cart":false,"bundle_sold_individually_context":"","bundle_item_grouping":"","bundle_min_size":"","bundle_max_size":"","bundle_price":[],"bundled_items":[],"bundle_sell_ids":[],"acf":[],"_links":{"self":[{"href":"https:\/\/www.raschvin.com\/en\/wp-json\/wp\/v2\/product\/47916","targetHints":{"allow":["GET"]}}],"collection":[{"href":"https:\/\/www.raschvin.com\/en\/wp-json\/wp\/v2\/product"}],"about":[{"href":"https:\/\/www.raschvin.com\/en\/wp-json\/wp\/v2\/types\/product"}],"wp:featuredmedia":[{"embeddable":true,"href":"https:\/\/www.raschvin.com\/en\/wp-json\/wp\/v2\/media\/47988"}],"wp:attachment":[{"href":"https:\/\/www.raschvin.com\/en\/wp-json\/wp\/v2\/media?parent=47916"}],"wp:term":[{"taxonomy":"product_brand","embeddable":true,"href":"https:\/\/www.raschvin.com\/en\/wp-json\/wp\/v2\/product_brand?post=47916"},{"taxonomy":"product_cat","embeddable":true,"href":"https:\/\/www.raschvin.com\/en\/wp-json\/wp\/v2\/product_cat?post=47916"},{"taxonomy":"product_tag","embeddable":true,"href":"https:\/\/www.raschvin.com\/en\/wp-json\/wp\/v2\/product_tag?post=47916"}],"curies":[{"name":"wp","href":"https:\/\/api.w.org\/{rel}","templated":true}]}}