{"id":47913,"date":"2024-02-08T13:47:17","date_gmt":"2024-02-08T12:47:17","guid":{"rendered":"https:\/\/www.raschvin.com\/produkt\/dourthe-grands-terroirs-sauternes-2022-75-cl\/"},"modified":"2024-02-08T13:47:17","modified_gmt":"2024-02-08T12:47:17","slug":"dourthe-grands-terroirs-sauternes-2022-75-cl","status":"publish","type":"product","link":"https:\/\/www.raschvin.com\/en\/product\/dourthe-grands-terroirs-sauternes-2022-75-cl\/","title":{"rendered":"Dourthe Grands Terroirs Sauternes 2022 75 cl."},"content":{"rendered":"<p>The Dourthe &#8220;Grands Terroirs&#8221; series brings together a number of Bordeaux wines that are very typical of each appellation they come from. In each district, grapes are sourced from top parcels, selected for their quality. Douthes Sauternes is composed of approx. 45% S\u00e9millon, 35% Sauvignon Blanc and 20% Muscadelle.<\/p>\n<p>The grapes are hand-picked when they are optimally attacked by &#8220;botrytis&#8221; (the noble rot). Fermentation takes place separately as the grapes from the different parcels enter the cellar. The wine is put together and matures in tanks for 4-6 months, depending on the vintage. The wine is bottled in its youth and continues its development in the bottle, as a Sauternes should do.<\/p>\n<p>20% Muscadelle 35% Sauvignon Blanc 45% S\u00e9millon<\/p>\n<p>There are complex notes of pickled fruit, acacia and honey in both aroma and taste. The taste is very rounded, with good velor and intense fruit and at the same time very meaty. It ends fresh and delicate. A very delicious and complex Sauternes. Serve it with foie gras, blue cheese, desserts with chocolate, fruit tarts (apricot, peaches), souffl\u00e9s with vanilla&#8230;<\/p>\n<p>The Dourthe winery was founded in 1840 by Pierre Dourthe, and several generations in the same family have since followed each other. The company&#8217;s portfolio of ch\u00e2teaux in Bordeaux is today among the most distinguished in the district, and it is also behind one of the most successful wine ranges in Bordeaux: Dourthe N\u00b01. The development has taken place step by step \u2013 both the expansion of the number of castles and the entire cultivation and technical part. Dourthe today has state-of-the-art facilities and a highly professional staff, which together guarantee wines that are of high quality in every way.<\/p>\n<p>In 2007, it was decided to join the family company Champagne Alain Thi\u00e9not, which brought three more Bordeaux ch\u00e2teaux into the fold, including among others Ch\u00e2teau Rahoul, Graves. Of other castles that the company currently has at its disposal, i.a. mention is made of Ch\u00e2teau Belgrave, 5th Grand Cru Class\u00e9, Haut-M\u00e9doc and Ch\u00e2teau Pey la Tour, Bordeaux Sup\u00e9rieur.<br \/>\nToday, Dourthe has no less than 8 castles and 500 ha. vineyards in Bordeaux, and the company&#8217;s overall goal is to produce genuine quality wines that best reflect both the impressive diversity and the local &#8220;terroirs&#8221; in Bordeaux.<\/p>\n","protected":false},"excerpt":{"rendered":"<p>Vin de Bordeaux<\/p>\n","protected":false},"featured_media":48009,"template":"","meta":{"_acf_changed":false,"rs_blank_template":"","rs_page_bg_color":"","slide_template_v7":""},"product_brand":[],"product_cat":[2789,2791],"product_tag":[],"class_list":{"0":"post-47913","1":"product","2":"type-product","3":"status-publish","4":"has-post-thumbnail","6":"product_cat-wine","7":"product_cat-dessert-wine","8":"pa_aargang-2022-en","9":"pa_drue-sauvignon-blanc-en","10":"pa_drue-semillon-en","11":"pa_drue-muscadelle-en","12":"pa_land-france","13":"pa_procent-13-en","14":"pa_producent-cvbg-dourthe-en","15":"pa_region-bordeaux-en","16":"pa_serveringstemperatur-8-10-en","17":"pa_volume-75-en","19":"first","20":"instock","21":"sale","22":"taxable","23":"shipping-taxable","24":"purchasable","25":"product-type-simple"},"bundled_by":[],"bundle_stock_status":"instock","bundle_stock_quantity":null,"bundle_virtual":false,"bundle_layout":"","bundle_add_to_cart_form_location":"","bundle_editable_in_cart":false,"bundle_sold_individually_context":"","bundle_item_grouping":"","bundle_min_size":"","bundle_max_size":"","bundle_price":[],"bundled_items":[],"bundle_sell_ids":[],"acf":[],"_links":{"self":[{"href":"https:\/\/www.raschvin.com\/en\/wp-json\/wp\/v2\/product\/47913","targetHints":{"allow":["GET"]}}],"collection":[{"href":"https:\/\/www.raschvin.com\/en\/wp-json\/wp\/v2\/product"}],"about":[{"href":"https:\/\/www.raschvin.com\/en\/wp-json\/wp\/v2\/types\/product"}],"wp:featuredmedia":[{"embeddable":true,"href":"https:\/\/www.raschvin.com\/en\/wp-json\/wp\/v2\/media\/48009"}],"wp:attachment":[{"href":"https:\/\/www.raschvin.com\/en\/wp-json\/wp\/v2\/media?parent=47913"}],"wp:term":[{"taxonomy":"product_brand","embeddable":true,"href":"https:\/\/www.raschvin.com\/en\/wp-json\/wp\/v2\/product_brand?post=47913"},{"taxonomy":"product_cat","embeddable":true,"href":"https:\/\/www.raschvin.com\/en\/wp-json\/wp\/v2\/product_cat?post=47913"},{"taxonomy":"product_tag","embeddable":true,"href":"https:\/\/www.raschvin.com\/en\/wp-json\/wp\/v2\/product_tag?post=47913"}],"curies":[{"name":"wp","href":"https:\/\/api.w.org\/{rel}","templated":true}]}}