{"id":47896,"date":"2024-02-08T12:32:30","date_gmt":"2024-02-08T11:32:30","guid":{"rendered":"https:\/\/www.raschvin.com\/produkt\/chateau-lafon-sauternes-2020-aop-75-cl\/"},"modified":"2026-04-29T07:44:30","modified_gmt":"2026-04-29T05:44:30","slug":"chateau-lafon-sauternes-2020-aop-75-cl","status":"publish","type":"product","link":"https:\/\/www.raschvin.com\/en\/product\/chateau-lafon-sauternes-2020-aop-75-cl\/","title":{"rendered":"Ch\u00e2teau Lafon Sauternes 2023 AOP 75 cl."},"content":{"rendered":"<p>Ch\u00e2teau Lafon is located just a few meters from the world-famous Ch\u00e2teau d&#8217;Yquem, and is surrounded on all sides by vineyards that belong precisely to Ch\u00e2teau d&#8217;Yquem. These are not entirely bad prerequisites for making excellent Sauternes yourself, and it is probably not wrong to think that Ch\u00e2teau Lafon creates some of the world&#8217;s best wine for the price.<\/p>\n<p>Ch\u00e2teau Lafon has been run by the same family for four generations with great love for the sweet white wine. The unique terroir is shared with famous neighbors such as Ch\u00e2teau Suduiraut, Lafaury Peyraguey, Rayne Vigneau and of course Ch\u00e2teau d&#8217;Yquem. The vines on Ch\u00e2teau Lafon&#8217;s 12-hectare property are, like their neighbours, on prime terroir with gravelly hilltops on a clay subsoil in the communes of Fargues, Bommes, Preignac and Sauternes.<\/p>\n<p>Ch\u00e2teau Lafon is blessed with vines that are over 50 years old. According to local historical sources, the Lafon family had always owned the grounds and decided to build a castle on them in 1867. During the hard times of the Depression, it was sold to the Dufour family, who now in the fourth generation maintain the castle&#8217;s independence, while most of the neighbors are owned by multinationals companies.<br \/>\nLafon&#8217;s 12 hectares of vineyards consist of 98% Semillon and 2% Sauvignon Blanc planted on gravelly ridges with a limestone subsoil. Up to six harvests are carried out by hand to select only the best, botrytized grapes.<\/p>\n<p>At Lafon, a modern approach is combined with vinification in stainless steel vats, fermentation at low temperatures and classic traditions with aging in oak barrels.<\/p>\n<p>And here we are talking about a fantastically beautiful and classic Sauternes for the price. It is intense and sweet with enormous storage potential. It has a scent of honey, apricots and hazelnuts with fine notes of acacia and candied fruits.<\/p>\n","protected":false},"excerpt":{"rendered":"<p>Vin de Bordeaux<\/p>\n","protected":false},"featured_media":48068,"template":"","meta":{"_acf_changed":false,"rs_blank_template":"","rs_page_bg_color":"","slide_template_v7":""},"product_brand":[],"product_cat":[2789,2791],"product_tag":[],"class_list":{"0":"post-47896","1":"product","2":"type-product","3":"status-publish","4":"has-post-thumbnail","6":"product_cat-wine","7":"product_cat-dessert-wine","8":"pa_aargang-2023-en","9":"pa_drue-sauvignon-blanc-en","10":"pa_drue-semillon-en","11":"pa_land-france","12":"pa_procent-13-5-en","13":"pa_producent-chateau-lafon-en","14":"pa_region-bordeaux-en","15":"pa_serveringstemperatur-8-10-en","16":"pa_volume-75-en","18":"first","19":"instock","20":"taxable","21":"shipping-taxable","22":"purchasable","23":"product-type-simple"},"bundled_by":[],"bundle_stock_status":"instock","bundle_stock_quantity":null,"bundle_virtual":false,"bundle_layout":"","bundle_add_to_cart_form_location":"","bundle_editable_in_cart":false,"bundle_sold_individually_context":"","bundle_item_grouping":"","bundle_min_size":"","bundle_max_size":"","bundle_price":[],"bundled_items":[],"bundle_sell_ids":[],"acf":[],"_links":{"self":[{"href":"https:\/\/www.raschvin.com\/en\/wp-json\/wp\/v2\/product\/47896","targetHints":{"allow":["GET"]}}],"collection":[{"href":"https:\/\/www.raschvin.com\/en\/wp-json\/wp\/v2\/product"}],"about":[{"href":"https:\/\/www.raschvin.com\/en\/wp-json\/wp\/v2\/types\/product"}],"wp:featuredmedia":[{"embeddable":true,"href":"https:\/\/www.raschvin.com\/en\/wp-json\/wp\/v2\/media\/48068"}],"wp:attachment":[{"href":"https:\/\/www.raschvin.com\/en\/wp-json\/wp\/v2\/media?parent=47896"}],"wp:term":[{"taxonomy":"product_brand","embeddable":true,"href":"https:\/\/www.raschvin.com\/en\/wp-json\/wp\/v2\/product_brand?post=47896"},{"taxonomy":"product_cat","embeddable":true,"href":"https:\/\/www.raschvin.com\/en\/wp-json\/wp\/v2\/product_cat?post=47896"},{"taxonomy":"product_tag","embeddable":true,"href":"https:\/\/www.raschvin.com\/en\/wp-json\/wp\/v2\/product_tag?post=47896"}],"curies":[{"name":"wp","href":"https:\/\/api.w.org\/{rel}","templated":true}]}}