{"id":47192,"date":"2024-01-27T08:47:13","date_gmt":"2024-01-27T07:47:13","guid":{"rendered":"https:\/\/www.raschvin.com\/produkt\/quinta-do-portal-colheita-2014-port-70-cl-20\/"},"modified":"2024-01-27T08:47:13","modified_gmt":"2024-01-27T07:47:13","slug":"quinta-do-portal-colheita-2014-port-70-cl-20","status":"publish","type":"product","link":"https:\/\/www.raschvin.com\/en\/product\/quinta-do-portal-colheita-2014-port-70-cl-20\/","title":{"rendered":"Quinta do Portal \u2013 Colheita 2014 Port 70 cl. 20%"},"content":{"rendered":"<p>Colheita is the lesser-known vintage port from the tawny family, which &#8211; unlike vintage port &#8211; must be aged oxidatively for at least 7 years in wooden casks before it can be released.<br \/>\nHere you have a tawny that exhibits the characteristics of the harvest year, which you do not see in the blended port wines with an age indication, which are rather a calling card for a given house&#8217;s style. But since Quinta do Portal makes wines from grapes from its own fields, there is a common thread that runs through all their tawnies.<br \/>\nHouses that buy wine on the market and store it themselves or sell it immediately, will not be able to achieve a house style within tawny, as the origin of the wines can be very different.<\/p>\n<p>After fermentation, Quinta do Portal Colheita 2014 is aged in old oak barrels (approx. 600 litres) in Quinta do Portal&#8217;s deep cellar in Celeir\u00f3s, where after 8 years of aging the wine has lost a lot of colour, fruitiness and tannic acid, and is thus now ready to drink.<\/p>\n<p>This is liquid brown sugar, nuts, orange peel, creamy vanilla and pickled figs with great intensity and irresistible springiness. Great concentration and velvety fruit go hand in hand, and this is a wine that is exceptionally hard to be mad at!<\/p>\n<p>This colheita is lovely on its own or with well-aged Emmentaler, Gruy\u00e8re or Comt\u00e9, preferably with toasted rye bread, pickled prunes, nuts or figs. A dessert with nuts in the main role or cr\u00e8me caramel is also a good accompaniment.<\/p>\n<p>Remember to enjoy the wine in spacious glasses, so that you also get the scent experience. We recommend a serving temperature of 12-17\u00b0.<\/p>\n","protected":false},"excerpt":{"rendered":"<p>Douro Valley Port \u2013 Portugal<\/p>\n","protected":false},"featured_media":47211,"template":"","meta":{"_acf_changed":false,"rs_blank_template":"","rs_page_bg_color":"","slide_template_v7":""},"product_brand":[],"product_cat":[4736,2773,2764],"product_tag":[],"class_list":{"0":"post-47192","1":"product","2":"type-product","3":"status-publish","4":"has-post-thumbnail","6":"product_cat-colheita-en","7":"product_cat-port-wine","8":"product_cat-liqueurwine","9":"pa_aargang-2014-en","10":"pa_land-portugal-en","11":"pa_procent-20-en","12":"pa_producent-quinta-do-portal-en","13":"pa_region-douro-en","14":"pa_serveringstemperatur-12-17-en","15":"pa_volume-75-en","17":"first","18":"instock","19":"sale","20":"taxable","21":"shipping-taxable","22":"purchasable","23":"product-type-simple"},"bundled_by":[],"bundle_stock_status":"instock","bundle_stock_quantity":null,"bundle_virtual":false,"bundle_layout":"","bundle_add_to_cart_form_location":"","bundle_editable_in_cart":false,"bundle_sold_individually_context":"","bundle_item_grouping":"","bundle_min_size":"","bundle_max_size":"","bundle_price":[],"bundled_items":[],"bundle_sell_ids":[],"acf":[],"_links":{"self":[{"href":"https:\/\/www.raschvin.com\/en\/wp-json\/wp\/v2\/product\/47192","targetHints":{"allow":["GET"]}}],"collection":[{"href":"https:\/\/www.raschvin.com\/en\/wp-json\/wp\/v2\/product"}],"about":[{"href":"https:\/\/www.raschvin.com\/en\/wp-json\/wp\/v2\/types\/product"}],"wp:featuredmedia":[{"embeddable":true,"href":"https:\/\/www.raschvin.com\/en\/wp-json\/wp\/v2\/media\/47211"}],"wp:attachment":[{"href":"https:\/\/www.raschvin.com\/en\/wp-json\/wp\/v2\/media?parent=47192"}],"wp:term":[{"taxonomy":"product_brand","embeddable":true,"href":"https:\/\/www.raschvin.com\/en\/wp-json\/wp\/v2\/product_brand?post=47192"},{"taxonomy":"product_cat","embeddable":true,"href":"https:\/\/www.raschvin.com\/en\/wp-json\/wp\/v2\/product_cat?post=47192"},{"taxonomy":"product_tag","embeddable":true,"href":"https:\/\/www.raschvin.com\/en\/wp-json\/wp\/v2\/product_tag?post=47192"}],"curies":[{"name":"wp","href":"https:\/\/api.w.org\/{rel}","templated":true}]}}